{"id":759,"date":"2023-11-04T11:40:22","date_gmt":"2023-11-04T10:40:22","guid":{"rendered":"https:\/\/www.planen-streib.com\/web\/?page_id=759"},"modified":"2023-11-14T12:47:28","modified_gmt":"2023-11-14T11:47:28","slug":"sonderplanen","status":"publish","type":"page","link":"https:\/\/www.planen-streib.de\/web\/index.php\/sonderplanen\/","title":{"rendered":"Sonderplanen"},"content":{"rendered":"\t\t<div data-elementor-type=\"wp-page\" data-elementor-id=\"759\" class=\"elementor elementor-759\" data-elementor-post-type=\"page\">\n\t\t\t\t\t\t<section class=\"elementor-section elementor-top-section elementor-element elementor-element-1c4d469 elementor-section-boxed elementor-section-height-default elementor-section-height-default\" data-id=\"1c4d469\" data-element_type=\"section\" data-e-type=\"section\">\n\t\t\t\t\t\t<div class=\"elementor-container elementor-column-gap-default\">\n\t\t\t\t\t<div class=\"elementor-column elementor-col-100 elementor-top-column elementor-element elementor-element-e2bc5b8\" data-id=\"e2bc5b8\" data-element_type=\"column\" data-e-type=\"column\">\n\t\t\t<div class=\"elementor-widget-wrap elementor-element-populated\">\n\t\t\t\t\t\t<div class=\"elementor-element elementor-element-895dc57 elementor-widget elementor-widget-heading\" data-id=\"895dc57\" data-element_type=\"widget\" data-e-type=\"widget\" data-widget_type=\"heading.default\">\n\t\t\t\t<div class=\"elementor-widget-container\">\n\t\t\t\t\t<h2 class=\"elementor-heading-title elementor-size-default\">Sonderplanen f\u00fcr jedes Ihrer Vorhaben<\/h2>\t\t\t\t<\/div>\n\t\t\t\t<\/div>\n\t\t\t\t\t<\/div>\n\t\t<\/div>\n\t\t\t\t\t<\/div>\n\t\t<\/section>\n\t\t\t\t<section class=\"elementor-section elementor-top-section elementor-element elementor-element-9908598 elementor-section-boxed elementor-section-height-default elementor-section-height-default\" data-id=\"9908598\" data-element_type=\"section\" data-e-type=\"section\">\n\t\t\t\t\t\t<div class=\"elementor-container elementor-column-gap-default\">\n\t\t\t\t\t<div class=\"elementor-column elementor-col-50 elementor-top-column elementor-element elementor-element-7e4396d\" data-id=\"7e4396d\" data-element_type=\"column\" data-e-type=\"column\">\n\t\t\t<div class=\"elementor-widget-wrap elementor-element-populated\">\n\t\t\t\t\t\t<div class=\"elementor-element elementor-element-6967778 elementor-widget elementor-widget-text-editor\" data-id=\"6967778\" data-element_type=\"widget\" data-e-type=\"widget\" data-widget_type=\"text-editor.default\">\n\t\t\t\t<div class=\"elementor-widget-container\">\n\t\t\t\t\t\t\t\t\t<p>Unsere technischen Textilien k\u00f6nnen f\u00fcr die unterschiedlichsten Einsatzm\u00f6glichkeiten verwendet werden. Mit unserem CAD-gesteuerten Cutter sind viele verschiedene Formen und Ausf\u00fchrungen m\u00f6glich.<\/p>\t\t\t\t\t\t\t\t<\/div>\n\t\t\t\t<\/div>\n\t\t\t\t\t<\/div>\n\t\t<\/div>\n\t\t\t\t<div class=\"elementor-column elementor-col-50 elementor-top-column elementor-element elementor-element-ad926be\" data-id=\"ad926be\" data-element_type=\"column\" data-e-type=\"column\">\n\t\t\t<div class=\"elementor-widget-wrap elementor-element-populated\">\n\t\t\t\t\t\t<div class=\"elementor-element elementor-element-489cd82 elementor-widget elementor-widget-text-editor\" data-id=\"489cd82\" data-element_type=\"widget\" data-e-type=\"widget\" data-widget_type=\"text-editor.default\">\n\t\t\t\t<div class=\"elementor-widget-container\">\n\t\t\t\t\t\t\t\t\t<p>Auf Kundenwunsch fertigen wir auch jegliche Sonderplanen, beginnend von Planen f\u00fcr Weinberg-Besichtigungs-Anh\u00e4ngern, Einlegeplanen f\u00fcr landwirtschaftliche Anh\u00e4nger zur Weintrauben-Ernte (aus lebensmittelechtem Planenstoff), kleinen Zeltplanen, Pavillond\u00e4chern, Vorh\u00e4nge f\u00fcr Terrassenbereiche, Vorh\u00e4nge f\u00fcr die Industrie, Pergola-Seitenplanen sowie Planen f\u00fcr verschiedene Verkaufsst\u00e4nde.<\/p>\t\t\t\t\t\t\t\t<\/div>\n\t\t\t\t<\/div>\n\t\t\t\t\t<\/div>\n\t\t<\/div>\n\t\t\t\t\t<\/div>\n\t\t<\/section>\n\t\t\t\t<section class=\"elementor-section elementor-top-section elementor-element elementor-element-6441cc4 elementor-section-boxed elementor-section-height-default elementor-section-height-default\" data-id=\"6441cc4\" data-element_type=\"section\" data-e-type=\"section\">\n\t\t\t\t\t\t<div class=\"elementor-container elementor-column-gap-default\">\n\t\t\t\t\t<div class=\"elementor-column elementor-col-100 elementor-top-column elementor-element elementor-element-732959a\" data-id=\"732959a\" data-element_type=\"column\" data-e-type=\"column\">\n\t\t\t<div class=\"elementor-widget-wrap elementor-element-populated\">\n\t\t\t\t\t\t<div class=\"elementor-element elementor-element-aee834a elementor-widget elementor-widget-gallery\" data-id=\"aee834a\" data-element_type=\"widget\" data-e-type=\"widget\" data-settings=\"{&quot;overlay_title&quot;:&quot;title&quot;,&quot;lazyload&quot;:&quot;yes&quot;,&quot;gallery_layout&quot;:&quot;grid&quot;,&quot;columns&quot;:4,&quot;columns_tablet&quot;:2,&quot;columns_mobile&quot;:1,&quot;gap&quot;:{&quot;unit&quot;:&quot;px&quot;,&quot;size&quot;:10,&quot;sizes&quot;:[]},&quot;gap_tablet&quot;:{&quot;unit&quot;:&quot;px&quot;,&quot;size&quot;:10,&quot;sizes&quot;:[]},&quot;gap_mobile&quot;:{&quot;unit&quot;:&quot;px&quot;,&quot;size&quot;:10,&quot;sizes&quot;:[]},&quot;link_to&quot;:&quot;file&quot;,&quot;aspect_ratio&quot;:&quot;3:2&quot;,&quot;overlay_background&quot;:&quot;yes&quot;,&quot;content_hover_animation&quot;:&quot;fade-in&quot;}\" data-widget_type=\"gallery.default\">\n\t\t\t\t<div class=\"elementor-widget-container\">\n\t\t\t\t\t\t\t<div class=\"elementor-gallery__container\">\n\t\t\t\t\t\t\t<a class=\"e-gallery-item elementor-gallery-item elementor-animated-content\" href=\"https:\/\/www.planen-streib.de\/web\/wp-content\/uploads\/2023\/11\/15052009052-scaled.jpg\" data-elementor-open-lightbox=\"yes\" data-elementor-lightbox-slideshow=\"aee834a\" data-e-action-hash=\"#elementor-action%3Aaction%3Dlightbox%26settings%3DeyJpZCI6MzgzMywidXJsIjoiaHR0cHM6XC9cL3d3dy5wbGFuZW4tc3RyZWliLmRlXC93ZWJcL3dwLWNvbnRlbnRcL3VwbG9hZHNcLzIwMjNcLzExXC8xNTA1MjAwOTA1Mi1zY2FsZWQuanBnIiwic2xpZGVzaG93IjoiYWVlODM0YSJ9\">\n\t\t\t\t\t<div class=\"e-gallery-image elementor-gallery-item__image\" data-thumbnail=\"https:\/\/www.planen-streib.de\/web\/wp-content\/uploads\/2023\/11\/15052009052-300x225.jpg\" data-width=\"300\" data-height=\"225\" aria-label=\"\" role=\"img\" ><\/div>\n\t\t\t\t\t\t\t\t\t\t\t<div class=\"elementor-gallery-item__overlay\"><\/div>\n\t\t\t\t\t\t\t\t\t\t\t\t\t\t\t<div class=\"elementor-gallery-item__content\">\n\t\t\t\t\t\t\t\t\t\t\t<\/div>\n\t\t\t\t\t\t\t\t\t<\/a>\n\t\t\t\t\t\t\t<a class=\"e-gallery-item elementor-gallery-item elementor-animated-content\" href=\"https:\/\/www.planen-streib.de\/web\/wp-content\/uploads\/2023\/11\/ball1.jpg\" data-elementor-open-lightbox=\"yes\" data-elementor-lightbox-slideshow=\"aee834a\" data-e-action-hash=\"#elementor-action%3Aaction%3Dlightbox%26settings%3DeyJpZCI6MzgzNCwidXJsIjoiaHR0cHM6XC9cL3d3dy5wbGFuZW4tc3RyZWliLmRlXC93ZWJcL3dwLWNvbnRlbnRcL3VwbG9hZHNcLzIwMjNcLzExXC9iYWxsMS5qcGciLCJzbGlkZXNob3ciOiJhZWU4MzRhIn0%3D\">\n\t\t\t\t\t<div class=\"e-gallery-image elementor-gallery-item__image\" data-thumbnail=\"https:\/\/www.planen-streib.de\/web\/wp-content\/uploads\/2023\/11\/ball1-300x200.jpg\" data-width=\"300\" data-height=\"200\" aria-label=\"\" role=\"img\" ><\/div>\n\t\t\t\t\t\t\t\t\t\t\t<div class=\"elementor-gallery-item__overlay\"><\/div>\n\t\t\t\t\t\t\t\t\t\t\t\t\t\t\t<div class=\"elementor-gallery-item__content\">\n\t\t\t\t\t\t\t\t\t\t\t<\/div>\n\t\t\t\t\t\t\t\t\t<\/a>\n\t\t\t\t\t\t\t<a class=\"e-gallery-item elementor-gallery-item elementor-animated-content\" href=\"https:\/\/www.planen-streib.de\/web\/wp-content\/uploads\/2023\/11\/Freilichtbuehne20083-scaled.jpg\" data-elementor-open-lightbox=\"yes\" data-elementor-lightbox-slideshow=\"aee834a\" data-e-action-hash=\"#elementor-action%3Aaction%3Dlightbox%26settings%3DeyJpZCI6MzgzNSwidXJsIjoiaHR0cHM6XC9cL3d3dy5wbGFuZW4tc3RyZWliLmRlXC93ZWJcL3dwLWNvbnRlbnRcL3VwbG9hZHNcLzIwMjNcLzExXC9GcmVpbGljaHRidWVobmUyMDA4My1zY2FsZWQuanBnIiwic2xpZGVzaG93IjoiYWVlODM0YSJ9\">\n\t\t\t\t\t<div class=\"e-gallery-image elementor-gallery-item__image\" data-thumbnail=\"https:\/\/www.planen-streib.de\/web\/wp-content\/uploads\/2023\/11\/Freilichtbuehne20083-300x225.jpg\" data-width=\"300\" data-height=\"225\" aria-label=\"\" role=\"img\" ><\/div>\n\t\t\t\t\t\t\t\t\t\t\t<div class=\"elementor-gallery-item__overlay\"><\/div>\n\t\t\t\t\t\t\t\t\t\t\t\t\t\t\t<div class=\"elementor-gallery-item__content\">\n\t\t\t\t\t\t\t\t\t\t\t<\/div>\n\t\t\t\t\t\t\t\t\t<\/a>\n\t\t\t\t\t\t\t<a class=\"e-gallery-item elementor-gallery-item elementor-animated-content\" href=\"https:\/\/www.planen-streib.de\/web\/wp-content\/uploads\/2023\/11\/P1000078.jpg\" data-elementor-open-lightbox=\"yes\" data-elementor-lightbox-slideshow=\"aee834a\" data-e-action-hash=\"#elementor-action%3Aaction%3Dlightbox%26settings%3DeyJpZCI6MzgzNiwidXJsIjoiaHR0cHM6XC9cL3d3dy5wbGFuZW4tc3RyZWliLmRlXC93ZWJcL3dwLWNvbnRlbnRcL3VwbG9hZHNcLzIwMjNcLzExXC9QMTAwMDA3OC5qcGciLCJzbGlkZXNob3ciOiJhZWU4MzRhIn0%3D\">\n\t\t\t\t\t<div class=\"e-gallery-image elementor-gallery-item__image\" data-thumbnail=\"https:\/\/www.planen-streib.de\/web\/wp-content\/uploads\/2023\/11\/P1000078-300x225.jpg\" data-width=\"300\" data-height=\"225\" aria-label=\"\" role=\"img\" ><\/div>\n\t\t\t\t\t\t\t\t\t\t\t<div class=\"elementor-gallery-item__overlay\"><\/div>\n\t\t\t\t\t\t\t\t\t\t\t\t\t\t\t<div class=\"elementor-gallery-item__content\">\n\t\t\t\t\t\t\t\t\t\t\t<\/div>\n\t\t\t\t\t\t\t\t\t<\/a>\n\t\t\t\t\t\t\t<a class=\"e-gallery-item elementor-gallery-item elementor-animated-content\" href=\"https:\/\/www.planen-streib.de\/web\/wp-content\/uploads\/2023\/11\/P1010137.jpg\" data-elementor-open-lightbox=\"yes\" data-elementor-lightbox-slideshow=\"aee834a\" data-e-action-hash=\"#elementor-action%3Aaction%3Dlightbox%26settings%3DeyJpZCI6MzgzNywidXJsIjoiaHR0cHM6XC9cL3d3dy5wbGFuZW4tc3RyZWliLmRlXC93ZWJcL3dwLWNvbnRlbnRcL3VwbG9hZHNcLzIwMjNcLzExXC9QMTAxMDEzNy5qcGciLCJzbGlkZXNob3ciOiJhZWU4MzRhIn0%3D\">\n\t\t\t\t\t<div class=\"e-gallery-image elementor-gallery-item__image\" data-thumbnail=\"https:\/\/www.planen-streib.de\/web\/wp-content\/uploads\/2023\/11\/P1010137-300x225.jpg\" data-width=\"300\" data-height=\"225\" aria-label=\"\" role=\"img\" ><\/div>\n\t\t\t\t\t\t\t\t\t\t\t<div class=\"elementor-gallery-item__overlay\"><\/div>\n\t\t\t\t\t\t\t\t\t\t\t\t\t\t\t<div class=\"elementor-gallery-item__content\">\n\t\t\t\t\t\t\t\t\t\t\t<\/div>\n\t\t\t\t\t\t\t\t\t<\/a>\n\t\t\t\t\t\t\t<a class=\"e-gallery-item elementor-gallery-item elementor-animated-content\" href=\"https:\/\/www.planen-streib.de\/web\/wp-content\/uploads\/2023\/11\/P1010738.jpg\" data-elementor-open-lightbox=\"yes\" data-elementor-lightbox-slideshow=\"aee834a\" data-e-action-hash=\"#elementor-action%3Aaction%3Dlightbox%26settings%3DeyJpZCI6MzgzOSwidXJsIjoiaHR0cHM6XC9cL3d3dy5wbGFuZW4tc3RyZWliLmRlXC93ZWJcL3dwLWNvbnRlbnRcL3VwbG9hZHNcLzIwMjNcLzExXC9QMTAxMDczOC5qcGciLCJzbGlkZXNob3ciOiJhZWU4MzRhIn0%3D\">\n\t\t\t\t\t<div class=\"e-gallery-image elementor-gallery-item__image\" data-thumbnail=\"https:\/\/www.planen-streib.de\/web\/wp-content\/uploads\/2023\/11\/P1010738-300x225.jpg\" data-width=\"300\" data-height=\"225\" aria-label=\"\" role=\"img\" ><\/div>\n\t\t\t\t\t\t\t\t\t\t\t<div class=\"elementor-gallery-item__overlay\"><\/div>\n\t\t\t\t\t\t\t\t\t\t\t\t\t\t\t<div class=\"elementor-gallery-item__content\">\n\t\t\t\t\t\t\t\t\t\t\t<\/div>\n\t\t\t\t\t\t\t\t\t<\/a>\n\t\t\t\t\t\t\t<a class=\"e-gallery-item elementor-gallery-item elementor-animated-content\" href=\"https:\/\/www.planen-streib.de\/web\/wp-content\/uploads\/2023\/11\/1117-scaled.jpg\" data-elementor-open-lightbox=\"yes\" data-elementor-lightbox-slideshow=\"aee834a\" data-e-action-hash=\"#elementor-action%3Aaction%3Dlightbox%26settings%3DeyJpZCI6Mzg0MywidXJsIjoiaHR0cHM6XC9cL3d3dy5wbGFuZW4tc3RyZWliLmRlXC93ZWJcL3dwLWNvbnRlbnRcL3VwbG9hZHNcLzIwMjNcLzExXC8xMTE3LXNjYWxlZC5qcGciLCJzbGlkZXNob3ciOiJhZWU4MzRhIn0%3D\">\n\t\t\t\t\t<div class=\"e-gallery-image elementor-gallery-item__image\" data-thumbnail=\"https:\/\/www.planen-streib.de\/web\/wp-content\/uploads\/2023\/11\/1117-300x225.jpg\" data-width=\"300\" data-height=\"225\" aria-label=\"\" role=\"img\" ><\/div>\n\t\t\t\t\t\t\t\t\t\t\t<div class=\"elementor-gallery-item__overlay\"><\/div>\n\t\t\t\t\t\t\t\t\t\t\t\t\t\t\t<div class=\"elementor-gallery-item__content\">\n\t\t\t\t\t\t\t\t\t\t\t<\/div>\n\t\t\t\t\t\t\t\t\t<\/a>\n\t\t\t\t\t\t\t<a class=\"e-gallery-item elementor-gallery-item elementor-animated-content\" href=\"https:\/\/www.planen-streib.de\/web\/wp-content\/uploads\/2023\/11\/IMG_2152-scaled.jpg\" data-elementor-open-lightbox=\"yes\" data-elementor-lightbox-slideshow=\"aee834a\" data-e-action-hash=\"#elementor-action%3Aaction%3Dlightbox%26settings%3DeyJpZCI6Mzg0NCwidXJsIjoiaHR0cHM6XC9cL3d3dy5wbGFuZW4tc3RyZWliLmRlXC93ZWJcL3dwLWNvbnRlbnRcL3VwbG9hZHNcLzIwMjNcLzExXC9JTUdfMjE1Mi1zY2FsZWQuanBnIiwic2xpZGVzaG93IjoiYWVlODM0YSJ9\">\n\t\t\t\t\t<div class=\"e-gallery-image elementor-gallery-item__image\" data-thumbnail=\"https:\/\/www.planen-streib.de\/web\/wp-content\/uploads\/2023\/11\/IMG_2152-300x225.jpg\" data-width=\"300\" data-height=\"225\" aria-label=\"\" role=\"img\" ><\/div>\n\t\t\t\t\t\t\t\t\t\t\t<div class=\"elementor-gallery-item__overlay\"><\/div>\n\t\t\t\t\t\t\t\t\t\t\t\t\t\t\t<div class=\"elementor-gallery-item__content\">\n\t\t\t\t\t\t\t\t\t\t\t<\/div>\n\t\t\t\t\t\t\t\t\t<\/a>\n\t\t\t\t\t\t\t<a class=\"e-gallery-item elementor-gallery-item elementor-animated-content\" href=\"https:\/\/www.planen-streib.de\/web\/wp-content\/uploads\/2023\/11\/IMG_3999-scaled.jpg\" data-elementor-open-lightbox=\"yes\" data-elementor-lightbox-slideshow=\"aee834a\" data-e-action-hash=\"#elementor-action%3Aaction%3Dlightbox%26settings%3DeyJpZCI6Mzg0NSwidXJsIjoiaHR0cHM6XC9cL3d3dy5wbGFuZW4tc3RyZWliLmRlXC93ZWJcL3dwLWNvbnRlbnRcL3VwbG9hZHNcLzIwMjNcLzExXC9JTUdfMzk5OS1zY2FsZWQuanBnIiwic2xpZGVzaG93IjoiYWVlODM0YSJ9\">\n\t\t\t\t\t<div class=\"e-gallery-image elementor-gallery-item__image\" data-thumbnail=\"https:\/\/www.planen-streib.de\/web\/wp-content\/uploads\/2023\/11\/IMG_3999-300x225.jpg\" data-width=\"300\" data-height=\"225\" aria-label=\"\" role=\"img\" ><\/div>\n\t\t\t\t\t\t\t\t\t\t\t<div class=\"elementor-gallery-item__overlay\"><\/div>\n\t\t\t\t\t\t\t\t\t\t\t\t\t\t\t<div class=\"elementor-gallery-item__content\">\n\t\t\t\t\t\t\t\t\t\t\t<\/div>\n\t\t\t\t\t\t\t\t\t<\/a>\n\t\t\t\t\t<\/div>\n\t\t\t\t\t<\/div>\n\t\t\t\t<\/div>\n\t\t\t\t\t<\/div>\n\t\t<\/div>\n\t\t\t\t\t<\/div>\n\t\t<\/section>\n\t\t\t\t<\/div>\n\t\t","protected":false},"excerpt":{"rendered":"<p>Sonderplanen f\u00fcr jedes Ihrer Vorhaben Unsere technischen Textilien k\u00f6nnen f\u00fcr die unterschiedlichsten Einsatzm\u00f6glichkeiten verwendet werden. Mit unserem CAD-gesteuerten Cutter sind viele verschiedene Formen und Ausf\u00fchrungen m\u00f6glich. Auf Kundenwunsch fertigen wir auch jegliche Sonderplanen, beginnend von Planen f\u00fcr Weinberg-Besichtigungs-Anh\u00e4ngern, Einlegeplanen f\u00fcr landwirtschaftliche Anh\u00e4nger zur Weintrauben-Ernte (aus lebensmittelechtem Planenstoff), kleinen Zeltplanen, Pavillond\u00e4chern, Vorh\u00e4nge f\u00fcr Terrassenbereiche, Vorh\u00e4nge f\u00fcr [&hellip;]<\/p>\n","protected":false},"author":1,"featured_media":0,"parent":0,"menu_order":0,"comment_status":"closed","ping_status":"closed","template":"elementor_header_footer","meta":{"footnotes":""},"class_list":["post-759","page","type-page","status-publish","hentry","entry","owp-thumbs-layout-horizontal","owp-btn-normal","owp-tabs-layout-horizontal","has-no-thumbnails","has-product-nav"],"_links":{"self":[{"href":"https:\/\/www.planen-streib.de\/web\/index.php\/wp-json\/wp\/v2\/pages\/759","targetHints":{"allow":["GET"]}}],"collection":[{"href":"https:\/\/www.planen-streib.de\/web\/index.php\/wp-json\/wp\/v2\/pages"}],"about":[{"href":"https:\/\/www.planen-streib.de\/web\/index.php\/wp-json\/wp\/v2\/types\/page"}],"author":[{"embeddable":true,"href":"https:\/\/www.planen-streib.de\/web\/index.php\/wp-json\/wp\/v2\/users\/1"}],"replies":[{"embeddable":true,"href":"https:\/\/www.planen-streib.de\/web\/index.php\/wp-json\/wp\/v2\/comments?post=759"}],"version-history":[{"count":16,"href":"https:\/\/www.planen-streib.de\/web\/index.php\/wp-json\/wp\/v2\/pages\/759\/revisions"}],"predecessor-version":[{"id":3851,"href":"https:\/\/www.planen-streib.de\/web\/index.php\/wp-json\/wp\/v2\/pages\/759\/revisions\/3851"}],"wp:attachment":[{"href":"https:\/\/www.planen-streib.de\/web\/index.php\/wp-json\/wp\/v2\/media?parent=759"}],"curies":[{"name":"wp","href":"https:\/\/api.w.org\/{rel}","templated":true}]}}