{"id":619,"date":"2023-09-18T19:33:05","date_gmt":"2023-09-18T17:33:05","guid":{"rendered":"https:\/\/www.planen-streib.com\/web\/?page_id=619"},"modified":"2023-11-14T14:54:41","modified_gmt":"2023-11-14T13:54:41","slug":"qualitaet","status":"publish","type":"page","link":"https:\/\/www.planen-streib.de\/web\/index.php\/qualitaet\/","title":{"rendered":"Qualit\u00e4t"},"content":{"rendered":"\t\t<div data-elementor-type=\"wp-page\" data-elementor-id=\"619\" class=\"elementor elementor-619\" data-elementor-post-type=\"page\">\n\t\t\t\t\t\t<section class=\"elementor-section elementor-top-section elementor-element elementor-element-e77da5d elementor-section-boxed elementor-section-height-default elementor-section-height-default\" data-id=\"e77da5d\" data-element_type=\"section\" data-e-type=\"section\">\n\t\t\t\t\t\t<div class=\"elementor-container elementor-column-gap-default\">\n\t\t\t\t\t<div class=\"elementor-column elementor-col-100 elementor-top-column elementor-element elementor-element-fd568ce\" data-id=\"fd568ce\" data-element_type=\"column\" data-e-type=\"column\">\n\t\t\t<div class=\"elementor-widget-wrap elementor-element-populated\">\n\t\t\t\t\t\t<div class=\"elementor-element elementor-element-d73edf7 elementor-widget elementor-widget-heading\" data-id=\"d73edf7\" data-element_type=\"widget\" data-e-type=\"widget\" data-widget_type=\"heading.default\">\n\t\t\t\t<div class=\"elementor-widget-container\">\n\t\t\t\t\t<h1 class=\"elementor-heading-title elementor-size-default\">Unsere Planen<\/h1>\t\t\t\t<\/div>\n\t\t\t\t<\/div>\n\t\t\t\t\t<\/div>\n\t\t<\/div>\n\t\t\t\t\t<\/div>\n\t\t<\/section>\n\t\t\t\t<section class=\"elementor-section elementor-top-section elementor-element elementor-element-6fb9fd8 elementor-section-boxed elementor-section-height-default elementor-section-height-default\" data-id=\"6fb9fd8\" data-element_type=\"section\" data-e-type=\"section\">\n\t\t\t\t\t\t<div class=\"elementor-container elementor-column-gap-default\">\n\t\t\t\t\t<div class=\"elementor-column elementor-col-100 elementor-top-column elementor-element elementor-element-8c9a182\" data-id=\"8c9a182\" data-element_type=\"column\" data-e-type=\"column\">\n\t\t\t<div class=\"elementor-widget-wrap elementor-element-populated\">\n\t\t\t\t\t\t<div class=\"elementor-element elementor-element-20e7c13 elementor-widget elementor-widget-heading\" data-id=\"20e7c13\" data-element_type=\"widget\" data-e-type=\"widget\" data-widget_type=\"heading.default\">\n\t\t\t\t<div class=\"elementor-widget-container\">\n\t\t\t\t\t<h2 class=\"elementor-heading-title elementor-size-default\">zeichnen sich durch eine hohe Qualit\u00e4t und Belastbarkeit aus<\/h2>\t\t\t\t<\/div>\n\t\t\t\t<\/div>\n\t\t\t\t\t<\/div>\n\t\t<\/div>\n\t\t\t\t\t<\/div>\n\t\t<\/section>\n\t\t\t\t<section class=\"elementor-section elementor-top-section elementor-element elementor-element-49067a2 elementor-section-boxed elementor-section-height-default elementor-section-height-default\" data-id=\"49067a2\" data-element_type=\"section\" data-e-type=\"section\">\n\t\t\t\t\t\t<div class=\"elementor-container elementor-column-gap-default\">\n\t\t\t\t\t<div class=\"elementor-column elementor-col-50 elementor-top-column elementor-element elementor-element-88da175\" data-id=\"88da175\" data-element_type=\"column\" data-e-type=\"column\">\n\t\t\t<div class=\"elementor-widget-wrap elementor-element-populated\">\n\t\t\t\t\t\t<div class=\"elementor-element elementor-element-5ab2da9 elementor-widget elementor-widget-text-editor\" data-id=\"5ab2da9\" data-element_type=\"widget\" data-e-type=\"widget\" data-widget_type=\"text-editor.default\">\n\t\t\t\t<div class=\"elementor-widget-container\">\n\t\t\t\t\t\t\t\t\t<div class=\"col small-9 large-6\"><div class=\"cms-article\"><p>Alle Planen fertigen wir aus PVC mit einem Gewicht von 670 g\/m\u00b2 oder 900 g\/m\u00b2. Bei Bedarf bekommen Sie bei uns auch schwer brennbare Varianten. Damit unsere Planenaufbauten <strong>extremen Belastungen standhalten<\/strong>, kombinieren wir eine pr\u00e4zise Konfektionierung mit Materialien erster G\u00fcte.<\/p><p>Dar\u00fcber hinaus haben wir in unserem Betrieb in Leingarten bei Heilbronn seit 1999 ein Qualit\u00e4tsmanagementsystem nach DIN ISO 9001 eingef\u00fchrt.\u00a0<\/p><p>Mit diesem stellen wir den hohen Standard unserer Produkte sicher. W\u00fcnschen Sie weitere Ausk\u00fcnfte zu unseren Planenaufbauten oder m\u00f6chten Sie welche bestellen? Dann kontaktieren Sie uns!<\/p><\/div><\/div>\t\t\t\t\t\t\t\t<\/div>\n\t\t\t\t<\/div>\n\t\t\t\t\t<\/div>\n\t\t<\/div>\n\t\t\t\t<div class=\"elementor-column elementor-col-50 elementor-top-column elementor-element elementor-element-5ea9bc3\" data-id=\"5ea9bc3\" data-element_type=\"column\" data-e-type=\"column\">\n\t\t\t<div class=\"elementor-widget-wrap elementor-element-populated\">\n\t\t\t\t\t\t<div class=\"elementor-element elementor-element-f99688c elementor-widget elementor-widget-image\" data-id=\"f99688c\" data-element_type=\"widget\" data-e-type=\"widget\" data-widget_type=\"image.default\">\n\t\t\t\t<div class=\"elementor-widget-container\">\n\t\t\t\t\t\t\t\t\t\t\t\t\t\t\t<img fetchpriority=\"high\" decoding=\"async\" width=\"1000\" height=\"750\" src=\"https:\/\/www.planen-streib.de\/web\/wp-content\/uploads\/2023\/09\/large_6385d72b4c01427e6aa3a5d7_61aeda310fd9971e6a4a9068f0e67be42977f111bc6fa597de6c91b4c2419bb0_6385d883.jpeg\" class=\"attachment-large size-large wp-image-621\" alt=\"\" srcset=\"https:\/\/www.planen-streib.de\/web\/wp-content\/uploads\/2023\/09\/large_6385d72b4c01427e6aa3a5d7_61aeda310fd9971e6a4a9068f0e67be42977f111bc6fa597de6c91b4c2419bb0_6385d883.jpeg 1000w, https:\/\/www.planen-streib.de\/web\/wp-content\/uploads\/2023\/09\/large_6385d72b4c01427e6aa3a5d7_61aeda310fd9971e6a4a9068f0e67be42977f111bc6fa597de6c91b4c2419bb0_6385d883-300x225.jpeg 300w, https:\/\/www.planen-streib.de\/web\/wp-content\/uploads\/2023\/09\/large_6385d72b4c01427e6aa3a5d7_61aeda310fd9971e6a4a9068f0e67be42977f111bc6fa597de6c91b4c2419bb0_6385d883-768x576.jpeg 768w, https:\/\/www.planen-streib.de\/web\/wp-content\/uploads\/2023\/09\/large_6385d72b4c01427e6aa3a5d7_61aeda310fd9971e6a4a9068f0e67be42977f111bc6fa597de6c91b4c2419bb0_6385d883-600x450.jpeg 600w\" sizes=\"(max-width: 1000px) 100vw, 1000px\" \/>\t\t\t\t\t\t\t\t\t\t\t\t\t\t\t<\/div>\n\t\t\t\t<\/div>\n\t\t\t\t\t<\/div>\n\t\t<\/div>\n\t\t\t\t\t<\/div>\n\t\t<\/section>\n\t\t\t\t<section class=\"elementor-section elementor-top-section elementor-element elementor-element-a44eec0 elementor-section-boxed elementor-section-height-default elementor-section-height-default\" data-id=\"a44eec0\" data-element_type=\"section\" data-e-type=\"section\">\n\t\t\t\t\t\t<div class=\"elementor-container elementor-column-gap-default\">\n\t\t\t\t\t<div class=\"elementor-column elementor-col-100 elementor-top-column elementor-element elementor-element-cfe8a22\" data-id=\"cfe8a22\" data-element_type=\"column\" data-e-type=\"column\">\n\t\t\t<div class=\"elementor-widget-wrap elementor-element-populated\">\n\t\t\t\t\t\t<div class=\"elementor-element elementor-element-8bc1cf6 elementor-widget-divider--view-line elementor-widget elementor-widget-divider\" data-id=\"8bc1cf6\" data-element_type=\"widget\" data-e-type=\"widget\" data-widget_type=\"divider.default\">\n\t\t\t\t<div class=\"elementor-widget-container\">\n\t\t\t\t\t\t\t<div class=\"elementor-divider\">\n\t\t\t<span class=\"elementor-divider-separator\">\n\t\t\t\t\t\t<\/span>\n\t\t<\/div>\n\t\t\t\t\t\t<\/div>\n\t\t\t\t<\/div>\n\t\t\t\t\t<\/div>\n\t\t<\/div>\n\t\t\t\t\t<\/div>\n\t\t<\/section>\n\t\t\t\t<section class=\"elementor-section elementor-top-section elementor-element elementor-element-379256a elementor-section-boxed elementor-section-height-default elementor-section-height-default\" data-id=\"379256a\" data-element_type=\"section\" data-e-type=\"section\">\n\t\t\t\t\t\t<div class=\"elementor-container elementor-column-gap-default\">\n\t\t\t\t\t<div class=\"elementor-column elementor-col-50 elementor-top-column elementor-element elementor-element-436cabe\" data-id=\"436cabe\" data-element_type=\"column\" data-e-type=\"column\">\n\t\t\t<div class=\"elementor-widget-wrap elementor-element-populated\">\n\t\t\t\t\t\t<div class=\"elementor-element elementor-element-1f2c795 elementor-widget elementor-widget-image\" data-id=\"1f2c795\" data-element_type=\"widget\" data-e-type=\"widget\" data-widget_type=\"image.default\">\n\t\t\t\t<div class=\"elementor-widget-container\">\n\t\t\t\t\t\t\t\t\t\t\t\t\t\t\t<img decoding=\"async\" width=\"800\" height=\"600\" src=\"https:\/\/www.planen-streib.de\/web\/wp-content\/uploads\/2023\/09\/large_6385d72f4c01427e6aa3a5e3_3da42f5ed9377758fc7caa7b82562b548998e9d6bf3fa43d7b17eae7f50449d3_6385d86b.jpeg\" class=\"attachment-large size-large wp-image-622\" alt=\"\" srcset=\"https:\/\/www.planen-streib.de\/web\/wp-content\/uploads\/2023\/09\/large_6385d72f4c01427e6aa3a5e3_3da42f5ed9377758fc7caa7b82562b548998e9d6bf3fa43d7b17eae7f50449d3_6385d86b.jpeg 800w, https:\/\/www.planen-streib.de\/web\/wp-content\/uploads\/2023\/09\/large_6385d72f4c01427e6aa3a5e3_3da42f5ed9377758fc7caa7b82562b548998e9d6bf3fa43d7b17eae7f50449d3_6385d86b-300x225.jpeg 300w, https:\/\/www.planen-streib.de\/web\/wp-content\/uploads\/2023\/09\/large_6385d72f4c01427e6aa3a5e3_3da42f5ed9377758fc7caa7b82562b548998e9d6bf3fa43d7b17eae7f50449d3_6385d86b-768x576.jpeg 768w, https:\/\/www.planen-streib.de\/web\/wp-content\/uploads\/2023\/09\/large_6385d72f4c01427e6aa3a5e3_3da42f5ed9377758fc7caa7b82562b548998e9d6bf3fa43d7b17eae7f50449d3_6385d86b-600x450.jpeg 600w\" sizes=\"(max-width: 800px) 100vw, 800px\" \/>\t\t\t\t\t\t\t\t\t\t\t\t\t\t\t<\/div>\n\t\t\t\t<\/div>\n\t\t\t\t\t<\/div>\n\t\t<\/div>\n\t\t\t\t<div class=\"elementor-column elementor-col-50 elementor-top-column elementor-element elementor-element-e50b87c\" data-id=\"e50b87c\" data-element_type=\"column\" data-e-type=\"column\">\n\t\t\t<div class=\"elementor-widget-wrap elementor-element-populated\">\n\t\t\t\t\t\t<div class=\"elementor-element elementor-element-94147c8 elementor-widget elementor-widget-text-editor\" data-id=\"94147c8\" data-element_type=\"widget\" data-e-type=\"widget\" data-widget_type=\"text-editor.default\">\n\t\t\t\t<div class=\"elementor-widget-container\">\n\t\t\t\t\t\t\t\t\t<div class=\"cms-article\"><h2>Setzen Sie bei Planenaufbauten auf unsere Expertise<\/h2><p>Passend zu unseren individuell gefertigten Planen erhalten Sie bei uns ebenso\u00a0<strong>vollst\u00e4ndige Planenaufbauten<\/strong>\u00a0f\u00fcr Ihre Pritschenfahrzeuge.<\/p><p>Hier die Vorteile auf einen Blick:<\/p><ul><li>Auslieferung als Bausatz zur Selbstmontage oder Montage bei uns in Leingarten<\/li><li>zur Montage weder spezielle Werkzeuge noch Fachwissen erforderlich<\/li><li>komfortable Bedienung<\/li><li>solide, langlebige Plane<\/li><\/ul><p>Aufgrund dieser Vorz\u00fcge haben sich bereits zahlreiche Gewerbebetriebe und Unternehmen f\u00fcr unsere durchdachten Planenaufbauten entschieden.<\/p><p>Ferner \u00fcberzeugen sie durch ihre einfache Bedienbarkeit. So sorgt ein praktischer Schleuder-Schnellverschluss daf\u00fcr, dass sich das Verdeck\u00a0<strong>innerhalb k\u00fcrzester Zeit \u00f6ffnen<\/strong>\u00a0und wieder schlie\u00dfen l\u00e4sst.<\/p><\/div>\t\t\t\t\t\t\t\t<\/div>\n\t\t\t\t<\/div>\n\t\t\t\t<section class=\"elementor-section elementor-inner-section elementor-element elementor-element-8887869 elementor-section-boxed elementor-section-height-default elementor-section-height-default\" data-id=\"8887869\" data-element_type=\"section\" data-e-type=\"section\">\n\t\t\t\t\t\t<div class=\"elementor-container elementor-column-gap-default\">\n\t\t\t\t\t<div class=\"elementor-column elementor-col-50 elementor-inner-column elementor-element elementor-element-683764c\" data-id=\"683764c\" data-element_type=\"column\" data-e-type=\"column\">\n\t\t\t<div class=\"elementor-widget-wrap elementor-element-populated\">\n\t\t\t\t\t\t<div class=\"elementor-element elementor-element-4d7cb0a elementor-view-default elementor-widget elementor-widget-icon\" data-id=\"4d7cb0a\" data-element_type=\"widget\" data-e-type=\"widget\" data-widget_type=\"icon.default\">\n\t\t\t\t<div class=\"elementor-widget-container\">\n\t\t\t\t\t\t\t<div class=\"elementor-icon-wrapper\">\n\t\t\t<a class=\"elementor-icon\" href=\"https:\/\/www.planen-streib.de\/web\/wp-content\/uploads\/2023\/11\/01-100-044721_Main_DE-1.pdf\" target=\"_blank\">\n\t\t\t<i aria-hidden=\"true\" class=\"fas fa-file-pdf\"><\/i>\t\t\t<\/a>\n\t\t<\/div>\n\t\t\t\t\t\t<\/div>\n\t\t\t\t<\/div>\n\t\t\t\t\t<\/div>\n\t\t<\/div>\n\t\t\t\t<div class=\"elementor-column elementor-col-50 elementor-inner-column elementor-element elementor-element-9a32efc\" data-id=\"9a32efc\" data-element_type=\"column\" data-e-type=\"column\">\n\t\t\t<div class=\"elementor-widget-wrap elementor-element-populated\">\n\t\t\t\t\t\t<div class=\"elementor-element elementor-element-1677528 elementor-widget elementor-widget-heading\" data-id=\"1677528\" data-element_type=\"widget\" data-e-type=\"widget\" data-widget_type=\"heading.default\">\n\t\t\t\t<div class=\"elementor-widget-container\">\n\t\t\t\t\t<h4 class=\"elementor-heading-title elementor-size-default\"><a href=\"https:\/\/www.planen-streib.de\/web\/wp-content\/uploads\/2023\/11\/01-100-044721_Main_DE-1.pdf\">Zertifikat Qualit\u00e4tsmanagement<\/a><\/h4>\t\t\t\t<\/div>\n\t\t\t\t<\/div>\n\t\t\t\t\t<\/div>\n\t\t<\/div>\n\t\t\t\t\t<\/div>\n\t\t<\/section>\n\t\t\t\t\t<\/div>\n\t\t<\/div>\n\t\t\t\t\t<\/div>\n\t\t<\/section>\n\t\t\t\t<\/div>\n\t\t","protected":false},"excerpt":{"rendered":"<p>Unsere Planen zeichnen sich durch eine hohe Qualit\u00e4t und Belastbarkeit aus Alle Planen fertigen wir aus PVC mit einem Gewicht von 670 g\/m\u00b2 oder 900 g\/m\u00b2. Bei Bedarf bekommen Sie bei uns auch schwer brennbare Varianten. Damit unsere Planenaufbauten extremen Belastungen standhalten, kombinieren wir eine pr\u00e4zise Konfektionierung mit Materialien erster G\u00fcte. Dar\u00fcber hinaus haben wir [&hellip;]<\/p>\n","protected":false},"author":1,"featured_media":0,"parent":0,"menu_order":0,"comment_status":"closed","ping_status":"closed","template":"","meta":{"footnotes":""},"class_list":["post-619","page","type-page","status-publish","hentry","entry","owp-thumbs-layout-horizontal","owp-btn-normal","owp-tabs-layout-horizontal","has-no-thumbnails","has-product-nav"],"_links":{"self":[{"href":"https:\/\/www.planen-streib.de\/web\/index.php\/wp-json\/wp\/v2\/pages\/619","targetHints":{"allow":["GET"]}}],"collection":[{"href":"https:\/\/www.planen-streib.de\/web\/index.php\/wp-json\/wp\/v2\/pages"}],"about":[{"href":"https:\/\/www.planen-streib.de\/web\/index.php\/wp-json\/wp\/v2\/types\/page"}],"author":[{"embeddable":true,"href":"https:\/\/www.planen-streib.de\/web\/index.php\/wp-json\/wp\/v2\/users\/1"}],"replies":[{"embeddable":true,"href":"https:\/\/www.planen-streib.de\/web\/index.php\/wp-json\/wp\/v2\/comments?post=619"}],"version-history":[{"count":28,"href":"https:\/\/www.planen-streib.de\/web\/index.php\/wp-json\/wp\/v2\/pages\/619\/revisions"}],"predecessor-version":[{"id":3904,"href":"https:\/\/www.planen-streib.de\/web\/index.php\/wp-json\/wp\/v2\/pages\/619\/revisions\/3904"}],"wp:attachment":[{"href":"https:\/\/www.planen-streib.de\/web\/index.php\/wp-json\/wp\/v2\/media?parent=619"}],"curies":[{"name":"wp","href":"https:\/\/api.w.org\/{rel}","templated":true}]}}