{"id":604,"date":"2023-09-18T19:09:30","date_gmt":"2023-09-18T17:09:30","guid":{"rendered":"https:\/\/www.planen-streib.com\/web\/?page_id=604"},"modified":"2023-11-04T12:33:55","modified_gmt":"2023-11-04T11:33:55","slug":"unsere-planen","status":"publish","type":"page","link":"https:\/\/www.planen-streib.de\/web\/index.php\/unsere-planen\/","title":{"rendered":"Unsere Planen"},"content":{"rendered":"\t\t<div data-elementor-type=\"wp-page\" data-elementor-id=\"604\" class=\"elementor elementor-604\" data-elementor-post-type=\"page\">\n\t\t\t\t\t\t<section class=\"elementor-section elementor-top-section elementor-element elementor-element-58dd43c elementor-section-boxed elementor-section-height-default elementor-section-height-default\" data-id=\"58dd43c\" data-element_type=\"section\" data-e-type=\"section\">\n\t\t\t\t\t\t<div class=\"elementor-container elementor-column-gap-default\">\n\t\t\t\t\t<div class=\"elementor-column elementor-col-100 elementor-top-column elementor-element elementor-element-8cd9b66\" data-id=\"8cd9b66\" data-element_type=\"column\" data-e-type=\"column\">\n\t\t\t<div class=\"elementor-widget-wrap elementor-element-populated\">\n\t\t\t\t\t\t<div class=\"elementor-element elementor-element-967b090 elementor-widget elementor-widget-heading\" data-id=\"967b090\" data-element_type=\"widget\" data-e-type=\"widget\" data-widget_type=\"heading.default\">\n\t\t\t\t<div class=\"elementor-widget-container\">\n\t\t\t\t\t<h2 class=\"elementor-heading-title elementor-size-default\">Aus hochwertigem PVC - Complan Hochglanz 670 gr.\/qm<\/h2>\t\t\t\t<\/div>\n\t\t\t\t<\/div>\n\t\t\t\t\t<\/div>\n\t\t<\/div>\n\t\t\t\t\t<\/div>\n\t\t<\/section>\n\t\t\t\t<section class=\"elementor-section elementor-top-section elementor-element elementor-element-96aaf55 elementor-section-boxed elementor-section-height-default elementor-section-height-default\" data-id=\"96aaf55\" data-element_type=\"section\" data-e-type=\"section\">\n\t\t\t\t\t\t<div class=\"elementor-container elementor-column-gap-default\">\n\t\t\t\t\t<div class=\"elementor-column elementor-col-50 elementor-top-column elementor-element elementor-element-8655f46\" data-id=\"8655f46\" data-element_type=\"column\" data-e-type=\"column\">\n\t\t\t<div class=\"elementor-widget-wrap elementor-element-populated\">\n\t\t\t\t\t\t<div class=\"elementor-element elementor-element-d363981 elementor-widget elementor-widget-image\" data-id=\"d363981\" data-element_type=\"widget\" data-e-type=\"widget\" data-widget_type=\"image.default\">\n\t\t\t\t<div class=\"elementor-widget-container\">\n\t\t\t\t\t\t\t\t\t\t\t\t\t\t\t<img fetchpriority=\"high\" decoding=\"async\" width=\"630\" height=\"1024\" src=\"https:\/\/www.planen-streib.de\/web\/wp-content\/uploads\/2023\/09\/unserePlanen-630x1024.jpg\" class=\"attachment-large size-large wp-image-608\" alt=\"\" srcset=\"https:\/\/www.planen-streib.de\/web\/wp-content\/uploads\/2023\/09\/unserePlanen-630x1024.jpg 630w, https:\/\/www.planen-streib.de\/web\/wp-content\/uploads\/2023\/09\/unserePlanen-185x300.jpg 185w, https:\/\/www.planen-streib.de\/web\/wp-content\/uploads\/2023\/09\/unserePlanen-768x1248.jpg 768w, https:\/\/www.planen-streib.de\/web\/wp-content\/uploads\/2023\/09\/unserePlanen-945x1536.jpg 945w, https:\/\/www.planen-streib.de\/web\/wp-content\/uploads\/2023\/09\/unserePlanen-1260x2048.jpg 1260w, https:\/\/www.planen-streib.de\/web\/wp-content\/uploads\/2023\/09\/unserePlanen-600x975.jpg 600w, https:\/\/www.planen-streib.de\/web\/wp-content\/uploads\/2023\/09\/unserePlanen.jpg 1484w\" sizes=\"(max-width: 630px) 100vw, 630px\" \/>\t\t\t\t\t\t\t\t\t\t\t\t\t\t\t<\/div>\n\t\t\t\t<\/div>\n\t\t\t\t\t<\/div>\n\t\t<\/div>\n\t\t\t\t<div class=\"elementor-column elementor-col-50 elementor-top-column elementor-element elementor-element-fb45d3c\" data-id=\"fb45d3c\" data-element_type=\"column\" data-e-type=\"column\">\n\t\t\t<div class=\"elementor-widget-wrap elementor-element-populated\">\n\t\t\t\t\t\t<div class=\"elementor-element elementor-element-2626ab5 elementor-widget elementor-widget-text-editor\" data-id=\"2626ab5\" data-element_type=\"widget\" data-e-type=\"widget\" data-widget_type=\"text-editor.default\">\n\t\t\t\t<div class=\"elementor-widget-container\">\n\t\t\t\t\t\t\t\t\t<div class=\"col large-6\"><div class=\"cms-article\"><p>Eine Plane hat wetterfest und robust zu sein. Als Planenstoff setzen wir auf ein spezielles Polyester-Tr\u00e4gergewebe, das mit PVC beschichtet ist. Dieses macht unsere Planen\u00a0<strong>besonders widerstandsf\u00e4hig gegen Wind und Wetter<\/strong>. Dar\u00fcber hinaus lassen sich die Planen ausgesprochen leicht s\u00e4ubern.\u00a0<\/p><p>Unabh\u00e4ngig davon, ob unbeschriftete oder beschriftete Plane \u2013 bei uns erhalten Sie immer das passende Gestell dazu. Dieses besteht aus dickwandigem Pr\u00e4zisionsstahlrohr, welches eine\u00a0<strong>hohe Stabilit\u00e4t<\/strong>\u00a0aufweist.<\/p><p>Au\u00dferdem verf\u00fcgen unsere Planengestelle \u00fcber einen\u00a0<strong>effektiven Rostschutz<\/strong>. Zu den weiteren Vorteilen unserer Gestelle z\u00e4hlen:<\/p><ul><li>stufenlos h\u00f6henverstellbar in einigen Bereichen<\/li><li>serienm\u00e4\u00dfig abgekr\u00f6pfte Binderf\u00fc\u00dfe sorgen f\u00fcr eine bestm\u00f6gliche Position der Plane<\/li><li>kein Schlagen der Plane gegen Fahrerhaus dank Abspannvorrichtung im Vordergiebel<\/li><li>beschriftete Planen ideal f\u00fcr Werbezwecke<\/li><\/ul><h2>Wir bieten hochwertige beschriftete Planen<\/h2><p>Wenn Sie f\u00fcr Ihr Unternehmen\u00a0<strong>beschriftete Planen<\/strong>\u00a0bestellen m\u00f6chten, wenden Sie sich direkt an unseren Schriftenmaler. Gerne unterbreitet dieser Ihnen interessante Vorschl\u00e4ge, wie sich unsere Planen individuell gestalten lassen.<\/p><p>Des Weiteren halten wir f\u00fcr Langladeguttransporte besondere Varianten an Aufbauten bereit. F\u00fcr zus\u00e4tzliche Informationen kontaktieren Sie uns!<\/p><\/div><\/div>\t\t\t\t\t\t\t\t<\/div>\n\t\t\t\t<\/div>\n\t\t\t\t\t<\/div>\n\t\t<\/div>\n\t\t\t\t\t<\/div>\n\t\t<\/section>\n\t\t\t\t<section class=\"elementor-section elementor-top-section elementor-element elementor-element-9cc94c0 elementor-section-boxed elementor-section-height-default elementor-section-height-default\" data-id=\"9cc94c0\" data-element_type=\"section\" data-e-type=\"section\">\n\t\t\t\t\t\t<div class=\"elementor-container elementor-column-gap-default\">\n\t\t\t\t\t<div class=\"elementor-column elementor-col-100 elementor-top-column elementor-element elementor-element-ba29afc\" data-id=\"ba29afc\" data-element_type=\"column\" data-e-type=\"column\">\n\t\t\t<div class=\"elementor-widget-wrap elementor-element-populated\">\n\t\t\t\t\t\t<div class=\"elementor-element elementor-element-d82d15e elementor-widget elementor-widget-heading\" data-id=\"d82d15e\" data-element_type=\"widget\" data-e-type=\"widget\" data-widget_type=\"heading.default\">\n\t\t\t\t<div class=\"elementor-widget-container\">\n\t\t\t\t\t<h2 class=\"elementor-heading-title elementor-size-default\">W\u00e4hlen Sie einen Farbton ohne Mehrpreis aus:<\/h2>\t\t\t\t<\/div>\n\t\t\t\t<\/div>\n\t\t\t\t\t<\/div>\n\t\t<\/div>\n\t\t\t\t\t<\/div>\n\t\t<\/section>\n\t\t\t\t<section class=\"elementor-section elementor-top-section elementor-element elementor-element-2f0f9ab elementor-section-boxed elementor-section-height-default elementor-section-height-default\" data-id=\"2f0f9ab\" data-element_type=\"section\" data-e-type=\"section\">\n\t\t\t\t\t\t<div class=\"elementor-container elementor-column-gap-default\">\n\t\t\t\t\t<div class=\"elementor-column elementor-col-100 elementor-top-column elementor-element elementor-element-3cfb6b4\" data-id=\"3cfb6b4\" data-element_type=\"column\" data-e-type=\"column\">\n\t\t\t<div class=\"elementor-widget-wrap elementor-element-populated\">\n\t\t\t\t\t\t<div class=\"elementor-element elementor-element-3842714 elementor-widget elementor-widget-image\" data-id=\"3842714\" data-element_type=\"widget\" data-e-type=\"widget\" data-widget_type=\"image.default\">\n\t\t\t\t<div class=\"elementor-widget-container\">\n\t\t\t\t\t\t\t\t\t\t\t\t\t\t\t<img decoding=\"async\" width=\"712\" height=\"1024\" src=\"https:\/\/www.planen-streib.de\/web\/wp-content\/uploads\/2023\/11\/Farbe-712x1024.jpg\" class=\"attachment-large size-large wp-image-807\" alt=\"\" srcset=\"https:\/\/www.planen-streib.de\/web\/wp-content\/uploads\/2023\/11\/Farbe-712x1024.jpg 712w, https:\/\/www.planen-streib.de\/web\/wp-content\/uploads\/2023\/11\/Farbe-209x300.jpg 209w, https:\/\/www.planen-streib.de\/web\/wp-content\/uploads\/2023\/11\/Farbe-768x1104.jpg 768w, https:\/\/www.planen-streib.de\/web\/wp-content\/uploads\/2023\/11\/Farbe-1068x1536.jpg 1068w, https:\/\/www.planen-streib.de\/web\/wp-content\/uploads\/2023\/11\/Farbe-1424x2048.jpg 1424w, https:\/\/www.planen-streib.de\/web\/wp-content\/uploads\/2023\/11\/Farbe-600x863.jpg 600w, https:\/\/www.planen-streib.de\/web\/wp-content\/uploads\/2023\/11\/Farbe.jpg 1580w\" sizes=\"(max-width: 712px) 100vw, 712px\" \/>\t\t\t\t\t\t\t\t\t\t\t\t\t\t\t<\/div>\n\t\t\t\t<\/div>\n\t\t\t\t\t<\/div>\n\t\t<\/div>\n\t\t\t\t\t<\/div>\n\t\t<\/section>\n\t\t\t\t<\/div>\n\t\t","protected":false},"excerpt":{"rendered":"<p>Aus hochwertigem PVC &#8211; Complan Hochglanz 670 gr.\/qm Eine Plane hat wetterfest und robust zu sein. Als Planenstoff setzen wir auf ein spezielles Polyester-Tr\u00e4gergewebe, das mit PVC beschichtet ist. Dieses macht unsere Planen\u00a0besonders widerstandsf\u00e4hig gegen Wind und Wetter. Dar\u00fcber hinaus lassen sich die Planen ausgesprochen leicht s\u00e4ubern.\u00a0 Unabh\u00e4ngig davon, ob unbeschriftete oder beschriftete Plane \u2013 [&hellip;]<\/p>\n","protected":false},"author":1,"featured_media":0,"parent":0,"menu_order":0,"comment_status":"closed","ping_status":"closed","template":"elementor_header_footer","meta":{"footnotes":""},"class_list":["post-604","page","type-page","status-publish","hentry","entry","owp-thumbs-layout-horizontal","owp-btn-normal","owp-tabs-layout-horizontal","has-no-thumbnails","has-product-nav"],"_links":{"self":[{"href":"https:\/\/www.planen-streib.de\/web\/index.php\/wp-json\/wp\/v2\/pages\/604","targetHints":{"allow":["GET"]}}],"collection":[{"href":"https:\/\/www.planen-streib.de\/web\/index.php\/wp-json\/wp\/v2\/pages"}],"about":[{"href":"https:\/\/www.planen-streib.de\/web\/index.php\/wp-json\/wp\/v2\/types\/page"}],"author":[{"embeddable":true,"href":"https:\/\/www.planen-streib.de\/web\/index.php\/wp-json\/wp\/v2\/users\/1"}],"replies":[{"embeddable":true,"href":"https:\/\/www.planen-streib.de\/web\/index.php\/wp-json\/wp\/v2\/comments?post=604"}],"version-history":[{"count":19,"href":"https:\/\/www.planen-streib.de\/web\/index.php\/wp-json\/wp\/v2\/pages\/604\/revisions"}],"predecessor-version":[{"id":816,"href":"https:\/\/www.planen-streib.de\/web\/index.php\/wp-json\/wp\/v2\/pages\/604\/revisions\/816"}],"wp:attachment":[{"href":"https:\/\/www.planen-streib.de\/web\/index.php\/wp-json\/wp\/v2\/media?parent=604"}],"curies":[{"name":"wp","href":"https:\/\/api.w.org\/{rel}","templated":true}]}}