{"id":521,"date":"2023-09-17T15:03:40","date_gmt":"2023-09-17T13:03:40","guid":{"rendered":"https:\/\/www.planen-streib.com\/web\/?page_id=521"},"modified":"2024-03-11T16:49:43","modified_gmt":"2024-03-11T15:49:43","slug":"produktion","status":"publish","type":"page","link":"https:\/\/www.planen-streib.de\/web\/index.php\/produktion\/","title":{"rendered":"Produktion"},"content":{"rendered":"\t\t<div data-elementor-type=\"wp-page\" data-elementor-id=\"521\" class=\"elementor elementor-521\" data-elementor-post-type=\"page\">\n\t\t\t\t\t\t<section class=\"elementor-section elementor-top-section elementor-element elementor-element-f5d599c elementor-section-boxed elementor-section-height-default elementor-section-height-default\" data-id=\"f5d599c\" data-element_type=\"section\" data-e-type=\"section\">\n\t\t\t\t\t\t<div class=\"elementor-container elementor-column-gap-default\">\n\t\t\t\t\t<div class=\"elementor-column elementor-col-100 elementor-top-column elementor-element elementor-element-470c264\" data-id=\"470c264\" data-element_type=\"column\" data-e-type=\"column\">\n\t\t\t<div class=\"elementor-widget-wrap elementor-element-populated\">\n\t\t\t\t\t\t<div class=\"elementor-element elementor-element-72f042e elementor-widget elementor-widget-heading\" data-id=\"72f042e\" data-element_type=\"widget\" data-e-type=\"widget\" data-widget_type=\"heading.default\">\n\t\t\t\t<div class=\"elementor-widget-container\">\n\t\t\t\t\t<h2 class=\"elementor-heading-title elementor-size-default\">Produktion<\/h2>\t\t\t\t<\/div>\n\t\t\t\t<\/div>\n\t\t\t\t\t<\/div>\n\t\t<\/div>\n\t\t\t\t\t<\/div>\n\t\t<\/section>\n\t\t\t\t<section class=\"elementor-section elementor-top-section elementor-element elementor-element-96be87a elementor-section-boxed elementor-section-height-default elementor-section-height-default\" data-id=\"96be87a\" data-element_type=\"section\" data-e-type=\"section\">\n\t\t\t\t\t\t<div class=\"elementor-container elementor-column-gap-default\">\n\t\t\t\t\t<div class=\"elementor-column elementor-col-50 elementor-top-column elementor-element elementor-element-0e435e1\" data-id=\"0e435e1\" data-element_type=\"column\" data-e-type=\"column\">\n\t\t\t<div class=\"elementor-widget-wrap elementor-element-populated\">\n\t\t\t\t\t\t<div class=\"elementor-element elementor-element-30f219c elementor-widget elementor-widget-image\" data-id=\"30f219c\" data-element_type=\"widget\" data-e-type=\"widget\" data-widget_type=\"image.default\">\n\t\t\t\t<div class=\"elementor-widget-container\">\n\t\t\t\t\t\t\t\t\t\t\t\t\t\t\t<img fetchpriority=\"high\" decoding=\"async\" width=\"999\" height=\"639\" src=\"https:\/\/www.planen-streib.de\/web\/wp-content\/uploads\/2023\/09\/large_6384c18cca98a7cdedf11364_acf116f09554c5c3652b89f246234edb358ce68a27c0f4e4c0279e9429b50825_6384c1da.jpg\" class=\"attachment-large size-large wp-image-523\" alt=\"\" srcset=\"https:\/\/www.planen-streib.de\/web\/wp-content\/uploads\/2023\/09\/large_6384c18cca98a7cdedf11364_acf116f09554c5c3652b89f246234edb358ce68a27c0f4e4c0279e9429b50825_6384c1da.jpg 999w, https:\/\/www.planen-streib.de\/web\/wp-content\/uploads\/2023\/09\/large_6384c18cca98a7cdedf11364_acf116f09554c5c3652b89f246234edb358ce68a27c0f4e4c0279e9429b50825_6384c1da-300x192.jpg 300w, https:\/\/www.planen-streib.de\/web\/wp-content\/uploads\/2023\/09\/large_6384c18cca98a7cdedf11364_acf116f09554c5c3652b89f246234edb358ce68a27c0f4e4c0279e9429b50825_6384c1da-768x491.jpg 768w, https:\/\/www.planen-streib.de\/web\/wp-content\/uploads\/2023\/09\/large_6384c18cca98a7cdedf11364_acf116f09554c5c3652b89f246234edb358ce68a27c0f4e4c0279e9429b50825_6384c1da-600x384.jpg 600w\" sizes=\"(max-width: 999px) 100vw, 999px\" \/>\t\t\t\t\t\t\t\t\t\t\t\t\t\t\t<\/div>\n\t\t\t\t<\/div>\n\t\t\t\t\t<\/div>\n\t\t<\/div>\n\t\t\t\t<div class=\"elementor-column elementor-col-50 elementor-top-column elementor-element elementor-element-1e0078e\" data-id=\"1e0078e\" data-element_type=\"column\" data-e-type=\"column\">\n\t\t\t<div class=\"elementor-widget-wrap elementor-element-populated\">\n\t\t\t\t\t\t<div class=\"elementor-element elementor-element-527eac2 elementor-widget elementor-widget-text-editor\" data-id=\"527eac2\" data-element_type=\"widget\" data-e-type=\"widget\" data-widget_type=\"text-editor.default\">\n\t\t\t\t<div class=\"elementor-widget-container\">\n\t\t\t\t\t\t\t\t\t<div class=\"col small-9 large-6\"><div class=\"cms-article\"><p>Sie ben\u00f6tigen f\u00fcr Ihren Transporter oder LKW ma\u00dfangefertigte Planen oder Planenaufbauten? Dann sind Sie bei unserer Planen Streib GmbH herzlich willkommen! In unserer\u00a0<strong>modernen Produktionshalle in Leingarten bei Heilbronn<\/strong>\u00a0stellt unser von erfahrenen Sattlermeistern gef\u00fchrtes Team robuste Planen her. Diese werden mit einem\u00a0<strong>innovativen CAD-gesteuerten Cutter<\/strong>\u00a0in die gew\u00fcnschte Form geschnitten. Dank dieser Technologie sind wir in der Lage, ma\u00dfangefertigte Planen in verschiedensten Abmessungen und Varianten zu produzieren.<\/p><\/div><\/div>\t\t\t\t\t\t\t\t<\/div>\n\t\t\t\t<\/div>\n\t\t\t\t\t<\/div>\n\t\t<\/div>\n\t\t\t\t\t<\/div>\n\t\t<\/section>\n\t\t\t\t<section class=\"elementor-section elementor-top-section elementor-element elementor-element-e609735 elementor-section-boxed elementor-section-height-default elementor-section-height-default\" data-id=\"e609735\" data-element_type=\"section\" data-e-type=\"section\">\n\t\t\t\t\t\t<div class=\"elementor-container elementor-column-gap-default\">\n\t\t\t\t\t<div class=\"elementor-column elementor-col-100 elementor-top-column elementor-element elementor-element-960381a\" data-id=\"960381a\" data-element_type=\"column\" data-e-type=\"column\">\n\t\t\t<div class=\"elementor-widget-wrap elementor-element-populated\">\n\t\t\t\t\t\t<div class=\"elementor-element elementor-element-07ba13a elementor-widget-divider--view-line elementor-widget elementor-widget-divider\" data-id=\"07ba13a\" data-element_type=\"widget\" data-e-type=\"widget\" data-widget_type=\"divider.default\">\n\t\t\t\t<div class=\"elementor-widget-container\">\n\t\t\t\t\t\t\t<div class=\"elementor-divider\">\n\t\t\t<span class=\"elementor-divider-separator\">\n\t\t\t\t\t\t<\/span>\n\t\t<\/div>\n\t\t\t\t\t\t<\/div>\n\t\t\t\t<\/div>\n\t\t\t\t\t<\/div>\n\t\t<\/div>\n\t\t\t\t\t<\/div>\n\t\t<\/section>\n\t\t\t\t<section class=\"elementor-section elementor-top-section elementor-element elementor-element-5909839 elementor-section-boxed elementor-section-height-default elementor-section-height-default\" data-id=\"5909839\" data-element_type=\"section\" data-e-type=\"section\">\n\t\t\t\t\t\t<div class=\"elementor-container elementor-column-gap-default\">\n\t\t\t\t\t<div class=\"elementor-column elementor-col-50 elementor-top-column elementor-element elementor-element-8f6980d\" data-id=\"8f6980d\" data-element_type=\"column\" data-e-type=\"column\">\n\t\t\t<div class=\"elementor-widget-wrap elementor-element-populated\">\n\t\t\t\t\t\t<div class=\"elementor-element elementor-element-1305a1d elementor-widget elementor-widget-text-editor\" data-id=\"1305a1d\" data-element_type=\"widget\" data-e-type=\"widget\" data-widget_type=\"text-editor.default\">\n\t\t\t\t<div class=\"elementor-widget-container\">\n\t\t\t\t\t\t\t\t\t<p>Bei uns bekommen Sie\u00a0<strong>s\u00e4mtliche Leistungen aus einer Hand<\/strong>. Daher fertigen wir f\u00fcr\u00a0<a title=\"Lkw-Planen aus hochwertigem PVC-Complan in Hochglanz\" href=\"https:\/\/www.planen-streib.de\/unsere-planen\" target=\"_self\">alle Planen<\/a>\u00a0auch die entsprechenden Planengestelle aus verzinktem oder KTL-beschichtetem Stahl. Dazu steht uns ein qualifiziertes Team aus erfahrenen Schlossern in unserer\u00a0<strong>hauseigenen Schlosserei<\/strong>\u00a0zur Verf\u00fcgung. Grunds\u00e4tzlich zeichnet sich unsere Produktion dadurch aus:<\/p><ul><li>alle Leistungen aus einer Hand<\/li><li>Verwendung fortschrittlicher Technik<\/li><li>spezialisiert auf ma\u00dfangefertigte Planen<\/li><li>Endkontrolle sorgt f\u00fcr hohe Qualit\u00e4t<\/li><\/ul><p>Wir erarbeiten gerne eine\u00a0<strong>individuelle L\u00f6sung<\/strong> f\u00fcr Ihre Planen. Bei Fragen oder sonstigen Anl\u00e4ssen k\u00f6nnen Sie uns gerne kontaktieren!<\/p>\t\t\t\t\t\t\t\t<\/div>\n\t\t\t\t<\/div>\n\t\t\t\t\t<\/div>\n\t\t<\/div>\n\t\t\t\t<div class=\"elementor-column elementor-col-50 elementor-top-column elementor-element elementor-element-ca25ff8\" data-id=\"ca25ff8\" data-element_type=\"column\" data-e-type=\"column\">\n\t\t\t<div class=\"elementor-widget-wrap elementor-element-populated\">\n\t\t\t\t\t\t<div class=\"elementor-element elementor-element-3bcb373 elementor-widget elementor-widget-image\" data-id=\"3bcb373\" data-element_type=\"widget\" data-e-type=\"widget\" data-widget_type=\"image.default\">\n\t\t\t\t<div class=\"elementor-widget-container\">\n\t\t\t\t\t\t\t\t\t\t\t\t\t\t\t<img decoding=\"async\" width=\"1000\" height=\"750\" src=\"https:\/\/www.planen-streib.de\/web\/wp-content\/uploads\/2023\/09\/large_6384c1eeca98a7cdedf11373_1f504b7e87ffa25c64860b587b043a63592b67a61a7b5fd1f479782139798b9a_6384c283.jpg\" class=\"attachment-large size-large wp-image-524\" alt=\"\" srcset=\"https:\/\/www.planen-streib.de\/web\/wp-content\/uploads\/2023\/09\/large_6384c1eeca98a7cdedf11373_1f504b7e87ffa25c64860b587b043a63592b67a61a7b5fd1f479782139798b9a_6384c283.jpg 1000w, https:\/\/www.planen-streib.de\/web\/wp-content\/uploads\/2023\/09\/large_6384c1eeca98a7cdedf11373_1f504b7e87ffa25c64860b587b043a63592b67a61a7b5fd1f479782139798b9a_6384c283-300x225.jpg 300w, https:\/\/www.planen-streib.de\/web\/wp-content\/uploads\/2023\/09\/large_6384c1eeca98a7cdedf11373_1f504b7e87ffa25c64860b587b043a63592b67a61a7b5fd1f479782139798b9a_6384c283-768x576.jpg 768w, https:\/\/www.planen-streib.de\/web\/wp-content\/uploads\/2023\/09\/large_6384c1eeca98a7cdedf11373_1f504b7e87ffa25c64860b587b043a63592b67a61a7b5fd1f479782139798b9a_6384c283-600x450.jpg 600w\" sizes=\"(max-width: 1000px) 100vw, 1000px\" \/>\t\t\t\t\t\t\t\t\t\t\t\t\t\t\t<\/div>\n\t\t\t\t<\/div>\n\t\t\t\t\t<\/div>\n\t\t<\/div>\n\t\t\t\t\t<\/div>\n\t\t<\/section>\n\t\t\t\t<section class=\"elementor-section elementor-top-section elementor-element elementor-element-f8d870f elementor-section-boxed elementor-section-height-default elementor-section-height-default\" data-id=\"f8d870f\" data-element_type=\"section\" data-e-type=\"section\">\n\t\t\t\t\t\t<div class=\"elementor-container elementor-column-gap-default\">\n\t\t\t\t\t<div class=\"elementor-column elementor-col-100 elementor-top-column elementor-element elementor-element-7fcc16c\" data-id=\"7fcc16c\" data-element_type=\"column\" data-e-type=\"column\">\n\t\t\t<div class=\"elementor-widget-wrap elementor-element-populated\">\n\t\t\t\t\t\t<div class=\"elementor-element elementor-element-0b3a3c7 elementor-widget-divider--view-line elementor-widget elementor-widget-divider\" data-id=\"0b3a3c7\" data-element_type=\"widget\" data-e-type=\"widget\" data-widget_type=\"divider.default\">\n\t\t\t\t<div class=\"elementor-widget-container\">\n\t\t\t\t\t\t\t<div class=\"elementor-divider\">\n\t\t\t<span class=\"elementor-divider-separator\">\n\t\t\t\t\t\t<\/span>\n\t\t<\/div>\n\t\t\t\t\t\t<\/div>\n\t\t\t\t<\/div>\n\t\t\t\t\t<\/div>\n\t\t<\/div>\n\t\t\t\t\t<\/div>\n\t\t<\/section>\n\t\t\t\t<section class=\"elementor-section elementor-top-section elementor-element elementor-element-75915c1 elementor-section-boxed elementor-section-height-default elementor-section-height-default\" data-id=\"75915c1\" data-element_type=\"section\" data-e-type=\"section\">\n\t\t\t\t\t\t<div class=\"elementor-container elementor-column-gap-default\">\n\t\t\t\t\t<div class=\"elementor-column elementor-col-50 elementor-top-column elementor-element elementor-element-56c6d7e\" data-id=\"56c6d7e\" data-element_type=\"column\" data-e-type=\"column\">\n\t\t\t<div class=\"elementor-widget-wrap elementor-element-populated\">\n\t\t\t\t\t\t<div class=\"elementor-element elementor-element-c716a10 elementor-widget elementor-widget-image\" data-id=\"c716a10\" data-element_type=\"widget\" data-e-type=\"widget\" data-widget_type=\"image.default\">\n\t\t\t\t<div class=\"elementor-widget-container\">\n\t\t\t\t\t\t\t\t\t\t\t\t\t\t\t\t<a href=\"https:\/\/www.planen-streib.de\/web\/wp-content\/uploads\/2023\/11\/Farbe.jpg\" data-elementor-open-lightbox=\"yes\" data-elementor-lightbox-title=\"Farbe\" data-e-action-hash=\"#elementor-action%3Aaction%3Dlightbox%26settings%3DeyJpZCI6ODA3LCJ1cmwiOiJodHRwczpcL1wvd3d3LnBsYW5lbi1zdHJlaWIuZGVcL3dlYlwvd3AtY29udGVudFwvdXBsb2Fkc1wvMjAyM1wvMTFcL0ZhcmJlLmpwZyJ9\">\n\t\t\t\t\t\t\t<img decoding=\"async\" width=\"712\" height=\"1024\" src=\"https:\/\/www.planen-streib.de\/web\/wp-content\/uploads\/2023\/11\/Farbe-712x1024.jpg\" class=\"attachment-large size-large wp-image-807\" alt=\"\" srcset=\"https:\/\/www.planen-streib.de\/web\/wp-content\/uploads\/2023\/11\/Farbe-712x1024.jpg 712w, https:\/\/www.planen-streib.de\/web\/wp-content\/uploads\/2023\/11\/Farbe-209x300.jpg 209w, https:\/\/www.planen-streib.de\/web\/wp-content\/uploads\/2023\/11\/Farbe-768x1104.jpg 768w, https:\/\/www.planen-streib.de\/web\/wp-content\/uploads\/2023\/11\/Farbe-1068x1536.jpg 1068w, https:\/\/www.planen-streib.de\/web\/wp-content\/uploads\/2023\/11\/Farbe-1424x2048.jpg 1424w, https:\/\/www.planen-streib.de\/web\/wp-content\/uploads\/2023\/11\/Farbe-600x863.jpg 600w, https:\/\/www.planen-streib.de\/web\/wp-content\/uploads\/2023\/11\/Farbe.jpg 1580w\" sizes=\"(max-width: 712px) 100vw, 712px\" \/>\t\t\t\t\t\t\t\t<\/a>\n\t\t\t\t\t\t\t\t\t\t\t\t\t\t\t<\/div>\n\t\t\t\t<\/div>\n\t\t\t\t\t<\/div>\n\t\t<\/div>\n\t\t\t\t<div class=\"elementor-column elementor-col-50 elementor-top-column elementor-element elementor-element-9fb91bb\" data-id=\"9fb91bb\" data-element_type=\"column\" data-e-type=\"column\">\n\t\t\t<div class=\"elementor-widget-wrap elementor-element-populated\">\n\t\t\t\t\t\t<div class=\"elementor-element elementor-element-b2fce65 elementor-widget elementor-widget-text-editor\" data-id=\"b2fce65\" data-element_type=\"widget\" data-e-type=\"widget\" data-widget_type=\"text-editor.default\">\n\t\t\t\t<div class=\"elementor-widget-container\">\n\t\t\t\t\t\t\t\t\t<p>W\u00e4hlen Sie aus unserer Farbpalette die gew\u00fcnschte Planenfarbe aus. Preislich sind alle Planenfarben identisch.<\/p><p>Klicken Sie hier f\u00fcr weitere Informationen zu\u00a0 <a href=\"https:\/\/www.planen-streib.de\/web\/index.php\/unsere-planen\/\">unseren Planen<\/a>.<\/p>\t\t\t\t\t\t\t\t<\/div>\n\t\t\t\t<\/div>\n\t\t\t\t\t<\/div>\n\t\t<\/div>\n\t\t\t\t\t<\/div>\n\t\t<\/section>\n\t\t\t\t<\/div>\n\t\t","protected":false},"excerpt":{"rendered":"<p>Produktion Sie ben\u00f6tigen f\u00fcr Ihren Transporter oder LKW ma\u00dfangefertigte Planen oder Planenaufbauten? Dann sind Sie bei unserer Planen Streib GmbH herzlich willkommen! In unserer\u00a0modernen Produktionshalle in Leingarten bei Heilbronn\u00a0stellt unser von erfahrenen Sattlermeistern gef\u00fchrtes Team robuste Planen her. Diese werden mit einem\u00a0innovativen CAD-gesteuerten Cutter\u00a0in die gew\u00fcnschte Form geschnitten. Dank dieser Technologie sind wir in der [&hellip;]<\/p>\n","protected":false},"author":1,"featured_media":0,"parent":0,"menu_order":0,"comment_status":"closed","ping_status":"closed","template":"elementor_header_footer","meta":{"footnotes":""},"class_list":["post-521","page","type-page","status-publish","hentry","entry","owp-thumbs-layout-horizontal","owp-btn-normal","owp-tabs-layout-horizontal","has-no-thumbnails","has-product-nav"],"_links":{"self":[{"href":"https:\/\/www.planen-streib.de\/web\/index.php\/wp-json\/wp\/v2\/pages\/521","targetHints":{"allow":["GET"]}}],"collection":[{"href":"https:\/\/www.planen-streib.de\/web\/index.php\/wp-json\/wp\/v2\/pages"}],"about":[{"href":"https:\/\/www.planen-streib.de\/web\/index.php\/wp-json\/wp\/v2\/types\/page"}],"author":[{"embeddable":true,"href":"https:\/\/www.planen-streib.de\/web\/index.php\/wp-json\/wp\/v2\/users\/1"}],"replies":[{"embeddable":true,"href":"https:\/\/www.planen-streib.de\/web\/index.php\/wp-json\/wp\/v2\/comments?post=521"}],"version-history":[{"count":25,"href":"https:\/\/www.planen-streib.de\/web\/index.php\/wp-json\/wp\/v2\/pages\/521\/revisions"}],"predecessor-version":[{"id":4113,"href":"https:\/\/www.planen-streib.de\/web\/index.php\/wp-json\/wp\/v2\/pages\/521\/revisions\/4113"}],"wp:attachment":[{"href":"https:\/\/www.planen-streib.de\/web\/index.php\/wp-json\/wp\/v2\/media?parent=521"}],"curies":[{"name":"wp","href":"https:\/\/api.w.org\/{rel}","templated":true}]}}