{"id":451,"date":"2023-09-17T13:32:54","date_gmt":"2023-09-17T11:32:54","guid":{"rendered":"https:\/\/www.planen-streib.com\/web\/?page_id=451"},"modified":"2026-03-11T12:40:12","modified_gmt":"2026-03-11T11:40:12","slug":"jobs","status":"publish","type":"page","link":"https:\/\/www.planen-streib.de\/web\/index.php\/ueber-uns\/jobs\/","title":{"rendered":"Jobs"},"content":{"rendered":"<h2>Unsere freien Stellen<\/h2>\n<p>\t\t\t\t\t\t\t\t\t\t\t\t<a tabindex=\"0\">Schlosser \/ Karrosseriebauer (m\/w\/d)<\/a><\/p>\n<p><strong>F\u00fcr unseren Betrieb in Leingarten suchen wir ab sofort: <br \/><\/strong><\/p>\n<h3><strong>Schlosser \/ Karosseriebauer (m\/w\/d)<\/strong><\/h3>\n<h4>Aufgaben:<\/h4>\n<ul>\n<li>Herstellen von Planenaufbauten in Kleinserien in Zusammenarbeit unseres Schwei\u00df &#8211; Cobots<\/li>\n<li>Anfertigung von Sonderkonstruktionen im Bereich Fahrzeugbau<\/li>\n<li>Montage von Transporter &#8211; Aufbauten (Planengestelle, Pritschen, Koffer, Dachspoiler etc.)<\/li>\n<li>Mitorganisation beim Materialbeschaffungsprozess<\/li>\n<li>Qualit\u00e4tssichernde Ma\u00dfnahmen wie z.B. die Abschlusskontrolle<\/li>\n<\/ul>\n<h4><strong>Ihr Profil<\/strong><\/h4>\n<ul>\n<li>Abgeschlossene Berufsausbildung als Schlosser\/Karosseriebauer (m\/w\/d) oder eine vergleichbare technische Ausbildung<\/li>\n<li>Langj\u00e4hrige Berufserfahrung im Produktionsumfeld w\u00fcnschenswert<\/li>\n<li>Kenntnisse im WIG- und MAG-Schwei\u00dfen<\/li>\n<li>teamorientiertes Arbeiten<\/li>\n<li>Hohe Zuverl\u00e4ssigkeit, Verantwortungsbewusstsein und Sorgfalt<\/li>\n<li>selbst\u00e4ndiges Arbeiten<\/li>\n<\/ul>\n<h4><strong>Wir bieten:<\/strong><\/h4>\n<ul>\n<li>Verantwortungsvolle, interessante und herausfordernde Aufgaben in einem zukunftsorientierten und stetig wachsenden mittelst\u00e4ndischen Unternehmen<\/li>\n<li>Die Sicherheit eines soliden, familiengef\u00fchrten Unternehmens<\/li>\n<li>Qualifizierte Einarbeitung<\/li>\n<li>Gut ausgestattete Werkstatt<\/li>\n<li>Leistungsgerechte Entlohnung<\/li>\n<li>Die Sozialleistungen eines modernen mittelst\u00e4ndischen Unternehmens<\/li>\n<li>Ein dynamisches Team mit flachen Hierarchien<\/li>\n<li>Aufstiegsm\u00f6glichkeit<\/li>\n<\/ul>\n<p>Sie finden sich in diese Stellenbeschreibung wieder? Perfekt! Dann senden Sie uns Ihre Bewerbungsunterlagen bitte mit Angabe Ihrer Gehaltsvorstellung (bevorzugt als PDF-Datei) per E-Mail an folgende Adresse: <a title=\"marcel.streib@planen-streib.de\" href=\"mailto:marcel.streib@planen-streib.de\" data-pe-text=\"\" data-email=\"{&quot;name&quot;:&quot;marcel.streib&quot;,&quot;host&quot;:&quot;planen-streib.de&quot;}\">marcel.streib@planen-streib.de<\/a><\/p>\n<p>\t\t\t\t\t\t\t\t\t\t\t\t<a tabindex=\"0\">Technischer Konfektion\u00e4r (m\/w\/d)<\/a><\/p>\n<p><strong>Wir m\u00f6chten eine verantwortungsvolle Stelle besetzen als<\/strong><\/p>\n<h3><strong>Technischer Konfektion\u00e4r (m\/w\/d)<\/strong><\/h3>\n<h4>Aufgaben:<\/h4>\n<ul>\n<li>Zuschneiden, Schwei\u00dfen und Sattlern von beschichteten Textilien<\/li>\n<li>Arbeiten nach Zeichnung<\/li>\n<li>Reparatur von Planen<\/li>\n<li>Montage der gefertigten Produkte<\/li>\n<li>Qualit\u00e4tssichernde Ma\u00dfnahmen wie z.B. die Abschlusskontrolle<\/li>\n<\/ul>\n<h4><strong>Sie bringen mit:<\/strong><\/h4>\n<ul>\n<li>eine abgeschlossene Berufsausbildung im handwerklichen Bereich (nicht zwingend erforderlich)<\/li>\n<li>solide handwerkliche F\u00e4higkeiten<\/li>\n<li>Sorgfalt und Zuverl\u00e4ssigkeit<\/li>\n<li>Teamf\u00e4higkeit, P\u00fcnktlichkeit &amp; Motivation<\/li>\n<li>K\u00f6rperliche Belastbarkeit<\/li>\n<li>F\u00fchrerschein (Klasse B) w\u00fcnschenswert<\/li>\n<\/ul>\n<h4><strong>Wir bieten:<\/strong><\/h4>\n<ul>\n<li>Arbeiten in einem kleinen famili\u00e4r gef\u00fchrten Unternehmen<\/li>\n<li>Arbeiten in einer gro\u00dfen, gut ausgestatteten Produktionshalle<\/li>\n<li>M\u00f6glichkeiten zur beruflichen Weiterbildung und eine Leistungsgerechten Bezahlung<\/li>\n<li>Arbeiten in Vollzeit mit geregelten Arbeitszeiten (Mo. \u2013 Fr.) ohne Schichtdienst!<\/li>\n<li>Die Sozialleistungen eines modernen mittelst\u00e4ndischen Unternehmens<\/li>\n<li>Ein dynamisches Team mit flachen Hierarchien<\/li>\n<li>Aufstiegsm\u00f6glichkeit<\/li>\n<\/ul>\n<p>Sie finden sich in diese Stellenbeschreibung wieder? Perfekt! Dann senden Sie uns Ihre Bewerbungsunterlagen bitte mit Angabe Ihrer Gehaltsvorstellung (bevorzugt als PDF-Datei) per E-Mail an folgende Adresse: <a title=\"marcel.streib@planen-streib.de\" href=\"mailto:marcel.streib@planen-streib.de\" data-pe-text=\"\" data-email=\"{&quot;name&quot;:&quot;marcel.streib&quot;,&quot;host&quot;:&quot;planen-streib.de&quot;}\">marcel.streib@planen-streib.de<\/a><\/p>\n<p>\t\t\t\t\t\t\t\t\t\t\t\t<a tabindex=\"0\">KFZ-Mechatroniker \/ Nutzfahrzeugmechatroniker \/ KFZ-Elektriker (m\/w\/d)<\/a><\/p>\n<p data-start=\"275\" data-end=\"334\">F\u00fcr unseren Betrieb in <strong data-start=\"298\" data-end=\"312\">Leingarten<\/strong> suchen wir ab sofort:<\/p>\n<h2 data-section-id=\"1g5yihd\" data-start=\"336\" data-end=\"381\">KFZ-Mechatroniker \/ KFZ-Elektriker (m\/w\/d)<\/h2>\n<h3 data-section-id=\"m1wduj\" data-start=\"383\" data-end=\"395\">Aufgaben<\/h3>\n<ul data-start=\"397\" data-end=\"907\">\n<li data-section-id=\"8vfeu1\" data-start=\"397\" data-end=\"486\">\n<p data-start=\"399\" data-end=\"486\">Installation und Verkabelung elektrischer Komponenten an Nutzfahrzeugen und Aufbauten<\/p>\n<\/li>\n<li data-section-id=\"ig9v4t\" data-start=\"487\" data-end=\"582\">\n<p data-start=\"489\" data-end=\"582\">Einbau von Sonderausstattung wie R\u00fcckfahrkameras, Zusatzbeleuchtung oder Rundumkennleuchten<\/p>\n<\/li>\n<li data-section-id=\"uftbg4\" data-start=\"583\" data-end=\"682\">\n<p data-start=\"585\" data-end=\"682\">Anschluss und Pr\u00fcfung von Beleuchtungsanlagen an Planenaufbauten, Pritschen und Kofferaufbauten<\/p>\n<\/li>\n<li data-section-id=\"1a0r0zq\" data-start=\"683\" data-end=\"763\">\n<p data-start=\"685\" data-end=\"763\">Fehlersuche und Instandsetzung an elektrischen Anlagen von Fahrzeugaufbauten<\/p>\n<\/li>\n<li data-section-id=\"pafa7c\" data-start=\"764\" data-end=\"832\">\n<p data-start=\"766\" data-end=\"832\">Unterst\u00fctzung bei der Montage von Transporter- und LKW-Aufbauten<\/p>\n<\/li>\n<li data-section-id=\"te7h70\" data-start=\"833\" data-end=\"907\">\n<p data-start=\"835\" data-end=\"907\">Qualit\u00e4tssichernde Ma\u00dfnahmen wie z. B. Funktionspr\u00fcfung und Endkontrolle<\/p>\n<\/li>\n<\/ul>\n<h3 data-section-id=\"l0k5q3\" data-start=\"914\" data-end=\"928\">Ihr Profil<\/h3>\n<ul data-start=\"930\" data-end=\"1296\">\n<li data-section-id=\"yhucqp\" data-start=\"930\" data-end=\"1062\">\n<p data-start=\"932\" data-end=\"1062\">Abgeschlossene Berufsausbildung als <strong data-start=\"968\" data-end=\"1014\">KFZ-Mechatroniker \/ KFZ-Elektriker (m\/w\/d)<\/strong> oder eine vergleichbare technische Ausbildung<\/p>\n<\/li>\n<li data-section-id=\"1bs0vnu\" data-start=\"1063\" data-end=\"1118\">\n<p data-start=\"1065\" data-end=\"1118\">Erfahrung im Bereich Fahrzeugelektrik w\u00fcnschenswert<\/p>\n<\/li>\n<li data-section-id=\"o5wh77\" data-start=\"1119\" data-end=\"1174\">\n<p data-start=\"1121\" data-end=\"1174\">Technisches Verst\u00e4ndnis und handwerkliches Geschick<\/p>\n<\/li>\n<li data-section-id=\"1i8it8g\" data-start=\"1175\" data-end=\"1204\">\n<p data-start=\"1177\" data-end=\"1204\">Teamorientiertes Arbeiten<\/p>\n<\/li>\n<li data-section-id=\"ka31vb\" data-start=\"1205\" data-end=\"1269\">\n<p data-start=\"1207\" data-end=\"1269\">Hohe Zuverl\u00e4ssigkeit, Verantwortungsbewusstsein und Sorgfalt<\/p>\n<\/li>\n<li data-section-id=\"ofqzdw\" data-start=\"1270\" data-end=\"1296\">\n<p data-start=\"1272\" data-end=\"1296\">Selbstst\u00e4ndiges Arbeiten<\/p>\n<\/li>\n<\/ul>\n<h3 data-section-id=\"13wjnmj\" data-start=\"1303\" data-end=\"1317\">Wir bieten<\/h3>\n<ul data-start=\"1319\" data-end=\"1721\">\n<li data-section-id=\"kznsb5\" data-start=\"1319\" data-end=\"1415\">\n<p data-start=\"1321\" data-end=\"1415\">Verantwortungsvolle, interessante und abwechslungsreiche Aufgaben im Bereich Nutzfahrzeugbau<\/p>\n<\/li>\n<li data-section-id=\"b9bf2e\" data-start=\"1416\" data-end=\"1480\">\n<p data-start=\"1418\" data-end=\"1480\">Die Sicherheit eines soliden, familiengef\u00fchrten Unternehmens<\/p>\n<\/li>\n<li data-section-id=\"4ae0rp\" data-start=\"1481\" data-end=\"1511\">\n<p data-start=\"1483\" data-end=\"1511\">Qualifizierte Einarbeitung<\/p>\n<\/li>\n<li data-section-id=\"1s6sr3o\" data-start=\"1512\" data-end=\"1543\">\n<p data-start=\"1514\" data-end=\"1543\">Gut ausgestattete Werkstatt<\/p>\n<\/li>\n<li data-section-id=\"192j9hl\" data-start=\"1544\" data-end=\"1576\">\n<p data-start=\"1546\" data-end=\"1576\">Leistungsgerechte Entlohnung<\/p>\n<\/li>\n<li data-section-id=\"1aykd36\" data-start=\"1577\" data-end=\"1647\">\n<p data-start=\"1579\" data-end=\"1647\">Die Sozialleistungen eines modernen mittelst\u00e4ndischen Unternehmens<\/p>\n<\/li>\n<li data-section-id=\"1fax2ag\" data-start=\"1648\" data-end=\"1696\">\n<p data-start=\"1650\" data-end=\"1696\">Ein dynamisches Team mit flachen Hierarchien<\/p>\n<\/li>\n<li data-section-id=\"xdyru7\" data-start=\"1697\" data-end=\"1721\">\n<p data-start=\"1699\" data-end=\"1721\">Aufstiegsm\u00f6glichkeiten<\/p>\n<\/li>\n<\/ul>\n<h3 data-section-id=\"6y5p27\" data-start=\"1728\" data-end=\"1741\">Bewerbung<\/h3>\n<p data-start=\"1743\" data-end=\"1805\">Sie finden sich in dieser Stellenbeschreibung wieder? Perfekt!<\/p>\n<p data-start=\"1807\" data-end=\"1952\">Dann senden Sie uns Ihre Bewerbungsunterlagen bitte mit Angabe Ihrer Gehaltsvorstellung (bevorzugt als PDF-Datei) per E-Mail an folgende Adresse: marcel.streib@planen-streib.de<\/p>\n<h2>Komm in unser Team, wir freuen uns auf dich<\/h2>\n<p>\t\t\t\t\t\t\t\t\t\t\t\t\t\t\t<img fetchpriority=\"high\" decoding=\"async\" width=\"1024\" height=\"571\" src=\"https:\/\/www.planen-streib.de\/web\/wp-content\/uploads\/2026\/03\/Gruppenfoto-1024x571.jpeg\" alt=\"\" srcset=\"https:\/\/www.planen-streib.de\/web\/wp-content\/uploads\/2026\/03\/Gruppenfoto-1024x571.jpeg 1024w, https:\/\/www.planen-streib.de\/web\/wp-content\/uploads\/2026\/03\/Gruppenfoto-300x167.jpeg 300w, https:\/\/www.planen-streib.de\/web\/wp-content\/uploads\/2026\/03\/Gruppenfoto-768x428.jpeg 768w, https:\/\/www.planen-streib.de\/web\/wp-content\/uploads\/2026\/03\/Gruppenfoto-1536x856.jpeg 1536w, https:\/\/www.planen-streib.de\/web\/wp-content\/uploads\/2026\/03\/Gruppenfoto-2048x1141.jpeg 2048w, https:\/\/www.planen-streib.de\/web\/wp-content\/uploads\/2026\/03\/Gruppenfoto-600x334.jpeg 600w\" sizes=\"(max-width: 1024px) 100vw, 1024px\" \/><br \/>\n\t\t\t\t\t\t\t\t\t\t\t\t\t\t\t<img decoding=\"async\" width=\"600\" height=\"400\" src=\"https:\/\/www.planen-streib.de\/web\/wp-content\/uploads\/2023\/09\/large_6384ad530492b06227250582_931b997fe374db6c47b362dbb39bc90ce20835ddb288e19a183a92dcbff0a65c_6384b140.jpg\" alt=\"\" srcset=\"https:\/\/www.planen-streib.de\/web\/wp-content\/uploads\/2023\/09\/large_6384ad530492b06227250582_931b997fe374db6c47b362dbb39bc90ce20835ddb288e19a183a92dcbff0a65c_6384b140.jpg 600w, https:\/\/www.planen-streib.de\/web\/wp-content\/uploads\/2023\/09\/large_6384ad530492b06227250582_931b997fe374db6c47b362dbb39bc90ce20835ddb288e19a183a92dcbff0a65c_6384b140-300x200.jpg 300w\" sizes=\"(max-width: 600px) 100vw, 600px\" \/>\t\t\t\t\t\t\t\t\t\t\t\t\t\t\t<\/p>\n<h2>Schlosser \/ Karrosseriebauer (m\/w\/d)<\/h2>\n<p><strong>F\u00fcr unseren Betrieb in Leingarten suchen wir ab sofort:<\/strong><\/p>\n<h3><strong>Schlosser \/ Karosseriebauer (m\/w\/d)<\/strong><\/h3>\n<h4>Aufgaben:<\/h4>\n<ul>\n<li>Herstellen von Planenaufbauten in Kleinserien in Zusammenarbeit unseres Schwei\u00df &#8211; Cobots<\/li>\n<li>Anfertigung von Sonderkonstruktionen im Bereich Fahrzeugbau<\/li>\n<li>Montage von Transporter &#8211; Aufbauten (Planengestelle, Pritschen, Koffer, Dachspoiler etc.)<\/li>\n<li>Mitorganisation beim Materialbeschaffungsprozess<\/li>\n<li>Qualit\u00e4tssichernde Ma\u00dfnahmen wie z.B. die Abschlusskontrolle<\/li>\n<\/ul>\n<h4><strong>Ihr Profil<\/strong><\/h4>\n<ul>\n<li>Abgeschlossene Berufsausbildung als Schlosser\/Karosseriebauer (m\/w\/d) oder eine vergleichbare technische Ausbildung<\/li>\n<li>Langj\u00e4hrige Berufserfahrung im Produktionsumfeld w\u00fcnschenswert<\/li>\n<li>Kenntnisse im WIG- und MAG-Schwei\u00dfen<\/li>\n<li>teamorientiertes Arbeiten<\/li>\n<li>Hohe Zuverl\u00e4ssigkeit, Verantwortungsbewusstsein und Sorgfalt<\/li>\n<li>selbst\u00e4ndiges Arbeiten<\/li>\n<\/ul>\n<h4><strong>Wir bieten:<\/strong><\/h4>\n<ul>\n<li>Verantwortungsvolle, interessante und herausfordernde Aufgaben in einem zukunftsorientierten und stetig wachsenden mittelst\u00e4ndischen Unternehmen<\/li>\n<li>Die Sicherheit eines soliden, familiengef\u00fchrten Unternehmens<\/li>\n<li>Qualifizierte Einarbeitung<\/li>\n<li>Gut ausgestattete Werkstatt<\/li>\n<li>Leistungsgerechte Entlohnung<\/li>\n<li>Die Sozialleistungen eines modernen mittelst\u00e4ndischen Unternehmens<\/li>\n<li>Ein dynamisches Team mit flachen Hierarchien<\/li>\n<li>Aufstiegsm\u00f6glichkeit<\/li>\n<\/ul>\n<p>Sie finden sich in diese Stellenbeschreibung wieder? Perfekt! Dann senden Sie uns Ihre Bewerbungsunterlagen bitte mit Angabe Ihrer Gehaltsvorstellung (bevorzugt als PDF-Datei) per E-Mail an folgende Adresse: <a title=\"marcel.streib@planen-streib.de\" href=\"mailto:marcel.streib@planen-streib.de\" data-pe-text=\"\" data-email=\"{&quot;name&quot;:&quot;marcel.streib&quot;,&quot;host&quot;:&quot;planen-streib.de&quot;}\">marcel.streib@planen-streib.de<\/a><\/p>\n<p>\t\t\t\t\t\t\t\t\t\t\t\t\t\t\t<img decoding=\"async\" width=\"600\" height=\"400\" src=\"https:\/\/www.planen-streib.de\/web\/wp-content\/uploads\/2023\/09\/large_6384b1940492b06227250596_88a5d4f503b26504ed25f8cf38a0b97ddfd234c4f024896a96a3fa363de0660b_6384b307.jpg\" alt=\"\" srcset=\"https:\/\/www.planen-streib.de\/web\/wp-content\/uploads\/2023\/09\/large_6384b1940492b06227250596_88a5d4f503b26504ed25f8cf38a0b97ddfd234c4f024896a96a3fa363de0660b_6384b307.jpg 600w, https:\/\/www.planen-streib.de\/web\/wp-content\/uploads\/2023\/09\/large_6384b1940492b06227250596_88a5d4f503b26504ed25f8cf38a0b97ddfd234c4f024896a96a3fa363de0660b_6384b307-300x200.jpg 300w\" sizes=\"(max-width: 600px) 100vw, 600px\" \/>\t\t\t\t\t\t\t\t\t\t\t\t\t\t\t<\/p>\n<h2>Technischer Konfektion\u00e4r (m\/w\/d)<\/h2>\n<p><strong>Wir m\u00f6chten eine verantwortungsvolle Stelle besetzen als<\/strong><\/p>\n<h3><strong>Technischer Konfektion\u00e4r (m\/w\/d)<\/strong><\/h3>\n<h4>Aufgaben:<\/h4>\n<ul>\n<li>Zuschneiden, Schwei\u00dfen und Sattlern von beschichteten Textilien<\/li>\n<li>Arbeiten nach Zeichnung<\/li>\n<li>Reparatur von Planen<\/li>\n<li>Montage der gefertigten Produkte<\/li>\n<li>Qualit\u00e4tssichernde Ma\u00dfnahmen wie z.B. die Abschlusskontrolle<\/li>\n<\/ul>\n<h4><strong>Sie bringen mit:<\/strong><\/h4>\n<ul>\n<li>eine abgeschlossene Berufsausbildung im handwerklichen Bereich (nicht zwingend erforderlich)<\/li>\n<li>solide handwerkliche F\u00e4higkeiten<\/li>\n<li>Sorgfalt und Zuverl\u00e4ssigkeit<\/li>\n<li>Teamf\u00e4higkeit, P\u00fcnktlichkeit &amp; Motivation<\/li>\n<li>K\u00f6rperliche Belastbarkeit<\/li>\n<li>F\u00fchrerschein (Klasse B) w\u00fcnschenswert<\/li>\n<\/ul>\n<h4><strong>Wir bieten:<\/strong><\/h4>\n<ul>\n<li>Arbeiten in einem kleinen famili\u00e4r gef\u00fchrten Unternehmen<\/li>\n<li>Arbeiten in einer gro\u00dfen, gut ausgestatteten Produktionshalle<\/li>\n<li>M\u00f6glichkeiten zur beruflichen Weiterbildung und eine Leistungsgerechten Bezahlung<\/li>\n<li>Arbeiten in Vollzeit mit geregelten Arbeitszeiten (Mo. \u2013 Fr.) ohne Schichtdienst!<\/li>\n<li>Die Sozialleistungen eines modernen mittelst\u00e4ndischen Unternehmens<\/li>\n<li>Ein dynamisches Team mit flachen Hierarchien<\/li>\n<li>Aufstiegsm\u00f6glichkeit<\/li>\n<\/ul>\n<p>Sie finden sich in diese Stellenbeschreibung wieder? Perfekt! Dann senden Sie uns Ihre Bewerbungsunterlagen bitte mit Angabe Ihrer Gehaltsvorstellung (bevorzugt als PDF-Datei) per E-Mail an folgende Adresse: <a title=\"marcel.streib@planen-streib.de\" href=\"mailto:marcel.streib@planen-streib.de\" data-pe-text=\"\" data-email=\"{&quot;name&quot;:&quot;marcel.streib&quot;,&quot;host&quot;:&quot;planen-streib.de&quot;}\">marcel.streib@planen-streib.de<\/a><\/p>\n<p>\t\t\t\t\t\t\t\t\t\t\t\t\t\t\t<img loading=\"lazy\" decoding=\"async\" width=\"600\" height=\"400\" src=\"https:\/\/www.planen-streib.de\/web\/wp-content\/uploads\/2023\/09\/large_6384be3e2dcb4b076a7c2df3_da877ea96a7e8f7c9bced14ac791f424af4b0b4eab101ef636545c20e9eed116_6384beab.jpg\" alt=\"\" srcset=\"https:\/\/www.planen-streib.de\/web\/wp-content\/uploads\/2023\/09\/large_6384be3e2dcb4b076a7c2df3_da877ea96a7e8f7c9bced14ac791f424af4b0b4eab101ef636545c20e9eed116_6384beab.jpg 600w, https:\/\/www.planen-streib.de\/web\/wp-content\/uploads\/2023\/09\/large_6384be3e2dcb4b076a7c2df3_da877ea96a7e8f7c9bced14ac791f424af4b0b4eab101ef636545c20e9eed116_6384beab-300x200.jpg 300w\" sizes=\"(max-width: 600px) 100vw, 600px\" \/>\t\t\t\t\t\t\t\t\t\t\t\t\t\t\t<\/p>\n<h2>Technischer Sachbearbeiter \/ Kaufm. Angestellter (m\/w\/d)<\/h2>\n<p><strong>F\u00fcr unseren Betrieb in Leingarten suchen wir ab sofort:<\/strong><\/p>\n<h3>Technischer Sachbearbeiter \/ Kaufm. Angestellter (m\/w\/d)<\/h3>\n<h4>Aufgaben:<\/h4>\n<ul>\n<li>Beratung und Verkauf von Planenaufbauten und Anh\u00e4ngerplanen<\/li>\n<li>Erstellung von Angeboten, Auftragsbest\u00e4tigungen, Lieferscheine<\/li>\n<li>langfristige Kundenbindung und -gewinnung<\/li>\n<li>Kundenw\u00fcnsche ermitteln und umsetzen<\/li>\n<li>Anfragenbearbeitung<\/li>\n<li>Steuerung der Aktivit\u00e4ten im Versorgungsbedarf<\/li>\n<\/ul>\n<h4><strong>Ihr Profil:<\/strong><\/h4>\n<ul>\n<li>Abgeschlossene kaufm\u00e4nnische Ausbildung<\/li>\n<li>Verkaufserfahrung und Sales Talent<\/li>\n<li>Gute Sprachkenntnisse: Deutsch<\/li>\n<li>Teamf\u00e4higkeit<\/li>\n<li>Belastbarkeit<\/li>\n<li>Flexibilit\u00e4t<\/li>\n<li>Einsatz- und Leistungsbereitschaft<\/li>\n<li>gute Kommunikationsf\u00e4higkeiten<\/li>\n<li>Positive Ausstrahlung und Pers\u00f6nlichkeit<\/li>\n<li>Zuverl\u00e4ssigkeit<\/li>\n<li>Selbst\u00e4ndigkeit<\/li>\n<\/ul>\n<h4><strong>Wir bieten:<\/strong><\/h4>\n<ul>\n<li>Verantwortungsvolle, interessante und herausfordernde Aufgaben in einem zukunftsorientierten und stetig wachsenden mittelst\u00e4ndischen Unternehmen<\/li>\n<li>Die Sicherheit eines soliden, familiengef\u00fchrten Unternehmens<\/li>\n<li>Selbst\u00e4ndiges Arbeiten in einem dynamischen Team<\/li>\n<li>Attraktives und innovatives Arbeitsumfeld mit modernster Ausstattung<\/li>\n<li>Die Sozialleistungen eines modernen mittelst\u00e4ndischen Unternehmens<\/li>\n<li>Eine verantwortungsvolle und abwechslungsreiche T\u00e4tigkeit<\/li>\n<li>Leistungsgerechtes Gehalt<\/li>\n<\/ul>\n<p>Sie finden sich in diese Stellenbeschreibung wieder? Perfekt! Dann senden Sie uns Ihre Bewerbungsunterlagen bitte mit Angabe Ihrer Gehaltsvorstellung (bevorzugt als PDF-Datei) per E-Mail an folgende Adresse: <a title=\"marcel.streib@planen-streib.de\" href=\"mailto:marcel.streib@planen-streib.de\" data-pe-text=\"\" data-email=\"{&quot;name&quot;:&quot;marcel.streib&quot;,&quot;host&quot;:&quot;planen-streib.de&quot;}\">marcel.streib@planen-streib.de<\/a><\/p>\n","protected":false},"excerpt":{"rendered":"<p>Unsere freien Stellen Schlosser \/ Karrosseriebauer (m\/w\/d) F\u00fcr unseren Betrieb in Leingarten suchen wir ab sofort: Schlosser \/ Karosseriebauer (m\/w\/d) Aufgaben: Herstellen von Planenaufbauten in Kleinserien in Zusammenarbeit unseres Schwei\u00df &#8211; Cobots Anfertigung von Sonderkonstruktionen im Bereich Fahrzeugbau Montage von Transporter &#8211; Aufbauten (Planengestelle, Pritschen, Koffer, Dachspoiler etc.) Mitorganisation beim Materialbeschaffungsprozess Qualit\u00e4tssichernde Ma\u00dfnahmen wie z.B. [&hellip;]<\/p>\n","protected":false},"author":1,"featured_media":0,"parent":233,"menu_order":0,"comment_status":"closed","ping_status":"closed","template":"elementor_header_footer","meta":{"footnotes":""},"class_list":["post-451","page","type-page","status-publish","hentry","entry","owp-thumbs-layout-horizontal","owp-btn-normal","owp-tabs-layout-horizontal","has-no-thumbnails","has-product-nav"],"_links":{"self":[{"href":"https:\/\/www.planen-streib.de\/web\/index.php\/wp-json\/wp\/v2\/pages\/451","targetHints":{"allow":["GET"]}}],"collection":[{"href":"https:\/\/www.planen-streib.de\/web\/index.php\/wp-json\/wp\/v2\/pages"}],"about":[{"href":"https:\/\/www.planen-streib.de\/web\/index.php\/wp-json\/wp\/v2\/types\/page"}],"author":[{"embeddable":true,"href":"https:\/\/www.planen-streib.de\/web\/index.php\/wp-json\/wp\/v2\/users\/1"}],"replies":[{"embeddable":true,"href":"https:\/\/www.planen-streib.de\/web\/index.php\/wp-json\/wp\/v2\/comments?post=451"}],"version-history":[{"count":58,"href":"https:\/\/www.planen-streib.de\/web\/index.php\/wp-json\/wp\/v2\/pages\/451\/revisions"}],"predecessor-version":[{"id":5100,"href":"https:\/\/www.planen-streib.de\/web\/index.php\/wp-json\/wp\/v2\/pages\/451\/revisions\/5100"}],"up":[{"embeddable":true,"href":"https:\/\/www.planen-streib.de\/web\/index.php\/wp-json\/wp\/v2\/pages\/233"}],"wp:attachment":[{"href":"https:\/\/www.planen-streib.de\/web\/index.php\/wp-json\/wp\/v2\/media?parent=451"}],"curies":[{"name":"wp","href":"https:\/\/api.w.org\/{rel}","templated":true}]}}