{"id":2802,"date":"2023-11-09T13:09:47","date_gmt":"2023-11-09T12:09:47","guid":{"rendered":"https:\/\/www.planen-streib.de\/web\/?page_id=2802"},"modified":"2023-11-11T14:40:38","modified_gmt":"2023-11-11T13:40:38","slug":"movano-kofferaufbauten","status":"publish","type":"page","link":"https:\/\/www.planen-streib.de\/web\/index.php\/produktportfolio\/transporter-kofferaufbauten\/movano-kofferaufbauten\/","title":{"rendered":"Movano Kofferaufbauten"},"content":{"rendered":"\t\t<div data-elementor-type=\"wp-page\" data-elementor-id=\"2802\" class=\"elementor elementor-2802\" data-elementor-post-type=\"page\">\n\t\t\t\t\t\t<section class=\"elementor-section elementor-top-section elementor-element elementor-element-370d75c elementor-section-boxed elementor-section-height-default elementor-section-height-default\" data-id=\"370d75c\" data-element_type=\"section\" data-e-type=\"section\">\n\t\t\t\t\t\t<div class=\"elementor-container elementor-column-gap-default\">\n\t\t\t\t\t<div class=\"elementor-column elementor-col-100 elementor-top-column elementor-element elementor-element-cd9689a\" data-id=\"cd9689a\" data-element_type=\"column\" data-e-type=\"column\">\n\t\t\t<div class=\"elementor-widget-wrap elementor-element-populated\">\n\t\t\t\t\t\t<div class=\"elementor-element elementor-element-bd50587 elementor-widget elementor-widget-heading\" data-id=\"bd50587\" data-element_type=\"widget\" data-e-type=\"widget\" data-widget_type=\"heading.default\">\n\t\t\t\t<div class=\"elementor-widget-container\">\n\t\t\t\t\t<h1 class=\"elementor-heading-title elementor-size-xl\">Unsere Kofferaufbauten<\/h1>\t\t\t\t<\/div>\n\t\t\t\t<\/div>\n\t\t\t\t\t<\/div>\n\t\t<\/div>\n\t\t\t\t\t<\/div>\n\t\t<\/section>\n\t\t\t\t<section class=\"elementor-section elementor-top-section elementor-element elementor-element-912c66c elementor-section-boxed elementor-section-height-default elementor-section-height-default\" data-id=\"912c66c\" data-element_type=\"section\" data-e-type=\"section\">\n\t\t\t\t\t\t<div class=\"elementor-container elementor-column-gap-default\">\n\t\t\t\t\t<div class=\"elementor-column elementor-col-100 elementor-top-column elementor-element elementor-element-ea089b8\" data-id=\"ea089b8\" data-element_type=\"column\" data-e-type=\"column\">\n\t\t\t<div class=\"elementor-widget-wrap elementor-element-populated\">\n\t\t\t\t\t\t<div class=\"elementor-element elementor-element-2ca8ada elementor-widget elementor-widget-heading\" data-id=\"2ca8ada\" data-element_type=\"widget\" data-e-type=\"widget\" data-widget_type=\"heading.default\">\n\t\t\t\t<div class=\"elementor-widget-container\">\n\t\t\t\t\t<h1 class=\"elementor-heading-title elementor-size-default\">f\u00fcr das Opel Movano Fahrgestell<\/h1>\t\t\t\t<\/div>\n\t\t\t\t<\/div>\n\t\t\t\t<div class=\"elementor-element elementor-element-2fe8121 elementor-widget elementor-widget-spacer\" data-id=\"2fe8121\" data-element_type=\"widget\" data-e-type=\"widget\" data-widget_type=\"spacer.default\">\n\t\t\t\t<div class=\"elementor-widget-container\">\n\t\t\t\t\t\t\t<div class=\"elementor-spacer\">\n\t\t\t<div class=\"elementor-spacer-inner\"><\/div>\n\t\t<\/div>\n\t\t\t\t\t\t<\/div>\n\t\t\t\t<\/div>\n\t\t\t\t\t<\/div>\n\t\t<\/div>\n\t\t\t\t\t<\/div>\n\t\t<\/section>\n\t\t\t\t<section class=\"elementor-section elementor-top-section elementor-element elementor-element-6c97ad5 elementor-section-boxed elementor-section-height-default elementor-section-height-default\" data-id=\"6c97ad5\" data-element_type=\"section\" data-e-type=\"section\">\n\t\t\t\t\t\t<div class=\"elementor-container elementor-column-gap-default\">\n\t\t\t\t\t<div class=\"elementor-column elementor-col-50 elementor-top-column elementor-element elementor-element-30ad4f5\" data-id=\"30ad4f5\" data-element_type=\"column\" data-e-type=\"column\">\n\t\t\t<div class=\"elementor-widget-wrap elementor-element-populated\">\n\t\t\t\t\t\t<div class=\"elementor-element elementor-element-eb75f16 elementor-widget elementor-widget-image\" data-id=\"eb75f16\" data-element_type=\"widget\" data-e-type=\"widget\" data-widget_type=\"image.default\">\n\t\t\t\t<div class=\"elementor-widget-container\">\n\t\t\t\t\t\t\t\t\t\t\t\t\t\t\t\t<a href=\"https:\/\/www.planen-streib.de\/web\/wp-content\/uploads\/2023\/11\/Movano-FG1.jpg\" data-elementor-open-lightbox=\"yes\" data-e-action-hash=\"#elementor-action%3Aaction%3Dlightbox%26settings%3DeyJpZCI6MTg2MywidXJsIjoiaHR0cHM6XC9cL3d3dy5wbGFuZW4tc3RyZWliLmRlXC93ZWJcL3dwLWNvbnRlbnRcL3VwbG9hZHNcLzIwMjNcLzExXC9Nb3Zhbm8tRkcxLmpwZyJ9\">\n\t\t\t\t\t\t\t<img fetchpriority=\"high\" decoding=\"async\" width=\"1024\" height=\"474\" src=\"https:\/\/www.planen-streib.de\/web\/wp-content\/uploads\/2023\/11\/Movano-FG1-1024x474.jpg\" class=\"attachment-large size-large wp-image-1863\" alt=\"\" srcset=\"https:\/\/www.planen-streib.de\/web\/wp-content\/uploads\/2023\/11\/Movano-FG1-1024x474.jpg 1024w, https:\/\/www.planen-streib.de\/web\/wp-content\/uploads\/2023\/11\/Movano-FG1-300x139.jpg 300w, https:\/\/www.planen-streib.de\/web\/wp-content\/uploads\/2023\/11\/Movano-FG1-768x355.jpg 768w, https:\/\/www.planen-streib.de\/web\/wp-content\/uploads\/2023\/11\/Movano-FG1-1536x710.jpg 1536w, https:\/\/www.planen-streib.de\/web\/wp-content\/uploads\/2023\/11\/Movano-FG1-2048x947.jpg 2048w, https:\/\/www.planen-streib.de\/web\/wp-content\/uploads\/2023\/11\/Movano-FG1-600x278.jpg 600w\" sizes=\"(max-width: 1024px) 100vw, 1024px\" \/>\t\t\t\t\t\t\t\t<\/a>\n\t\t\t\t\t\t\t\t\t\t\t\t\t\t\t<\/div>\n\t\t\t\t<\/div>\n\t\t\t\t\t<\/div>\n\t\t<\/div>\n\t\t\t\t<div class=\"elementor-column elementor-col-50 elementor-top-column elementor-element elementor-element-978b109\" data-id=\"978b109\" data-element_type=\"column\" data-e-type=\"column\">\n\t\t\t<div class=\"elementor-widget-wrap elementor-element-populated\">\n\t\t\t\t\t\t<div class=\"elementor-element elementor-element-3230289 elementor-widget elementor-widget-image\" data-id=\"3230289\" data-element_type=\"widget\" data-e-type=\"widget\" data-widget_type=\"image.default\">\n\t\t\t\t<div class=\"elementor-widget-container\">\n\t\t\t\t\t\t\t\t\t\t\t\t\t\t\t\t<a href=\"https:\/\/www.planen-streib.de\/web\/wp-content\/uploads\/2023\/11\/Movano-FG-2.jpg\" data-elementor-open-lightbox=\"yes\" data-e-action-hash=\"#elementor-action%3Aaction%3Dlightbox%26settings%3DeyJpZCI6MTg2MiwidXJsIjoiaHR0cHM6XC9cL3d3dy5wbGFuZW4tc3RyZWliLmRlXC93ZWJcL3dwLWNvbnRlbnRcL3VwbG9hZHNcLzIwMjNcLzExXC9Nb3Zhbm8tRkctMi5qcGcifQ%3D%3D\">\n\t\t\t\t\t\t\t<img decoding=\"async\" width=\"1024\" height=\"474\" src=\"https:\/\/www.planen-streib.de\/web\/wp-content\/uploads\/2023\/11\/Movano-FG-2-1024x474.jpg\" class=\"attachment-large size-large wp-image-1862\" alt=\"\" srcset=\"https:\/\/www.planen-streib.de\/web\/wp-content\/uploads\/2023\/11\/Movano-FG-2-1024x474.jpg 1024w, https:\/\/www.planen-streib.de\/web\/wp-content\/uploads\/2023\/11\/Movano-FG-2-300x139.jpg 300w, https:\/\/www.planen-streib.de\/web\/wp-content\/uploads\/2023\/11\/Movano-FG-2-768x355.jpg 768w, https:\/\/www.planen-streib.de\/web\/wp-content\/uploads\/2023\/11\/Movano-FG-2-1536x710.jpg 1536w, https:\/\/www.planen-streib.de\/web\/wp-content\/uploads\/2023\/11\/Movano-FG-2-2048x947.jpg 2048w, https:\/\/www.planen-streib.de\/web\/wp-content\/uploads\/2023\/11\/Movano-FG-2-600x278.jpg 600w\" sizes=\"(max-width: 1024px) 100vw, 1024px\" \/>\t\t\t\t\t\t\t\t<\/a>\n\t\t\t\t\t\t\t\t\t\t\t\t\t\t\t<\/div>\n\t\t\t\t<\/div>\n\t\t\t\t\t<\/div>\n\t\t<\/div>\n\t\t\t\t\t<\/div>\n\t\t<\/section>\n\t\t\t\t<section class=\"elementor-section elementor-top-section elementor-element elementor-element-a6788ba elementor-section-boxed elementor-section-height-default elementor-section-height-default\" data-id=\"a6788ba\" data-element_type=\"section\" data-e-type=\"section\">\n\t\t\t\t\t\t<div class=\"elementor-container elementor-column-gap-default\">\n\t\t\t\t\t<div class=\"elementor-column elementor-col-50 elementor-top-column elementor-element elementor-element-6d4aa63\" data-id=\"6d4aa63\" data-element_type=\"column\" data-e-type=\"column\">\n\t\t\t<div class=\"elementor-widget-wrap elementor-element-populated\">\n\t\t\t\t\t\t<div class=\"elementor-element elementor-element-0e79158 elementor-widget__width-initial elementor-widget elementor-widget-text-editor\" data-id=\"0e79158\" data-element_type=\"widget\" data-e-type=\"widget\" data-widget_type=\"text-editor.default\">\n\t\t\t\t<div class=\"elementor-widget-container\">\n\t\t\t\t\t\t\t\t\t<h1><span style=\"color: #808080;\">Erh\u00e4ltlich in folgenden Varianten:<\/span><\/h1>\n<div><span style=\"color: #808080;\">&nbsp;<\/span><\/div>\n<ul>\n<li>\n<h3><span style=\"color: #808080;\">Sandwich-Kofferaufbau &#8222;STANDARD&#8220;<\/span><\/h3>\n<\/li>\n<\/ul>\n<p>Der klassische Trockenfracht-Kofferaufbau. <br>Pulverbeschichtet in Farbe Wei\u00df RAL 9016.<\/p>\n<p><strong>Das Dach<\/strong> ist ausgef\u00fchrt aus einer GFK-Platte wei\u00df-halbtransparent, 1,6 mm dick. Alle 600 mm ist ein 30 mm hoher Omega-Spriegel verklebt.<br><strong>Die Seitenw\u00e4nde und die Vorderwand<\/strong>&nbsp;bestehen aus 30 mm starken Sandwich-Paneelen. Diese Paneele bestehen aus einer glasfaserverst\u00e4rkten Polyesterdeckschicht (2,5 mm dick auf beiden Seiten) und einem Kern aus extrudiertem Polystyrolschaum. Serienm\u00e4\u00dfig verbaut ist hier eine Alu-Sockelscheuerleiste 250 mm hoch und 1,5 mm stark. Es lassen sich zahlreiche Zurrschienen wie Airline-Schienen, St\u00e4bchen-Zurrschienen oder Kombi-Ankerschienen&nbsp;auf den W\u00e4nden montieren&nbsp;oder&nbsp;in den W\u00e4nden teilversenkt montieren.<br><strong>Das Heckportal<\/strong>&nbsp;ist wahlweise mit 2-fl\u00fcgeligen, abschlie\u00dfbaren Heckt\u00fcren aus Sandwich-Paneelen- oder mit einer Ladebordwand&nbsp;( Fabrikat B\u00c4R oder Dautel )&nbsp;mit 750 kg Traglast erh\u00e4ltlich. Die Heckt\u00fcren enthalten einen innenliegenden Edelstahlverschluss je T\u00fcr und angeschlagene Edelstahl-Scharniere. Die Version mit Ladebordwand enth\u00e4lt eine obere Heckklappe aus Sandwich-Paneelen mit Gasfedern und Regenleiste.<br><strong>Der Unterbau<\/strong>&nbsp;besteht komplett aus stabilen Aluminium-L\u00e4ngstr\u00e4gern und Aluminium-Quertr\u00e4gern, der Boden aus 18 mm starken Siebdruckplatten. <strong>Serienm\u00e4\u00dfig verbaut<\/strong> ist eine 2-stufige Trittleiter hinten rechts, welche nach Wunsch optional durch eine ausziehbare M\u00f6beltreppe erg\u00e4nzt werden kann (bei Version ohne Ladebordwand).<\/p>\n<p><\/p>\n<ul>\n<li>\n<h3><span style=\"color: #808080;\">Sandwich-Kofferaufbau &#8222;LIGHTWEIGHT&#8220;<\/span><\/h3>\n<\/li>\n<\/ul>\n<p>Der klassische Trockenfracht-Kofferaufbau in Leichtbauweise. <br>Lackiert in Farbe Wei\u00df oder in Fahrzeugfarbe<\/p>\n<p><strong>Das Dach<\/strong>&nbsp;ist ausgef\u00fchrt aus einer GFK-Platte wei\u00df-halbtransparent, 1,6 mm dick. Alle 600 mm ist ein 30 mm hoher Omega-Spriegel verklebt.<br><strong>Die Seitenw\u00e4nde und die Vorderwand<\/strong>&nbsp;bestehen aus 25 mm starken Sandwich-Paneelen mit&nbsp;100 % recyceltem PET-Schaum, die Innen- und Au\u00dfendeckschicht aus glasfaserverst\u00e4rktem GFK. Serienm\u00e4\u00dfig verbaut ist hier eine Alu Sockelscheuerleiste 250 mm hoch und 1,5 mm stark. Es lassen sich zahlreiche Zurrschienen wie Airline-Schienen, St\u00e4bchen-Zurrschienen oder Kombi-Ankerschienen&nbsp;auf den W\u00e4nden montieren.<br><strong>Das Heckportal<\/strong>&nbsp;ist wahlweise mit 2-fl\u00fcgeligen, abschlie\u00dfbaren Heckt\u00fcren aus Sandwich-Paneelen- oder mit einer Ladebordwand&nbsp;( Fabrikat B\u00c4R oder Dautel )&nbsp;mit 750 kg Traglast erh\u00e4ltlich. Die Heckt\u00fcren enthalten einen innenliegenden Edelstahlverschluss in der rechten T\u00fcre und angeschlagene Aluminium-Scharniere. Die Version mit Ladebordwand enth\u00e4lt eine obere Heckklappe aus Sandwich-Paneelen mit Gasfedern und Regenleiste.<br><strong>Der Unterbau<\/strong>&nbsp;besteht komplett aus stabilen Aluminium-L\u00e4ngstr\u00e4gern und Aluminium-Quertr\u00e4gern, der Boden aus 15 mm starken Siebdruckplatten. Serienm\u00e4\u00dfig verbaut ist eine 2-stufige Trittleiter hinten rechts, welche nach Wunsch optional durch eine ausziehbare M\u00f6beltreppe erg\u00e4nzt werden kann (bei Version ohne Ladebordwand).<\/p>\n<ul>\n<li>W\u00e4hlen Sie aus verschiedenen Innenl\u00e4ngen von 2760 bis 4180 mm.<\/li>\n<li>W\u00e4hlen Sie aus verschiedenen Innenbreiten von 2030 bis 2280 mm.<\/li>\n<li>W\u00e4hlen Sie aus verschiedenen Innenh\u00f6hen von 1350 bis zu 2350 mm.<\/li>\n<\/ul>\t\t\t\t\t\t\t\t<\/div>\n\t\t\t\t<\/div>\n\t\t\t\t\t<\/div>\n\t\t<\/div>\n\t\t\t\t<div class=\"elementor-column elementor-col-50 elementor-top-column elementor-element elementor-element-834b69c\" data-id=\"834b69c\" data-element_type=\"column\" data-e-type=\"column\">\n\t\t\t<div class=\"elementor-widget-wrap elementor-element-populated\">\n\t\t\t\t\t\t<section class=\"elementor-section elementor-inner-section elementor-element elementor-element-23e51d5 elementor-section-boxed elementor-section-height-default elementor-section-height-default\" data-id=\"23e51d5\" data-element_type=\"section\" data-e-type=\"section\">\n\t\t\t\t\t\t<div class=\"elementor-container elementor-column-gap-default\">\n\t\t\t\t\t<div class=\"elementor-column elementor-col-100 elementor-inner-column elementor-element elementor-element-67acbb8\" data-id=\"67acbb8\" data-element_type=\"column\" data-e-type=\"column\">\n\t\t\t<div class=\"elementor-widget-wrap elementor-element-populated\">\n\t\t\t\t\t\t<div class=\"elementor-element elementor-element-f470658 elementor-widget__width-initial elementor-widget elementor-widget-image\" data-id=\"f470658\" data-element_type=\"widget\" data-e-type=\"widget\" data-widget_type=\"image.default\">\n\t\t\t\t<div class=\"elementor-widget-container\">\n\t\t\t\t\t\t\t\t\t\t\t\t\t\t\t\t<a href=\"https:\/\/www.planen-streib.de\/web\/wp-content\/uploads\/2023\/11\/Stellantis.png\" data-elementor-open-lightbox=\"yes\" data-e-action-hash=\"#elementor-action%3Aaction%3Dlightbox%26settings%3DeyJpZCI6MTQ5MywidXJsIjoiaHR0cHM6XC9cL3d3dy5wbGFuZW4tc3RyZWliLmRlXC93ZWJcL3dwLWNvbnRlbnRcL3VwbG9hZHNcLzIwMjNcLzExXC9TdGVsbGFudGlzLnBuZyJ9\">\n\t\t\t\t\t\t\t<img decoding=\"async\" width=\"681\" height=\"873\" src=\"https:\/\/www.planen-streib.de\/web\/wp-content\/uploads\/2023\/11\/Stellantis.png\" class=\"attachment-medium_large size-medium_large wp-image-1493\" alt=\"\" srcset=\"https:\/\/www.planen-streib.de\/web\/wp-content\/uploads\/2023\/11\/Stellantis.png 681w, https:\/\/www.planen-streib.de\/web\/wp-content\/uploads\/2023\/11\/Stellantis-234x300.png 234w, https:\/\/www.planen-streib.de\/web\/wp-content\/uploads\/2023\/11\/Stellantis-600x769.png 600w\" sizes=\"(max-width: 681px) 100vw, 681px\" \/>\t\t\t\t\t\t\t\t<\/a>\n\t\t\t\t\t\t\t\t\t\t\t\t\t\t\t<\/div>\n\t\t\t\t<\/div>\n\t\t\t\t\t<\/div>\n\t\t<\/div>\n\t\t\t\t\t<\/div>\n\t\t<\/section>\n\t\t\t\t<section class=\"elementor-section elementor-inner-section elementor-element elementor-element-9144f1b elementor-section-boxed elementor-section-height-default elementor-section-height-default\" data-id=\"9144f1b\" data-element_type=\"section\" data-e-type=\"section\">\n\t\t\t\t\t\t<div class=\"elementor-container elementor-column-gap-default\">\n\t\t\t\t\t<div class=\"elementor-column elementor-col-100 elementor-inner-column elementor-element elementor-element-de236cc\" data-id=\"de236cc\" data-element_type=\"column\" data-e-type=\"column\">\n\t\t\t<div class=\"elementor-widget-wrap elementor-element-populated\">\n\t\t\t\t\t\t<div class=\"elementor-element elementor-element-1ec6c6a elementor-widget elementor-widget-text-editor\" data-id=\"1ec6c6a\" data-element_type=\"widget\" data-e-type=\"widget\" data-widget_type=\"text-editor.default\">\n\t\t\t\t<div class=\"elementor-widget-container\">\n\t\t\t\t\t\t\t\t\t<p><br><\/p>\n<h3 style=\"font-variant-ligatures: normal; font-variant-caps: normal; font-family: Roboto, sans-serif; font-style: normal;\"><span style=\"font-size: 18px; color: #808080;\"><span style=\"font-size: 18px; color: #0000ff;\"><a style=\"font-size: 18px; color: #0000ff;\" href=\"https:\/\/www.planen-streib.de\/web\/index.php\/sonderausstattungen\/\" target=\"_blank\" rel=\"noopener\">Sonderausstattung \/ Zubeh\u00f6r:<\/a>&nbsp;<\/span><\/span><\/h3>\n<ul style=\"font-variant-ligatures: normal; font-variant-caps: normal; font-family: Roboto, sans-serif; font-size: 17px; font-style: normal; font-weight: 400; color: #888787;\">\n<li style=\"font-size: 17px;\">3-D Dachspoiler<\/li>\n<li style=\"font-size: 17px;\">Ausziehbare M\u00f6beltreppe<\/li>\n<li style=\"font-size: 17px;\">Nadelfilz-Verkleidung seitlich und vorne<\/li>\n<li style=\"font-size: 17px;\">Zus\u00e4tzliche Seitent\u00fcre mit\/ohne Personent\u00fcrverschluss<\/li>\n<li style=\"font-size: 17px;\">Zus\u00e4tzliche Zurrlaschen im Holzboden eingelassen<\/li>\n<li style=\"font-size: 17px;\">Kunststoff-Staukasten unter der Pritsche (abschlie\u00dfbar)<\/li>\n<li style=\"font-size: 17px;\">R\u00fcckfahrkamera oben am Kofferaufbau verbaut<\/li>\n<li style=\"font-size: 17px;\">LED-Ladefl\u00e4chenbeleuchtung oben im Kofferaufbau<\/li>\n<\/ul>\t\t\t\t\t\t\t\t<\/div>\n\t\t\t\t<\/div>\n\t\t\t\t<div class=\"elementor-element elementor-element-0144798 elementor-align-center elementor-widget elementor-widget-button\" data-id=\"0144798\" data-element_type=\"widget\" data-e-type=\"widget\" data-widget_type=\"button.default\">\n\t\t\t\t<div class=\"elementor-widget-container\">\n\t\t\t\t\t\t\t\t\t<div class=\"elementor-button-wrapper\">\n\t\t\t\t\t<a class=\"elementor-button elementor-button-link elementor-size-xl\" href=\"https:\/\/forms.office.com\/Pages\/ResponsePage.aspx?id=EvmW_6ncE0uNigNdFkfWMTjnFHk5gYZBmylnARM2Zl9UN0RJMjlSTEZRR0lXSkMySUxQTjczMjRLOS4u\">\n\t\t\t\t\t\t<span class=\"elementor-button-content-wrapper\">\n\t\t\t\t\t\t\t\t\t<span class=\"elementor-button-text\">Anfrageformular Sandwich-Kofferaufbau<\/span>\n\t\t\t\t\t<\/span>\n\t\t\t\t\t<\/a>\n\t\t\t\t<\/div>\n\t\t\t\t\t\t\t\t<\/div>\n\t\t\t\t<\/div>\n\t\t\t\t\t<\/div>\n\t\t<\/div>\n\t\t\t\t\t<\/div>\n\t\t<\/section>\n\t\t\t\t\t<\/div>\n\t\t<\/div>\n\t\t\t\t\t<\/div>\n\t\t<\/section>\n\t\t\t\t<section class=\"elementor-section elementor-top-section elementor-element elementor-element-f0812a5 elementor-section-boxed elementor-section-height-default elementor-section-height-default\" data-id=\"f0812a5\" data-element_type=\"section\" data-e-type=\"section\">\n\t\t\t\t\t\t<div class=\"elementor-container elementor-column-gap-default\">\n\t\t\t\t\t<div class=\"elementor-column elementor-col-33 elementor-top-column elementor-element elementor-element-719f3b0\" data-id=\"719f3b0\" data-element_type=\"column\" data-e-type=\"column\">\n\t\t\t<div class=\"elementor-widget-wrap elementor-element-populated\">\n\t\t\t\t\t\t<div class=\"elementor-element elementor-element-0431cda elementor-skin-carousel elementor-arrows-yes elementor-pagination-type-bullets elementor-pagination-position-outside elementor-widget elementor-widget-media-carousel\" data-id=\"0431cda\" data-element_type=\"widget\" data-e-type=\"widget\" data-settings=\"{&quot;effect&quot;:&quot;fade&quot;,&quot;skin&quot;:&quot;carousel&quot;,&quot;show_arrows&quot;:&quot;yes&quot;,&quot;pagination&quot;:&quot;bullets&quot;,&quot;speed&quot;:500,&quot;autoplay&quot;:&quot;yes&quot;,&quot;autoplay_speed&quot;:5000,&quot;loop&quot;:&quot;yes&quot;,&quot;pause_on_hover&quot;:&quot;yes&quot;,&quot;pause_on_interaction&quot;:&quot;yes&quot;,&quot;space_between&quot;:{&quot;unit&quot;:&quot;px&quot;,&quot;size&quot;:10,&quot;sizes&quot;:[]},&quot;space_between_tablet&quot;:{&quot;unit&quot;:&quot;px&quot;,&quot;size&quot;:10,&quot;sizes&quot;:[]},&quot;space_between_mobile&quot;:{&quot;unit&quot;:&quot;px&quot;,&quot;size&quot;:10,&quot;sizes&quot;:[]}}\" data-widget_type=\"media-carousel.default\">\n\t\t\t\t<div class=\"elementor-widget-container\">\n\t\t\t\t\t\t\t\t\t<div class=\"elementor-swiper\">\n\t\t\t\t\t<div class=\"elementor-main-swiper swiper\" role=\"region\" aria-roledescription=\"carousel\" aria-label=\"Slider\">\n\t\t\t\t<div class=\"swiper-wrapper\">\n\t\t\t\t\t\t\t\t\t\t\t<div class=\"swiper-slide\" role=\"group\" aria-roledescription=\"slide\">\n\t\t\t\t\t\t\t\t\t<div class=\"elementor-carousel-image\" role=\"img\" aria-label=\"\" style=\"background-image: url(&#039;https:\/\/www.planen-streib.de\/web\/wp-content\/uploads\/2023\/11\/1-13-scaled.jpg&#039;)\">\n\n\t\t\t\n\t\t\t\t\t<\/div>\n\t\t\t\t\t\t\t\t<\/div>\n\t\t\t\t\t\t\t\t\t\t\t<div class=\"swiper-slide\" role=\"group\" aria-roledescription=\"slide\">\n\t\t\t\t\t\t\t\t\t<div class=\"elementor-carousel-image\" role=\"img\" aria-label=\"\" style=\"background-image: url(&#039;https:\/\/www.planen-streib.de\/web\/wp-content\/uploads\/2023\/11\/2-12-scaled.jpg&#039;)\">\n\n\t\t\t\n\t\t\t\t\t<\/div>\n\t\t\t\t\t\t\t\t<\/div>\n\t\t\t\t\t\t\t\t\t<\/div>\n\t\t\t\t\t\t\t\t\t\t\t\t\t\t\t<div class=\"elementor-swiper-button elementor-swiper-button-prev\" role=\"button\" tabindex=\"0\" aria-label=\"Voriger\">\n\t\t\t\t\t\t\t<i aria-hidden=\"true\" class=\"eicon-chevron-left\"><\/i>\t\t\t\t\t\t<\/div>\n\t\t\t\t\t\t<div class=\"elementor-swiper-button elementor-swiper-button-next\" role=\"button\" tabindex=\"0\" aria-label=\"N\u00e4chster\">\n\t\t\t\t\t\t\t<i aria-hidden=\"true\" class=\"eicon-chevron-right\"><\/i>\t\t\t\t\t\t<\/div>\n\t\t\t\t\t\t\t\t\t\t\t\t\t\t\t\t<div class=\"swiper-pagination\"><\/div>\n\t\t\t\t\t\t\t\t\t\t\t\t<\/div>\n\t\t\t\t<\/div>\n\t\t\t\t\t\t\t\t<\/div>\n\t\t\t\t<\/div>\n\t\t\t\t\t<\/div>\n\t\t<\/div>\n\t\t\t\t<div class=\"elementor-column elementor-col-33 elementor-top-column elementor-element elementor-element-1d0e827\" data-id=\"1d0e827\" data-element_type=\"column\" data-e-type=\"column\">\n\t\t\t<div class=\"elementor-widget-wrap\">\n\t\t\t\t\t\t\t<\/div>\n\t\t<\/div>\n\t\t\t\t<div class=\"elementor-column elementor-col-33 elementor-top-column elementor-element elementor-element-c53d082\" data-id=\"c53d082\" data-element_type=\"column\" data-e-type=\"column\">\n\t\t\t<div class=\"elementor-widget-wrap\">\n\t\t\t\t\t\t\t<\/div>\n\t\t<\/div>\n\t\t\t\t\t<\/div>\n\t\t<\/section>\n\t\t\t\t<\/div>\n\t\t","protected":false},"excerpt":{"rendered":"<p>Unsere Kofferaufbauten f\u00fcr das Opel Movano Fahrgestell Erh\u00e4ltlich in folgenden Varianten: &nbsp; Sandwich-Kofferaufbau &#8222;STANDARD&#8220; Der klassische Trockenfracht-Kofferaufbau. Pulverbeschichtet in Farbe Wei\u00df RAL 9016. Das Dach ist ausgef\u00fchrt aus einer GFK-Platte wei\u00df-halbtransparent, 1,6 mm dick. Alle 600 mm ist ein 30 mm hoher Omega-Spriegel verklebt.Die Seitenw\u00e4nde und die Vorderwand&nbsp;bestehen aus 30 mm starken Sandwich-Paneelen. Diese Paneele [&hellip;]<\/p>\n","protected":false},"author":1,"featured_media":0,"parent":2768,"menu_order":0,"comment_status":"closed","ping_status":"closed","template":"elementor_header_footer","meta":{"footnotes":""},"class_list":["post-2802","page","type-page","status-publish","hentry","entry","owp-thumbs-layout-horizontal","owp-btn-normal","owp-tabs-layout-horizontal","has-no-thumbnails","has-product-nav"],"_links":{"self":[{"href":"https:\/\/www.planen-streib.de\/web\/index.php\/wp-json\/wp\/v2\/pages\/2802","targetHints":{"allow":["GET"]}}],"collection":[{"href":"https:\/\/www.planen-streib.de\/web\/index.php\/wp-json\/wp\/v2\/pages"}],"about":[{"href":"https:\/\/www.planen-streib.de\/web\/index.php\/wp-json\/wp\/v2\/types\/page"}],"author":[{"embeddable":true,"href":"https:\/\/www.planen-streib.de\/web\/index.php\/wp-json\/wp\/v2\/users\/1"}],"replies":[{"embeddable":true,"href":"https:\/\/www.planen-streib.de\/web\/index.php\/wp-json\/wp\/v2\/comments?post=2802"}],"version-history":[{"count":10,"href":"https:\/\/www.planen-streib.de\/web\/index.php\/wp-json\/wp\/v2\/pages\/2802\/revisions"}],"predecessor-version":[{"id":3642,"href":"https:\/\/www.planen-streib.de\/web\/index.php\/wp-json\/wp\/v2\/pages\/2802\/revisions\/3642"}],"up":[{"embeddable":true,"href":"https:\/\/www.planen-streib.de\/web\/index.php\/wp-json\/wp\/v2\/pages\/2768"}],"wp:attachment":[{"href":"https:\/\/www.planen-streib.de\/web\/index.php\/wp-json\/wp\/v2\/media?parent=2802"}],"curies":[{"name":"wp","href":"https:\/\/api.w.org\/{rel}","templated":true}]}}