{"id":2781,"date":"2023-11-09T13:04:48","date_gmt":"2023-11-09T12:04:48","guid":{"rendered":"https:\/\/www.planen-streib.de\/web\/?page_id=2781"},"modified":"2025-08-26T15:11:10","modified_gmt":"2025-08-26T13:11:10","slug":"master-kofferaufbauten","status":"publish","type":"page","link":"https:\/\/www.planen-streib.de\/web\/index.php\/produktportfolio\/transporter-kofferaufbauten\/master-kofferaufbauten\/","title":{"rendered":"Master Kofferaufbauten"},"content":{"rendered":"\t\t<div data-elementor-type=\"wp-page\" data-elementor-id=\"2781\" class=\"elementor elementor-2781\" data-elementor-post-type=\"page\">\n\t\t\t\t\t\t<section class=\"elementor-section elementor-top-section elementor-element elementor-element-370d75c elementor-section-boxed elementor-section-height-default elementor-section-height-default\" data-id=\"370d75c\" data-element_type=\"section\" data-e-type=\"section\">\n\t\t\t\t\t\t<div class=\"elementor-container elementor-column-gap-default\">\n\t\t\t\t\t<div class=\"elementor-column elementor-col-100 elementor-top-column elementor-element elementor-element-cd9689a\" data-id=\"cd9689a\" data-element_type=\"column\" data-e-type=\"column\">\n\t\t\t<div class=\"elementor-widget-wrap elementor-element-populated\">\n\t\t\t\t\t\t<div class=\"elementor-element elementor-element-bd50587 elementor-widget elementor-widget-heading\" data-id=\"bd50587\" data-element_type=\"widget\" data-e-type=\"widget\" data-widget_type=\"heading.default\">\n\t\t\t\t<div class=\"elementor-widget-container\">\n\t\t\t\t\t<h1 class=\"elementor-heading-title elementor-size-xl\">Unsere Kofferaufbauten<\/h1>\t\t\t\t<\/div>\n\t\t\t\t<\/div>\n\t\t\t\t\t<\/div>\n\t\t<\/div>\n\t\t\t\t\t<\/div>\n\t\t<\/section>\n\t\t\t\t<section class=\"elementor-section elementor-top-section elementor-element elementor-element-912c66c elementor-section-boxed elementor-section-height-default elementor-section-height-default\" data-id=\"912c66c\" data-element_type=\"section\" data-e-type=\"section\">\n\t\t\t\t\t\t<div class=\"elementor-container elementor-column-gap-default\">\n\t\t\t\t\t<div class=\"elementor-column elementor-col-100 elementor-top-column elementor-element elementor-element-ea089b8\" data-id=\"ea089b8\" data-element_type=\"column\" data-e-type=\"column\">\n\t\t\t<div class=\"elementor-widget-wrap elementor-element-populated\">\n\t\t\t\t\t\t<div class=\"elementor-element elementor-element-2ca8ada elementor-widget elementor-widget-heading\" data-id=\"2ca8ada\" data-element_type=\"widget\" data-e-type=\"widget\" data-widget_type=\"heading.default\">\n\t\t\t\t<div class=\"elementor-widget-container\">\n\t\t\t\t\t<h1 class=\"elementor-heading-title elementor-size-default\">f\u00fcr das Renault Master Fahrgestell<\/h1>\t\t\t\t<\/div>\n\t\t\t\t<\/div>\n\t\t\t\t<div class=\"elementor-element elementor-element-2fe8121 elementor-widget elementor-widget-spacer\" data-id=\"2fe8121\" data-element_type=\"widget\" data-e-type=\"widget\" data-widget_type=\"spacer.default\">\n\t\t\t\t<div class=\"elementor-widget-container\">\n\t\t\t\t\t\t\t<div class=\"elementor-spacer\">\n\t\t\t<div class=\"elementor-spacer-inner\"><\/div>\n\t\t<\/div>\n\t\t\t\t\t\t<\/div>\n\t\t\t\t<\/div>\n\t\t\t\t\t<\/div>\n\t\t<\/div>\n\t\t\t\t\t<\/div>\n\t\t<\/section>\n\t\t\t\t<section class=\"elementor-section elementor-top-section elementor-element elementor-element-5e5d7a2 elementor-section-boxed elementor-section-height-default elementor-section-height-default\" data-id=\"5e5d7a2\" data-element_type=\"section\" data-e-type=\"section\">\n\t\t\t\t\t\t<div class=\"elementor-container elementor-column-gap-default\">\n\t\t\t\t\t<div class=\"elementor-column elementor-col-50 elementor-top-column elementor-element elementor-element-ea88d17\" data-id=\"ea88d17\" data-element_type=\"column\" data-e-type=\"column\">\n\t\t\t<div class=\"elementor-widget-wrap elementor-element-populated\">\n\t\t\t\t\t\t<div class=\"elementor-element elementor-element-4cf523f elementor-widget elementor-widget-image\" data-id=\"4cf523f\" data-element_type=\"widget\" data-e-type=\"widget\" data-widget_type=\"image.default\">\n\t\t\t\t<div class=\"elementor-widget-container\">\n\t\t\t\t\t\t\t\t\t\t\t\t\t\t\t\t<a href=\"https:\/\/www.planen-streib.de\/web\/wp-content\/uploads\/2025\/08\/11111-1.jpg\" data-elementor-open-lightbox=\"yes\" data-e-action-hash=\"#elementor-action%3Aaction%3Dlightbox%26settings%3DeyJpZCI6NDc2MywidXJsIjoiaHR0cHM6XC9cL3d3dy5wbGFuZW4tc3RyZWliLmRlXC93ZWJcL3dwLWNvbnRlbnRcL3VwbG9hZHNcLzIwMjVcLzA4XC8xMTExMS0xLmpwZyJ9\">\n\t\t\t\t\t\t\t<img fetchpriority=\"high\" decoding=\"async\" width=\"1024\" height=\"600\" src=\"https:\/\/www.planen-streib.de\/web\/wp-content\/uploads\/2025\/08\/11111-1-1024x600.jpg\" class=\"attachment-large size-large wp-image-4763\" alt=\"\" srcset=\"https:\/\/www.planen-streib.de\/web\/wp-content\/uploads\/2025\/08\/11111-1-1024x600.jpg 1024w, https:\/\/www.planen-streib.de\/web\/wp-content\/uploads\/2025\/08\/11111-1-300x176.jpg 300w, https:\/\/www.planen-streib.de\/web\/wp-content\/uploads\/2025\/08\/11111-1-768x450.jpg 768w, https:\/\/www.planen-streib.de\/web\/wp-content\/uploads\/2025\/08\/11111-1-600x352.jpg 600w, https:\/\/www.planen-streib.de\/web\/wp-content\/uploads\/2025\/08\/11111-1.jpg 1145w\" sizes=\"(max-width: 1024px) 100vw, 1024px\" \/>\t\t\t\t\t\t\t\t<\/a>\n\t\t\t\t\t\t\t\t\t\t\t\t\t\t\t<\/div>\n\t\t\t\t<\/div>\n\t\t\t\t\t<\/div>\n\t\t<\/div>\n\t\t\t\t<div class=\"elementor-column elementor-col-50 elementor-top-column elementor-element elementor-element-0478eb4\" data-id=\"0478eb4\" data-element_type=\"column\" data-e-type=\"column\">\n\t\t\t<div class=\"elementor-widget-wrap elementor-element-populated\">\n\t\t\t\t\t\t<div class=\"elementor-element elementor-element-fe84556 elementor-widget elementor-widget-image\" data-id=\"fe84556\" data-element_type=\"widget\" data-e-type=\"widget\" data-widget_type=\"image.default\">\n\t\t\t\t<div class=\"elementor-widget-container\">\n\t\t\t\t\t\t\t\t\t\t\t\t\t\t\t\t<a href=\"https:\/\/www.planen-streib.de\/web\/wp-content\/uploads\/2025\/08\/22222.jpg\" data-elementor-open-lightbox=\"yes\" data-e-action-hash=\"#elementor-action%3Aaction%3Dlightbox%26settings%3DeyJpZCI6NDc2MSwidXJsIjoiaHR0cHM6XC9cL3d3dy5wbGFuZW4tc3RyZWliLmRlXC93ZWJcL3dwLWNvbnRlbnRcL3VwbG9hZHNcLzIwMjVcLzA4XC8yMjIyMi5qcGcifQ%3D%3D\">\n\t\t\t\t\t\t\t<img decoding=\"async\" width=\"1024\" height=\"593\" src=\"https:\/\/www.planen-streib.de\/web\/wp-content\/uploads\/2025\/08\/22222-1024x593.jpg\" class=\"attachment-large size-large wp-image-4761\" alt=\"\" srcset=\"https:\/\/www.planen-streib.de\/web\/wp-content\/uploads\/2025\/08\/22222-1024x593.jpg 1024w, https:\/\/www.planen-streib.de\/web\/wp-content\/uploads\/2025\/08\/22222-300x174.jpg 300w, https:\/\/www.planen-streib.de\/web\/wp-content\/uploads\/2025\/08\/22222-768x445.jpg 768w, https:\/\/www.planen-streib.de\/web\/wp-content\/uploads\/2025\/08\/22222-600x348.jpg 600w, https:\/\/www.planen-streib.de\/web\/wp-content\/uploads\/2025\/08\/22222.jpg 1196w\" sizes=\"(max-width: 1024px) 100vw, 1024px\" \/>\t\t\t\t\t\t\t\t<\/a>\n\t\t\t\t\t\t\t\t\t\t\t\t\t\t\t<\/div>\n\t\t\t\t<\/div>\n\t\t\t\t\t<\/div>\n\t\t<\/div>\n\t\t\t\t\t<\/div>\n\t\t<\/section>\n\t\t\t\t<section class=\"elementor-section elementor-top-section elementor-element elementor-element-690180e elementor-section-boxed elementor-section-height-default elementor-section-height-default\" data-id=\"690180e\" data-element_type=\"section\" data-e-type=\"section\">\n\t\t\t\t\t\t<div class=\"elementor-container elementor-column-gap-default\">\n\t\t\t\t\t<div class=\"elementor-column elementor-col-50 elementor-top-column elementor-element elementor-element-8f5f25f\" data-id=\"8f5f25f\" data-element_type=\"column\" data-e-type=\"column\">\n\t\t\t<div class=\"elementor-widget-wrap elementor-element-populated\">\n\t\t\t\t\t\t<div class=\"elementor-element elementor-element-042275c elementor-widget__width-initial elementor-widget elementor-widget-text-editor\" data-id=\"042275c\" data-element_type=\"widget\" data-e-type=\"widget\" data-widget_type=\"text-editor.default\">\n\t\t\t\t<div class=\"elementor-widget-container\">\n\t\t\t\t\t\t\t\t\t<h1><span style=\"color: #808080;\">Erh\u00e4ltlich in folgenden Varianten:<\/span><\/h1><div><span style=\"color: #808080;\">\u00a0<\/span><\/div><ul><li><h3><span style=\"color: #808080;\">Sandwich-Kofferaufbau &#8222;STANDARD&#8220;<\/span><\/h3><\/li><\/ul><p>Der klassische Trockenfracht-Kofferaufbau. <br \/>Pulverbeschichtet in Farbe Wei\u00df RAL 9016.<\/p><p><strong>Das Dach<\/strong> ist ausgef\u00fchrt aus einer GFK-Platte wei\u00df-halbtransparent, 1,6 mm dick. Alle 600 mm ist ein 30 mm hoher Omega-Spriegel verklebt.<br \/><strong>Die Seitenw\u00e4nde und die Vorderwand<\/strong>\u00a0bestehen aus 30 mm starken Sandwich-Paneelen. Diese Paneele bestehen aus einer glasfaserverst\u00e4rkten Polyesterdeckschicht (2,5 mm dick auf beiden Seiten) und einem Kern aus extrudiertem Polystyrolschaum. Serienm\u00e4\u00dfig verbaut ist hier eine Alu-Sockelscheuerleiste 250 mm hoch und 1,5 mm stark. Es lassen sich zahlreiche Zurrschienen wie Airline-Schienen, St\u00e4bchen-Zurrschienen oder Kombi-Ankerschienen\u00a0auf den W\u00e4nden montieren\u00a0oder\u00a0in den W\u00e4nden teilversenkt montieren.<br \/><strong>Das Heckportal<\/strong>\u00a0ist wahlweise mit 2-fl\u00fcgeligen, abschlie\u00dfbaren Heckt\u00fcren aus Sandwich-Paneelen- oder mit einer Ladebordwand\u00a0( Fabrikat B\u00c4R oder Dautel )\u00a0mit 750 kg Traglast erh\u00e4ltlich. Die Heckt\u00fcren enthalten einen innenliegenden Edelstahlverschluss je T\u00fcr und angeschlagene Edelstahl-Scharniere. Die Version mit Ladebordwand enth\u00e4lt eine obere Heckklappe aus Sandwich-Paneelen mit Gasfedern und Regenleiste.<br \/><strong>Der Unterbau<\/strong>\u00a0besteht komplett aus stabilen Aluminium-L\u00e4ngstr\u00e4gern und Aluminium-Quertr\u00e4gern, der Boden aus 18 mm starken Siebdruckplatten. <strong>Serienm\u00e4\u00dfig verbaut<\/strong> ist eine 2-stufige Trittleiter hinten rechts, welche nach Wunsch optional durch eine ausziehbare M\u00f6beltreppe erg\u00e4nzt werden kann (bei Version ohne Ladebordwand).<\/p>\t\t\t\t\t\t\t\t<\/div>\n\t\t\t\t<\/div>\n\t\t\t\t<div class=\"elementor-element elementor-element-e22868d elementor-widget elementor-widget-text-editor\" data-id=\"e22868d\" data-element_type=\"widget\" data-e-type=\"widget\" data-widget_type=\"text-editor.default\">\n\t\t\t\t<div class=\"elementor-widget-container\">\n\t\t\t\t\t\t\t\t\t<p><br><\/p>\n<h3 style=\"font-variant-ligatures: normal; font-variant-caps: normal; font-family: Roboto, sans-serif; font-style: normal;\"><span style=\"font-size: 18px; color: #808080;\"><span style=\"font-size: 18px; color: #0000ff;\"><a style=\"font-size: 18px; color: #0000ff;\" href=\"https:\/\/www.planen-streib.de\/web\/index.php\/sonderausstattungen\/\" target=\"_blank\" rel=\"noopener\">Sonderausstattung \/ Zubeh\u00f6r:<\/a>&nbsp;<\/span><\/span><\/h3>\n<ul style=\"font-variant-ligatures: normal; font-variant-caps: normal; font-family: Roboto, sans-serif; font-size: 17px; font-style: normal; font-weight: 400; color: #888787;\">\n<li style=\"font-size: 17px;\">3-D Dachspoiler<\/li>\n<li style=\"font-size: 17px;\">Ausziehbare M\u00f6beltreppe<\/li>\n<li style=\"font-size: 17px;\">Nadelfilz-Verkleidung seitlich und vorne<\/li>\n<li style=\"font-size: 17px;\">Zus\u00e4tzliche Seitent\u00fcre mit\/ohne Personent\u00fcrverschluss<\/li>\n<li style=\"font-size: 17px;\">Zus\u00e4tzliche Zurrlaschen im Holzboden eingelassen<\/li>\n<li style=\"font-size: 17px;\">Kunststoff-Staukasten unter der Pritsche (abschlie\u00dfbar)<\/li>\n<li style=\"font-size: 17px;\">R\u00fcckfahrkamera oben am Kofferaufbau verbaut<\/li>\n<li style=\"font-size: 17px;\">LED-Ladefl\u00e4chenbeleuchtung oben im Kofferaufbau<\/li>\n<\/ul>\t\t\t\t\t\t\t\t<\/div>\n\t\t\t\t<\/div>\n\t\t\t\t\t<\/div>\n\t\t<\/div>\n\t\t\t\t<div class=\"elementor-column elementor-col-50 elementor-top-column elementor-element elementor-element-4691774\" data-id=\"4691774\" data-element_type=\"column\" data-e-type=\"column\">\n\t\t\t<div class=\"elementor-widget-wrap elementor-element-populated\">\n\t\t\t\t\t\t<section class=\"elementor-section elementor-inner-section elementor-element elementor-element-f05630a elementor-section-boxed elementor-section-height-default elementor-section-height-default\" data-id=\"f05630a\" data-element_type=\"section\" data-e-type=\"section\">\n\t\t\t\t\t\t<div class=\"elementor-container elementor-column-gap-default\">\n\t\t\t\t\t<div class=\"elementor-column elementor-col-100 elementor-inner-column elementor-element elementor-element-074c936\" data-id=\"074c936\" data-element_type=\"column\" data-e-type=\"column\">\n\t\t\t<div class=\"elementor-widget-wrap elementor-element-populated\">\n\t\t\t\t\t\t<div class=\"elementor-element elementor-element-7d5ee91 elementor-widget__width-initial elementor-widget elementor-widget-text-editor\" data-id=\"7d5ee91\" data-element_type=\"widget\" data-e-type=\"widget\" data-widget_type=\"text-editor.default\">\n\t\t\t\t<div class=\"elementor-widget-container\">\n\t\t\t\t\t\t\t\t\t<ul>\n<li>\n<h3><span style=\"color: #808080;\">Sandwich-Kofferaufbau &#8222;LIGHTWEIGHT&#8220;<\/span><\/h3>\n<\/li>\n<\/ul>\n<p>Der klassische Trockenfracht-Kofferaufbau in Leichtbauweise. <br>Lackiert in Farbe Wei\u00df oder in Fahrzeugfarbe<\/p>\n<p><strong>Das Dach<\/strong>&nbsp;ist ausgef\u00fchrt aus einer GFK-Platte wei\u00df-halbtransparent, 1,6 mm dick. Alle 600 mm ist ein 30 mm hoher Omega-Spriegel verklebt.<br><strong>Die Seitenw\u00e4nde und die Vorderwand<\/strong>&nbsp;bestehen aus 25 mm starken Sandwich-Paneelen mit&nbsp;100 % recyceltem PET-Schaum, die Innen- und Au\u00dfendeckschicht aus glasfaserverst\u00e4rktem GFK. Serienm\u00e4\u00dfig verbaut ist hier eine Alu Sockelscheuerleiste 250 mm hoch und 1,5 mm stark. Es lassen sich zahlreiche Zurrschienen wie Airline-Schienen, St\u00e4bchen-Zurrschienen oder Kombi-Ankerschienen&nbsp;auf den W\u00e4nden montieren.<br><strong>Das Heckportal<\/strong>&nbsp;ist wahlweise mit 2-fl\u00fcgeligen, abschlie\u00dfbaren Heckt\u00fcren aus Sandwich-Paneelen- oder mit einer Ladebordwand&nbsp;( Fabrikat B\u00c4R oder Dautel )&nbsp;mit 750 kg Traglast erh\u00e4ltlich. Die Heckt\u00fcren enthalten einen innenliegenden Edelstahlverschluss in der rechten T\u00fcre und angeschlagene Aluminium-Scharniere. Die Version mit Ladebordwand enth\u00e4lt eine obere Heckklappe aus Sandwich-Paneelen mit Gasfedern und Regenleiste.<br><strong>Der Unterbau<\/strong>&nbsp;besteht komplett aus stabilen Aluminium-L\u00e4ngstr\u00e4gern und Aluminium-Quertr\u00e4gern, der Boden aus 15 mm starken Siebdruckplatten. Serienm\u00e4\u00dfig verbaut ist eine 2-stufige Trittleiter hinten rechts, welche nach Wunsch optional durch eine ausziehbare M\u00f6beltreppe erg\u00e4nzt werden kann (bei Version ohne Ladebordwand).<\/p>\n<ul>\n<li>W\u00e4hlen Sie aus verschiedenen Innenl\u00e4ngen von 2430 bis 4530 mm.<\/li>\n<li>W\u00e4hlen Sie aus verschiedenen Innenbreiten von 2030 bis 2330 mm.<\/li>\n<li>W\u00e4hlen Sie aus verschiedenen Innenh\u00f6hen von 1350 bis zu 2350 mm.<\/li>\n<\/ul>\t\t\t\t\t\t\t\t<\/div>\n\t\t\t\t<\/div>\n\t\t\t\t\t<\/div>\n\t\t<\/div>\n\t\t\t\t\t<\/div>\n\t\t<\/section>\n\t\t\t\t\t<\/div>\n\t\t<\/div>\n\t\t\t\t\t<\/div>\n\t\t<\/section>\n\t\t\t\t<\/div>\n\t\t","protected":false},"excerpt":{"rendered":"<p>Unsere Kofferaufbauten f\u00fcr das Renault Master Fahrgestell Erh\u00e4ltlich in folgenden Varianten: \u00a0 Sandwich-Kofferaufbau &#8222;STANDARD&#8220; Der klassische Trockenfracht-Kofferaufbau. Pulverbeschichtet in Farbe Wei\u00df RAL 9016. Das Dach ist ausgef\u00fchrt aus einer GFK-Platte wei\u00df-halbtransparent, 1,6 mm dick. Alle 600 mm ist ein 30 mm hoher Omega-Spriegel verklebt.Die Seitenw\u00e4nde und die Vorderwand\u00a0bestehen aus 30 mm starken Sandwich-Paneelen. Diese Paneele [&hellip;]<\/p>\n","protected":false},"author":1,"featured_media":0,"parent":2768,"menu_order":0,"comment_status":"closed","ping_status":"closed","template":"elementor_header_footer","meta":{"footnotes":""},"class_list":["post-2781","page","type-page","status-publish","hentry","entry","owp-thumbs-layout-horizontal","owp-btn-normal","owp-tabs-layout-horizontal","has-no-thumbnails","has-product-nav"],"_links":{"self":[{"href":"https:\/\/www.planen-streib.de\/web\/index.php\/wp-json\/wp\/v2\/pages\/2781","targetHints":{"allow":["GET"]}}],"collection":[{"href":"https:\/\/www.planen-streib.de\/web\/index.php\/wp-json\/wp\/v2\/pages"}],"about":[{"href":"https:\/\/www.planen-streib.de\/web\/index.php\/wp-json\/wp\/v2\/types\/page"}],"author":[{"embeddable":true,"href":"https:\/\/www.planen-streib.de\/web\/index.php\/wp-json\/wp\/v2\/users\/1"}],"replies":[{"embeddable":true,"href":"https:\/\/www.planen-streib.de\/web\/index.php\/wp-json\/wp\/v2\/comments?post=2781"}],"version-history":[{"count":10,"href":"https:\/\/www.planen-streib.de\/web\/index.php\/wp-json\/wp\/v2\/pages\/2781\/revisions"}],"predecessor-version":[{"id":4775,"href":"https:\/\/www.planen-streib.de\/web\/index.php\/wp-json\/wp\/v2\/pages\/2781\/revisions\/4775"}],"up":[{"embeddable":true,"href":"https:\/\/www.planen-streib.de\/web\/index.php\/wp-json\/wp\/v2\/pages\/2768"}],"wp:attachment":[{"href":"https:\/\/www.planen-streib.de\/web\/index.php\/wp-json\/wp\/v2\/media?parent=2781"}],"curies":[{"name":"wp","href":"https:\/\/api.w.org\/{rel}","templated":true}]}}