{"id":2512,"date":"2023-11-08T12:56:36","date_gmt":"2023-11-08T11:56:36","guid":{"rendered":"https:\/\/www.planen-streib.de\/web\/?page_id=2512"},"modified":"2023-11-11T13:39:59","modified_gmt":"2023-11-11T12:39:59","slug":"jumper-kipperaufbauten","status":"publish","type":"page","link":"https:\/\/www.planen-streib.de\/web\/index.php\/produktportfolio\/transporter-kipperaufbauten\/jumper-kipperaufbauten\/","title":{"rendered":"Jumper Kipperaufbauten"},"content":{"rendered":"\t\t<div data-elementor-type=\"wp-page\" data-elementor-id=\"2512\" class=\"elementor elementor-2512\" data-elementor-post-type=\"page\">\n\t\t\t\t\t\t<section class=\"elementor-section elementor-top-section elementor-element elementor-element-370d75c elementor-section-boxed elementor-section-height-default elementor-section-height-default\" data-id=\"370d75c\" data-element_type=\"section\" data-e-type=\"section\">\n\t\t\t\t\t\t<div class=\"elementor-container elementor-column-gap-default\">\n\t\t\t\t\t<div class=\"elementor-column elementor-col-100 elementor-top-column elementor-element elementor-element-cd9689a\" data-id=\"cd9689a\" data-element_type=\"column\" data-e-type=\"column\">\n\t\t\t<div class=\"elementor-widget-wrap elementor-element-populated\">\n\t\t\t\t\t\t<div class=\"elementor-element elementor-element-bd50587 elementor-widget elementor-widget-heading\" data-id=\"bd50587\" data-element_type=\"widget\" data-e-type=\"widget\" data-widget_type=\"heading.default\">\n\t\t\t\t<div class=\"elementor-widget-container\">\n\t\t\t\t\t<h1 class=\"elementor-heading-title elementor-size-xl\">Unsere 3-Seiten-Kipper<\/h1>\t\t\t\t<\/div>\n\t\t\t\t<\/div>\n\t\t\t\t\t<\/div>\n\t\t<\/div>\n\t\t\t\t\t<\/div>\n\t\t<\/section>\n\t\t\t\t<section class=\"elementor-section elementor-top-section elementor-element elementor-element-912c66c elementor-section-boxed elementor-section-height-default elementor-section-height-default\" data-id=\"912c66c\" data-element_type=\"section\" data-e-type=\"section\">\n\t\t\t\t\t\t<div class=\"elementor-container elementor-column-gap-default\">\n\t\t\t\t\t<div class=\"elementor-column elementor-col-100 elementor-top-column elementor-element elementor-element-ea089b8\" data-id=\"ea089b8\" data-element_type=\"column\" data-e-type=\"column\">\n\t\t\t<div class=\"elementor-widget-wrap elementor-element-populated\">\n\t\t\t\t\t\t<div class=\"elementor-element elementor-element-2ca8ada elementor-widget elementor-widget-heading\" data-id=\"2ca8ada\" data-element_type=\"widget\" data-e-type=\"widget\" data-widget_type=\"heading.default\">\n\t\t\t\t<div class=\"elementor-widget-container\">\n\t\t\t\t\t<h1 class=\"elementor-heading-title elementor-size-default\">f\u00fcr das Citro\u00ebn Jumper Fahrgestell<\/h1>\t\t\t\t<\/div>\n\t\t\t\t<\/div>\n\t\t\t\t<div class=\"elementor-element elementor-element-2fe8121 elementor-widget elementor-widget-spacer\" data-id=\"2fe8121\" data-element_type=\"widget\" data-e-type=\"widget\" data-widget_type=\"spacer.default\">\n\t\t\t\t<div class=\"elementor-widget-container\">\n\t\t\t\t\t\t\t<div class=\"elementor-spacer\">\n\t\t\t<div class=\"elementor-spacer-inner\"><\/div>\n\t\t<\/div>\n\t\t\t\t\t\t<\/div>\n\t\t\t\t<\/div>\n\t\t\t\t\t<\/div>\n\t\t<\/div>\n\t\t\t\t\t<\/div>\n\t\t<\/section>\n\t\t\t\t<section class=\"elementor-section elementor-top-section elementor-element elementor-element-b6a0935 elementor-section-boxed elementor-section-height-default elementor-section-height-default\" data-id=\"b6a0935\" data-element_type=\"section\" data-e-type=\"section\">\n\t\t\t\t\t\t<div class=\"elementor-container elementor-column-gap-default\">\n\t\t\t\t\t<div class=\"elementor-column elementor-col-50 elementor-top-column elementor-element elementor-element-66d7720\" data-id=\"66d7720\" data-element_type=\"column\" data-e-type=\"column\">\n\t\t\t<div class=\"elementor-widget-wrap elementor-element-populated\">\n\t\t\t\t\t\t<div class=\"elementor-element elementor-element-9b9dea9 elementor-widget elementor-widget-image\" data-id=\"9b9dea9\" data-element_type=\"widget\" data-e-type=\"widget\" data-widget_type=\"image.default\">\n\t\t\t\t<div class=\"elementor-widget-container\">\n\t\t\t\t\t\t\t\t\t\t\t\t\t\t\t\t<a href=\"https:\/\/www.planen-streib.de\/web\/wp-content\/uploads\/2023\/11\/Movano-FG1.jpg\" data-elementor-open-lightbox=\"yes\" data-e-action-hash=\"#elementor-action%3Aaction%3Dlightbox%26settings%3DeyJpZCI6MTg2MywidXJsIjoiaHR0cHM6XC9cL3d3dy5wbGFuZW4tc3RyZWliLmRlXC93ZWJcL3dwLWNvbnRlbnRcL3VwbG9hZHNcLzIwMjNcLzExXC9Nb3Zhbm8tRkcxLmpwZyJ9\">\n\t\t\t\t\t\t\t<img fetchpriority=\"high\" decoding=\"async\" width=\"1024\" height=\"474\" src=\"https:\/\/www.planen-streib.de\/web\/wp-content\/uploads\/2023\/11\/Movano-FG1-1024x474.jpg\" class=\"attachment-large size-large wp-image-1863\" alt=\"\" srcset=\"https:\/\/www.planen-streib.de\/web\/wp-content\/uploads\/2023\/11\/Movano-FG1-1024x474.jpg 1024w, https:\/\/www.planen-streib.de\/web\/wp-content\/uploads\/2023\/11\/Movano-FG1-300x139.jpg 300w, https:\/\/www.planen-streib.de\/web\/wp-content\/uploads\/2023\/11\/Movano-FG1-768x355.jpg 768w, https:\/\/www.planen-streib.de\/web\/wp-content\/uploads\/2023\/11\/Movano-FG1-1536x710.jpg 1536w, https:\/\/www.planen-streib.de\/web\/wp-content\/uploads\/2023\/11\/Movano-FG1-2048x947.jpg 2048w, https:\/\/www.planen-streib.de\/web\/wp-content\/uploads\/2023\/11\/Movano-FG1-600x278.jpg 600w\" sizes=\"(max-width: 1024px) 100vw, 1024px\" \/>\t\t\t\t\t\t\t\t<\/a>\n\t\t\t\t\t\t\t\t\t\t\t\t\t\t\t<\/div>\n\t\t\t\t<\/div>\n\t\t\t\t\t<\/div>\n\t\t<\/div>\n\t\t\t\t<div class=\"elementor-column elementor-col-50 elementor-top-column elementor-element elementor-element-637e133\" data-id=\"637e133\" data-element_type=\"column\" data-e-type=\"column\">\n\t\t\t<div class=\"elementor-widget-wrap elementor-element-populated\">\n\t\t\t\t\t\t<div class=\"elementor-element elementor-element-1c53e1c elementor-widget elementor-widget-image\" data-id=\"1c53e1c\" data-element_type=\"widget\" data-e-type=\"widget\" data-widget_type=\"image.default\">\n\t\t\t\t<div class=\"elementor-widget-container\">\n\t\t\t\t\t\t\t\t\t\t\t\t\t\t\t\t<a href=\"https:\/\/www.planen-streib.de\/web\/wp-content\/uploads\/2023\/11\/Movano-FG-2.jpg\" data-elementor-open-lightbox=\"yes\" data-e-action-hash=\"#elementor-action%3Aaction%3Dlightbox%26settings%3DeyJpZCI6MTg2MiwidXJsIjoiaHR0cHM6XC9cL3d3dy5wbGFuZW4tc3RyZWliLmRlXC93ZWJcL3dwLWNvbnRlbnRcL3VwbG9hZHNcLzIwMjNcLzExXC9Nb3Zhbm8tRkctMi5qcGcifQ%3D%3D\">\n\t\t\t\t\t\t\t<img decoding=\"async\" width=\"1024\" height=\"474\" src=\"https:\/\/www.planen-streib.de\/web\/wp-content\/uploads\/2023\/11\/Movano-FG-2-1024x474.jpg\" class=\"attachment-large size-large wp-image-1862\" alt=\"\" srcset=\"https:\/\/www.planen-streib.de\/web\/wp-content\/uploads\/2023\/11\/Movano-FG-2-1024x474.jpg 1024w, https:\/\/www.planen-streib.de\/web\/wp-content\/uploads\/2023\/11\/Movano-FG-2-300x139.jpg 300w, https:\/\/www.planen-streib.de\/web\/wp-content\/uploads\/2023\/11\/Movano-FG-2-768x355.jpg 768w, https:\/\/www.planen-streib.de\/web\/wp-content\/uploads\/2023\/11\/Movano-FG-2-1536x710.jpg 1536w, https:\/\/www.planen-streib.de\/web\/wp-content\/uploads\/2023\/11\/Movano-FG-2-2048x947.jpg 2048w, https:\/\/www.planen-streib.de\/web\/wp-content\/uploads\/2023\/11\/Movano-FG-2-600x278.jpg 600w\" sizes=\"(max-width: 1024px) 100vw, 1024px\" \/>\t\t\t\t\t\t\t\t<\/a>\n\t\t\t\t\t\t\t\t\t\t\t\t\t\t\t<\/div>\n\t\t\t\t<\/div>\n\t\t\t\t\t<\/div>\n\t\t<\/div>\n\t\t\t\t\t<\/div>\n\t\t<\/section>\n\t\t\t\t<section class=\"elementor-section elementor-top-section elementor-element elementor-element-d9ad7ea elementor-section-boxed elementor-section-height-default elementor-section-height-default\" data-id=\"d9ad7ea\" data-element_type=\"section\" data-e-type=\"section\">\n\t\t\t\t\t\t<div class=\"elementor-container elementor-column-gap-default\">\n\t\t\t\t\t<div class=\"elementor-column elementor-col-50 elementor-top-column elementor-element elementor-element-04245a3\" data-id=\"04245a3\" data-element_type=\"column\" data-e-type=\"column\">\n\t\t\t<div class=\"elementor-widget-wrap elementor-element-populated\">\n\t\t\t\t\t\t<div class=\"elementor-element elementor-element-fd0a0c4 elementor-widget__width-initial elementor-widget elementor-widget-text-editor\" data-id=\"fd0a0c4\" data-element_type=\"widget\" data-e-type=\"widget\" data-widget_type=\"text-editor.default\">\n\t\t\t\t<div class=\"elementor-widget-container\">\n\t\t\t\t\t\t\t\t\t<h1><span style=\"color: #808080;\">Erh\u00e4ltlich in folgenden Varianten:<\/span><\/h1><div><span style=\"color: #808080;\">\u00a0<\/span><\/div><ul><li><h3><span style=\"color: #808080;\">Aluminium 3-Seiten-Kipper<\/span><\/h3><\/li><\/ul><p>Der Kipper ist aus 100 % Aluminium gefertigt und besitzt 400 mm hohe Bordw\u00e4nde. <strong>Serienm\u00e4\u00dfig verbaut ist ein Gitter-Kabinenschutz \/ Leitertr\u00e4ger vorn, eine pendelbare Heckbordwand und sto\u00dfd\u00e4mmende Gummianschl\u00e4ge auf den Bordw\u00e4nden<\/strong>. Der Kippvorgang erfolgt \u00fcber einen Scherenzylinder mit hoher Tragf\u00e4higkeit, welcher eine schnellere Kippgeschwindigkeit erm\u00f6glicht wie ein Teleskopzylinder. Die Aluminium-Bordw\u00e4nde sind 2,8 mm dick mit einer gerippten Verst\u00e4rkung. Der Pritschenboden besteht aus 4 mm starkem Aluminiumprofil 5083 H111 mit entsprechenden Verst\u00e4rkungen und rohrf\u00f6rmigen L\u00e4ngstr\u00e4gern. Der Hilfsrahmen besteht aus einem stabilen 6 mm dicken Aluminiumprofil. Der Pritschenboden besitzt 6 &#8211; 8 St. eingelassene Verzurr\u00f6sen zur Ladungssicherung. Das elektrohydraulische Aggregat von Bosch Rexroth bietet eine zuverl\u00e4ssige und langlebige Laufzeit. Serienm\u00e4\u00dfig lackiert ist der Kipper in Farbe wei\u00df oder silbergrau, kann jedoch nach Wunsch auch in genauer Fahrzeugfarbe oder in RAL-Farben lackiert werden.<\/p><ul><li><h3><span style=\"color: #808080;\">Stahl 3-Seiten-Kipper<\/span><\/h3><\/li><\/ul><p>Der Kipper ist aus Stahl gefertigt und besitzt 400 mm hohe Aluminium-Bordw\u00e4nde. <strong>Serienm\u00e4\u00dfig verbaut ist ein Gitter-Kabinenschutz \/ Leitertr\u00e4ger vorn, eine pendelbare Heckbordwand und sto\u00dfd\u00e4mmende Gummianschl\u00e4ge auf den Bordw\u00e4nden<\/strong>. Der Kippvorgang erfolgt \u00fcber einen Scherenzylinder mit hoher Tragf\u00e4higkeit, welcher eine schnellere Kippgeschwindigkeit erm\u00f6glicht wie ein Teleskopzylinder. Die Aluminium-Bordw\u00e4nde sind 2,8 mm dick mit einer gerippten Verst\u00e4rkung. Der Pritschenboden besteht aus 3 mm starkem Stahlprofil HX500 mit entsprechenden Verst\u00e4rkungen und rohrf\u00f6rmigen L\u00e4ngstr\u00e4gern. Der Hilfsrahmen besteht aus einem stabilen 4 mm dicken Stahlprofil. Der Pritschenboden besitzt 6 &#8211; 8 St. eingelassene Verzurr\u00f6sen zur Ladungssicherung. Das elektrohydraulische Aggregat von Bosch Rexroth bietet eine zuverl\u00e4ssige und langlebige Laufzeit. Serienm\u00e4\u00dfig lackiert ist der Kipper in Farbe wei\u00df oder silbergrau, kann jedoch nach Wunsch auch in genauer Fahrzeugfarbe oder in RAL-Farben lackiert werden.<\/p>\t\t\t\t\t\t\t\t<\/div>\n\t\t\t\t<\/div>\n\t\t\t\t\t<\/div>\n\t\t<\/div>\n\t\t\t\t<div class=\"elementor-column elementor-col-50 elementor-top-column elementor-element elementor-element-384bd38\" data-id=\"384bd38\" data-element_type=\"column\" data-e-type=\"column\">\n\t\t\t<div class=\"elementor-widget-wrap elementor-element-populated\">\n\t\t\t\t\t\t<section class=\"elementor-section elementor-inner-section elementor-element elementor-element-4c17a31 elementor-section-boxed elementor-section-height-default elementor-section-height-default\" data-id=\"4c17a31\" data-element_type=\"section\" data-e-type=\"section\">\n\t\t\t\t\t\t<div class=\"elementor-container elementor-column-gap-default\">\n\t\t\t\t\t<div class=\"elementor-column elementor-col-100 elementor-inner-column elementor-element elementor-element-29b4f2b\" data-id=\"29b4f2b\" data-element_type=\"column\" data-e-type=\"column\">\n\t\t\t<div class=\"elementor-widget-wrap elementor-element-populated\">\n\t\t\t\t\t\t<div class=\"elementor-element elementor-element-97ea07e elementor-widget__width-initial elementor-widget elementor-widget-image\" data-id=\"97ea07e\" data-element_type=\"widget\" data-e-type=\"widget\" data-widget_type=\"image.default\">\n\t\t\t\t<div class=\"elementor-widget-container\">\n\t\t\t\t\t\t\t\t\t\t\t\t\t\t\t\t<a href=\"https:\/\/www.planen-streib.de\/web\/wp-content\/uploads\/2023\/11\/Stellantis.png\" data-elementor-open-lightbox=\"yes\" data-e-action-hash=\"#elementor-action%3Aaction%3Dlightbox%26settings%3DeyJpZCI6MTQ5MywidXJsIjoiaHR0cHM6XC9cL3d3dy5wbGFuZW4tc3RyZWliLmRlXC93ZWJcL3dwLWNvbnRlbnRcL3VwbG9hZHNcLzIwMjNcLzExXC9TdGVsbGFudGlzLnBuZyJ9\">\n\t\t\t\t\t\t\t<img decoding=\"async\" width=\"681\" height=\"873\" src=\"https:\/\/www.planen-streib.de\/web\/wp-content\/uploads\/2023\/11\/Stellantis.png\" class=\"attachment-medium_large size-medium_large wp-image-1493\" alt=\"\" srcset=\"https:\/\/www.planen-streib.de\/web\/wp-content\/uploads\/2023\/11\/Stellantis.png 681w, https:\/\/www.planen-streib.de\/web\/wp-content\/uploads\/2023\/11\/Stellantis-234x300.png 234w, https:\/\/www.planen-streib.de\/web\/wp-content\/uploads\/2023\/11\/Stellantis-600x769.png 600w\" sizes=\"(max-width: 681px) 100vw, 681px\" \/>\t\t\t\t\t\t\t\t<\/a>\n\t\t\t\t\t\t\t\t\t\t\t\t\t\t\t<\/div>\n\t\t\t\t<\/div>\n\t\t\t\t\t<\/div>\n\t\t<\/div>\n\t\t\t\t\t<\/div>\n\t\t<\/section>\n\t\t\t\t<div class=\"elementor-element elementor-element-1731635 elementor-widget elementor-widget-text-editor\" data-id=\"1731635\" data-element_type=\"widget\" data-e-type=\"widget\" data-widget_type=\"text-editor.default\">\n\t\t\t\t<div class=\"elementor-widget-container\">\n\t\t\t\t\t\t\t\t\t<h3 style=\"font-variant-ligatures: normal; font-variant-caps: normal; font-family: Roboto, sans-serif; font-style: normal;\"><span style=\"font-size: 18px; color: #808080;\"><span style=\"font-size: 18px; color: #0000ff;\"><a style=\"font-size: 18px; color: #0000ff;\" href=\"https:\/\/www.planen-streib.de\/web\/index.php\/sonderausstattungen\/\" target=\"_blank\" rel=\"noopener\">Sonderausstattung \/ Zubeh\u00f6r:<\/a>\u00a0<\/span><\/span><\/h3><ul style=\"font-variant-ligatures: normal; font-variant-caps: normal; font-family: Roboto, sans-serif; font-size: 17px; font-style: normal; font-weight: 400;\"><li style=\"font-size: 17px;\">LED-Rundumkennleuchten<\/li><li style=\"font-size: 17px;\">LED-Lichtwarnbalken<\/li><li style=\"font-size: 17px;\">LED-Blitzleuchten<\/li><li style=\"font-size: 17px;\">Warnmarkierung rot\/wei\u00df gem. DIN 30710<\/li><li style=\"font-size: 17px;\">Bordwanderh\u00f6hung 450 mm oder 900 mm<\/li><li style=\"font-size: 17px;\">Planenaufbau in verschiedenen Aufbauh\u00f6hen<\/li><li style=\"font-size: 17px;\">Kunststoff-Staukasten unter dem Kipper (abschlie\u00dfbar)<\/li><li style=\"font-size: 17px;\">R\u00fcckfahrkamera unter dem Kipper verbaut<\/li><li style=\"font-size: 17px;\">LED-Arbeitsscheinwerfer vorn links am Leitertr\u00e4ger<\/li><li style=\"font-size: 17px;\">LED-Rundumkennleuchte am Leitertr\u00e4ger oder auf der Fahrerkabine<\/li><li style=\"font-size: 17px;\">Werkzeug- und Ger\u00e4tekasten hinter der Fahrerkabine<\/li><\/ul>\t\t\t\t\t\t\t\t<\/div>\n\t\t\t\t<\/div>\n\t\t\t\t<section class=\"elementor-section elementor-inner-section elementor-element elementor-element-d01292a elementor-section-boxed elementor-section-height-default elementor-section-height-default\" data-id=\"d01292a\" data-element_type=\"section\" data-e-type=\"section\">\n\t\t\t\t\t\t<div class=\"elementor-container elementor-column-gap-default\">\n\t\t\t\t\t<div class=\"elementor-column elementor-col-100 elementor-inner-column elementor-element elementor-element-aa0dead\" data-id=\"aa0dead\" data-element_type=\"column\" data-e-type=\"column\">\n\t\t\t<div class=\"elementor-widget-wrap elementor-element-populated\">\n\t\t\t\t\t\t<div class=\"elementor-element elementor-element-dcaa614 elementor-align-center elementor-widget elementor-widget-button\" data-id=\"dcaa614\" data-element_type=\"widget\" data-e-type=\"widget\" data-widget_type=\"button.default\">\n\t\t\t\t<div class=\"elementor-widget-container\">\n\t\t\t\t\t\t\t\t\t<div class=\"elementor-button-wrapper\">\n\t\t\t\t\t<a class=\"elementor-button elementor-button-link elementor-size-xl\" href=\"https:\/\/forms.office.com\/Pages\/ResponsePage.aspx?id=EvmW_6ncE0uNigNdFkfWMTjnFHk5gYZBmylnARM2Zl9UQkVTNVY4RjlXNkNYSTZFSEI2WlM0T1FVWS4u\">\n\t\t\t\t\t\t<span class=\"elementor-button-content-wrapper\">\n\t\t\t\t\t\t\t\t\t<span class=\"elementor-button-text\">Anfrageformular 3-Seiten-Kipper<\/span>\n\t\t\t\t\t<\/span>\n\t\t\t\t\t<\/a>\n\t\t\t\t<\/div>\n\t\t\t\t\t\t\t\t<\/div>\n\t\t\t\t<\/div>\n\t\t\t\t\t<\/div>\n\t\t<\/div>\n\t\t\t\t\t<\/div>\n\t\t<\/section>\n\t\t\t\t\t<\/div>\n\t\t<\/div>\n\t\t\t\t\t<\/div>\n\t\t<\/section>\n\t\t\t\t<\/div>\n\t\t","protected":false},"excerpt":{"rendered":"<p>Unsere 3-Seiten-Kipper f\u00fcr das Citro\u00ebn Jumper Fahrgestell Erh\u00e4ltlich in folgenden Varianten: \u00a0 Aluminium 3-Seiten-Kipper Der Kipper ist aus 100 % Aluminium gefertigt und besitzt 400 mm hohe Bordw\u00e4nde. Serienm\u00e4\u00dfig verbaut ist ein Gitter-Kabinenschutz \/ Leitertr\u00e4ger vorn, eine pendelbare Heckbordwand und sto\u00dfd\u00e4mmende Gummianschl\u00e4ge auf den Bordw\u00e4nden. Der Kippvorgang erfolgt \u00fcber einen Scherenzylinder mit hoher Tragf\u00e4higkeit, welcher [&hellip;]<\/p>\n","protected":false},"author":1,"featured_media":0,"parent":2499,"menu_order":0,"comment_status":"closed","ping_status":"closed","template":"elementor_header_footer","meta":{"footnotes":""},"class_list":["post-2512","page","type-page","status-publish","hentry","entry","owp-thumbs-layout-horizontal","owp-btn-normal","owp-tabs-layout-horizontal","has-no-thumbnails","has-product-nav"],"_links":{"self":[{"href":"https:\/\/www.planen-streib.de\/web\/index.php\/wp-json\/wp\/v2\/pages\/2512","targetHints":{"allow":["GET"]}}],"collection":[{"href":"https:\/\/www.planen-streib.de\/web\/index.php\/wp-json\/wp\/v2\/pages"}],"about":[{"href":"https:\/\/www.planen-streib.de\/web\/index.php\/wp-json\/wp\/v2\/types\/page"}],"author":[{"embeddable":true,"href":"https:\/\/www.planen-streib.de\/web\/index.php\/wp-json\/wp\/v2\/users\/1"}],"replies":[{"embeddable":true,"href":"https:\/\/www.planen-streib.de\/web\/index.php\/wp-json\/wp\/v2\/comments?post=2512"}],"version-history":[{"count":7,"href":"https:\/\/www.planen-streib.de\/web\/index.php\/wp-json\/wp\/v2\/pages\/2512\/revisions"}],"predecessor-version":[{"id":3543,"href":"https:\/\/www.planen-streib.de\/web\/index.php\/wp-json\/wp\/v2\/pages\/2512\/revisions\/3543"}],"up":[{"embeddable":true,"href":"https:\/\/www.planen-streib.de\/web\/index.php\/wp-json\/wp\/v2\/pages\/2499"}],"wp:attachment":[{"href":"https:\/\/www.planen-streib.de\/web\/index.php\/wp-json\/wp\/v2\/media?parent=2512"}],"curies":[{"name":"wp","href":"https:\/\/api.w.org\/{rel}","templated":true}]}}