{"id":2508,"date":"2023-11-08T12:55:14","date_gmt":"2023-11-08T11:55:14","guid":{"rendered":"https:\/\/www.planen-streib.de\/web\/?page_id=2508"},"modified":"2024-12-07T08:46:40","modified_gmt":"2024-12-07T07:46:40","slug":"daily-kipperaufbauten","status":"publish","type":"page","link":"https:\/\/www.planen-streib.de\/web\/index.php\/produktportfolio\/transporter-kipperaufbauten\/daily-kipperaufbauten\/","title":{"rendered":"Daily Kipperaufbauten"},"content":{"rendered":"\t\t<div data-elementor-type=\"wp-page\" data-elementor-id=\"2508\" class=\"elementor elementor-2508\" data-elementor-post-type=\"page\">\n\t\t\t\t\t\t<section class=\"elementor-section elementor-top-section elementor-element elementor-element-370d75c elementor-section-boxed elementor-section-height-default elementor-section-height-default\" data-id=\"370d75c\" data-element_type=\"section\" data-e-type=\"section\">\n\t\t\t\t\t\t<div class=\"elementor-container elementor-column-gap-default\">\n\t\t\t\t\t<div class=\"elementor-column elementor-col-100 elementor-top-column elementor-element elementor-element-cd9689a\" data-id=\"cd9689a\" data-element_type=\"column\" data-e-type=\"column\">\n\t\t\t<div class=\"elementor-widget-wrap elementor-element-populated\">\n\t\t\t\t\t\t<div class=\"elementor-element elementor-element-bd50587 elementor-widget elementor-widget-heading\" data-id=\"bd50587\" data-element_type=\"widget\" data-e-type=\"widget\" data-widget_type=\"heading.default\">\n\t\t\t\t<div class=\"elementor-widget-container\">\n\t\t\t\t\t<h1 class=\"elementor-heading-title elementor-size-xl\">Unsere 3-Seiten-Kipper<\/h1>\t\t\t\t<\/div>\n\t\t\t\t<\/div>\n\t\t\t\t\t<\/div>\n\t\t<\/div>\n\t\t\t\t\t<\/div>\n\t\t<\/section>\n\t\t\t\t<section class=\"elementor-section elementor-top-section elementor-element elementor-element-912c66c elementor-section-boxed elementor-section-height-default elementor-section-height-default\" data-id=\"912c66c\" data-element_type=\"section\" data-e-type=\"section\">\n\t\t\t\t\t\t<div class=\"elementor-container elementor-column-gap-default\">\n\t\t\t\t\t<div class=\"elementor-column elementor-col-100 elementor-top-column elementor-element elementor-element-ea089b8\" data-id=\"ea089b8\" data-element_type=\"column\" data-e-type=\"column\">\n\t\t\t<div class=\"elementor-widget-wrap elementor-element-populated\">\n\t\t\t\t\t\t<div class=\"elementor-element elementor-element-2ca8ada elementor-widget elementor-widget-heading\" data-id=\"2ca8ada\" data-element_type=\"widget\" data-e-type=\"widget\" data-widget_type=\"heading.default\">\n\t\t\t\t<div class=\"elementor-widget-container\">\n\t\t\t\t\t<h1 class=\"elementor-heading-title elementor-size-default\">f\u00fcr das Iveco Daily Fahrgestell<\/h1>\t\t\t\t<\/div>\n\t\t\t\t<\/div>\n\t\t\t\t<div class=\"elementor-element elementor-element-2fe8121 elementor-widget elementor-widget-spacer\" data-id=\"2fe8121\" data-element_type=\"widget\" data-e-type=\"widget\" data-widget_type=\"spacer.default\">\n\t\t\t\t<div class=\"elementor-widget-container\">\n\t\t\t\t\t\t\t<div class=\"elementor-spacer\">\n\t\t\t<div class=\"elementor-spacer-inner\"><\/div>\n\t\t<\/div>\n\t\t\t\t\t\t<\/div>\n\t\t\t\t<\/div>\n\t\t\t\t\t<\/div>\n\t\t<\/div>\n\t\t\t\t\t<\/div>\n\t\t<\/section>\n\t\t\t\t<section class=\"elementor-section elementor-top-section elementor-element elementor-element-7659609 elementor-section-boxed elementor-section-height-default elementor-section-height-default\" data-id=\"7659609\" data-element_type=\"section\" data-e-type=\"section\">\n\t\t\t\t\t\t<div class=\"elementor-container elementor-column-gap-default\">\n\t\t\t\t\t<div class=\"elementor-column elementor-col-50 elementor-top-column elementor-element elementor-element-e766437\" data-id=\"e766437\" data-element_type=\"column\" data-e-type=\"column\">\n\t\t\t<div class=\"elementor-widget-wrap elementor-element-populated\">\n\t\t\t\t\t\t<div class=\"elementor-element elementor-element-5faf1b9 elementor-widget elementor-widget-image\" data-id=\"5faf1b9\" data-element_type=\"widget\" data-e-type=\"widget\" data-widget_type=\"image.default\">\n\t\t\t\t<div class=\"elementor-widget-container\">\n\t\t\t\t\t\t\t\t\t\t\t\t\t\t\t\t<a href=\"https:\/\/www.planen-streib.de\/web\/wp-content\/uploads\/2023\/11\/Unbenannt-Kopie-1.png\" data-elementor-open-lightbox=\"yes\" data-e-action-hash=\"#elementor-action%3Aaction%3Dlightbox%26settings%3DeyJpZCI6MTkyNiwidXJsIjoiaHR0cHM6XC9cL3d3dy5wbGFuZW4tc3RyZWliLmRlXC93ZWJcL3dwLWNvbnRlbnRcL3VwbG9hZHNcLzIwMjNcLzExXC9VbmJlbmFubnQtS29waWUtMS5wbmcifQ%3D%3D\">\n\t\t\t\t\t\t\t<img fetchpriority=\"high\" decoding=\"async\" width=\"659\" height=\"418\" src=\"https:\/\/www.planen-streib.de\/web\/wp-content\/uploads\/2023\/11\/Unbenannt-Kopie-1.png\" class=\"attachment-large size-large wp-image-1926\" alt=\"\" srcset=\"https:\/\/www.planen-streib.de\/web\/wp-content\/uploads\/2023\/11\/Unbenannt-Kopie-1.png 659w, https:\/\/www.planen-streib.de\/web\/wp-content\/uploads\/2023\/11\/Unbenannt-Kopie-1-300x190.png 300w, https:\/\/www.planen-streib.de\/web\/wp-content\/uploads\/2023\/11\/Unbenannt-Kopie-1-600x381.png 600w\" sizes=\"(max-width: 659px) 100vw, 659px\" \/>\t\t\t\t\t\t\t\t<\/a>\n\t\t\t\t\t\t\t\t\t\t\t\t\t\t\t<\/div>\n\t\t\t\t<\/div>\n\t\t\t\t\t<\/div>\n\t\t<\/div>\n\t\t\t\t<div class=\"elementor-column elementor-col-50 elementor-top-column elementor-element elementor-element-f5f6b69\" data-id=\"f5f6b69\" data-element_type=\"column\" data-e-type=\"column\">\n\t\t\t<div class=\"elementor-widget-wrap elementor-element-populated\">\n\t\t\t\t\t\t<div class=\"elementor-element elementor-element-3fc0a73 elementor-widget elementor-widget-image\" data-id=\"3fc0a73\" data-element_type=\"widget\" data-e-type=\"widget\" data-widget_type=\"image.default\">\n\t\t\t\t<div class=\"elementor-widget-container\">\n\t\t\t\t\t\t\t\t\t\t\t\t\t\t\t\t<a href=\"https:\/\/www.planen-streib.de\/web\/wp-content\/uploads\/2023\/11\/iveco_daily_mk6_singlecab_chassis_2021_1000_0002.jpg\" data-elementor-open-lightbox=\"yes\" data-e-action-hash=\"#elementor-action%3Aaction%3Dlightbox%26settings%3DeyJpZCI6MTkyNCwidXJsIjoiaHR0cHM6XC9cL3d3dy5wbGFuZW4tc3RyZWliLmRlXC93ZWJcL3dwLWNvbnRlbnRcL3VwbG9hZHNcLzIwMjNcLzExXC9pdmVjb19kYWlseV9tazZfc2luZ2xlY2FiX2NoYXNzaXNfMjAyMV8xMDAwXzAwMDIuanBnIn0%3D\">\n\t\t\t\t\t\t\t<img decoding=\"async\" width=\"599\" height=\"416\" src=\"https:\/\/www.planen-streib.de\/web\/wp-content\/uploads\/2023\/11\/iveco_daily_mk6_singlecab_chassis_2021_1000_0002.jpg\" class=\"attachment-large size-large wp-image-1924\" alt=\"\" srcset=\"https:\/\/www.planen-streib.de\/web\/wp-content\/uploads\/2023\/11\/iveco_daily_mk6_singlecab_chassis_2021_1000_0002.jpg 599w, https:\/\/www.planen-streib.de\/web\/wp-content\/uploads\/2023\/11\/iveco_daily_mk6_singlecab_chassis_2021_1000_0002-300x208.jpg 300w\" sizes=\"(max-width: 599px) 100vw, 599px\" \/>\t\t\t\t\t\t\t\t<\/a>\n\t\t\t\t\t\t\t\t\t\t\t\t\t\t\t<\/div>\n\t\t\t\t<\/div>\n\t\t\t\t\t<\/div>\n\t\t<\/div>\n\t\t\t\t\t<\/div>\n\t\t<\/section>\n\t\t\t\t<section class=\"elementor-section elementor-top-section elementor-element elementor-element-6213a50 elementor-section-boxed elementor-section-height-default elementor-section-height-default\" data-id=\"6213a50\" data-element_type=\"section\" data-e-type=\"section\">\n\t\t\t\t\t\t<div class=\"elementor-container elementor-column-gap-default\">\n\t\t\t\t\t<div class=\"elementor-column elementor-col-50 elementor-top-column elementor-element elementor-element-39ea6b5\" data-id=\"39ea6b5\" data-element_type=\"column\" data-e-type=\"column\">\n\t\t\t<div class=\"elementor-widget-wrap elementor-element-populated\">\n\t\t\t\t\t\t<div class=\"elementor-element elementor-element-eb68119 elementor-widget__width-initial elementor-widget elementor-widget-text-editor\" data-id=\"eb68119\" data-element_type=\"widget\" data-e-type=\"widget\" data-widget_type=\"text-editor.default\">\n\t\t\t\t<div class=\"elementor-widget-container\">\n\t\t\t\t\t\t\t\t\t<h1><span style=\"color: #808080;\">Erh\u00e4ltlich in folgenden Varianten:<\/span><\/h1><div><span style=\"color: #808080;\">\u00a0<\/span><\/div><ul><li><h3><span style=\"color: #808080;\">Aluminium 3-Seiten-Kipper<\/span><\/h3><\/li><\/ul><p>Der Kipper ist aus 100 % Aluminium gefertigt und besitzt 400 mm hohe Bordw\u00e4nde. <strong>Serienm\u00e4\u00dfig verbaut ist ein Gitter-Kabinenschutz \/ Leitertr\u00e4ger vorn, eine pendelbare Heckbordwand und sto\u00dfd\u00e4mmende Gummianschl\u00e4ge auf den Bordw\u00e4nden<\/strong>. Der Kippvorgang erfolgt \u00fcber einen Scherenzylinder mit hoher Tragf\u00e4higkeit, welcher eine schnellere Kippgeschwindigkeit erm\u00f6glicht wie ein Teleskopzylinder. Die Aluminium-Bordw\u00e4nde sind 2,8 mm dick mit einer gerippten Verst\u00e4rkung. Der Pritschenboden besteht aus 4 mm starkem Aluminiumprofil 5083 H111 mit entsprechenden Verst\u00e4rkungen und rohrf\u00f6rmigen L\u00e4ngstr\u00e4gern. Der Hilfsrahmen besteht aus einem stabilen 6 mm dicken Aluminiumprofil. Der Pritschenboden besitzt 6 &#8211; 8 St. eingelassene Verzurr\u00f6sen zur Ladungssicherung. Das elektrohydraulische Aggregat von Bosch Rexroth bietet eine zuverl\u00e4ssige und langlebige Laufzeit. Serienm\u00e4\u00dfig lackiert ist der Kipper in Farbe wei\u00df oder silbergrau, kann jedoch nach Wunsch auch in genauer Fahrzeugfarbe oder in RAL-Farben lackiert werden.<\/p><ul><li><h3><span style=\"color: #808080;\">Stahl 3-Seiten-Kipper<\/span><\/h3><\/li><\/ul><p>Der Kipper ist aus Stahl gefertigt und besitzt 400 mm hohe Aluminium-Bordw\u00e4nde. <strong>Serienm\u00e4\u00dfig verbaut ist ein Gitter-Kabinenschutz \/ Leitertr\u00e4ger vorn, eine pendelbare Heckbordwand und sto\u00dfd\u00e4mmende Gummianschl\u00e4ge auf den Bordw\u00e4nden<\/strong>. Der Kippvorgang erfolgt \u00fcber einen Scherenzylinder mit hoher Tragf\u00e4higkeit, welcher eine schnellere Kippgeschwindigkeit erm\u00f6glicht wie ein Teleskopzylinder. Die Aluminium-Bordw\u00e4nde sind 2,8 mm dick mit einer gerippten Verst\u00e4rkung. Der Pritschenboden besteht aus 3 mm starkem Stahlprofil HX500 mit entsprechenden Verst\u00e4rkungen und rohrf\u00f6rmigen L\u00e4ngstr\u00e4gern. Der Hilfsrahmen besteht aus einem stabilen 4 mm dicken Stahlprofil. Der Pritschenboden besitzt 6 &#8211; 8 St. eingelassene Verzurr\u00f6sen zur Ladungssicherung. Das elektrohydraulische Aggregat von Bosch Rexroth bietet eine zuverl\u00e4ssige und langlebige Laufzeit. Serienm\u00e4\u00dfig lackiert ist der Kipper in Farbe wei\u00df oder silbergrau, kann jedoch nach Wunsch auch in genauer Fahrzeugfarbe oder in RAL-Farben lackiert werden.<\/p>\t\t\t\t\t\t\t\t<\/div>\n\t\t\t\t<\/div>\n\t\t\t\t\t<\/div>\n\t\t<\/div>\n\t\t\t\t<div class=\"elementor-column elementor-col-50 elementor-top-column elementor-element elementor-element-5fda403\" data-id=\"5fda403\" data-element_type=\"column\" data-e-type=\"column\">\n\t\t\t<div class=\"elementor-widget-wrap elementor-element-populated\">\n\t\t\t\t\t\t<div class=\"elementor-element elementor-element-ba53b91 elementor-widget elementor-widget-text-editor\" data-id=\"ba53b91\" data-element_type=\"widget\" data-e-type=\"widget\" data-widget_type=\"text-editor.default\">\n\t\t\t\t<div class=\"elementor-widget-container\">\n\t\t\t\t\t\t\t\t\t<h3 style=\"font-variant-ligatures: normal; font-variant-caps: normal; font-family: Roboto, sans-serif; font-style: normal;\"><span style=\"font-size: 18px; color: #808080;\"><span style=\"font-size: 18px; color: #0000ff;\"><a style=\"font-size: 18px; color: #0000ff;\" href=\"https:\/\/www.planen-streib.de\/web\/index.php\/sonderausstattungen\/\" target=\"_blank\" rel=\"noopener\">Sonderausstattung \/ Zubeh\u00f6r:<\/a>\u00a0<\/span><\/span><\/h3><ul style=\"font-variant-ligatures: normal; font-variant-caps: normal; font-family: Roboto, sans-serif; font-size: 17px; font-style: normal; font-weight: 400;\"><li style=\"font-size: 17px;\">LED-Rundumkennleuchten<\/li><li style=\"font-size: 17px;\">LED-Lichtwarnbalken<\/li><li style=\"font-size: 17px;\">LED-Blitzleuchten<\/li><li style=\"font-size: 17px;\">Warnmarkierung rot\/wei\u00df gem. DIN 30710<\/li><li style=\"font-size: 17px;\">Bordwanderh\u00f6hung 450 mm oder 900 mm<\/li><li style=\"font-size: 17px;\">Planenaufbau in verschiedenen Aufbauh\u00f6hen<\/li><li style=\"font-size: 17px;\">Kunststoff-Staukasten unter dem Kipper (abschlie\u00dfbar)<\/li><li style=\"font-size: 17px;\">R\u00fcckfahrkamera unter dem Kipper verbaut<\/li><li style=\"font-size: 17px;\">LED-Arbeitsscheinwerfer vorn links am Leitertr\u00e4ger<\/li><li style=\"font-size: 17px;\">LED-Rundumkennleuchte am Leitertr\u00e4ger oder auf der Fahrerkabine<\/li><li style=\"font-size: 17px;\">Werkzeug- und Ger\u00e4tekasten hinter der Fahrerkabine<\/li><\/ul>\t\t\t\t\t\t\t\t<\/div>\n\t\t\t\t<\/div>\n\t\t\t\t\t<\/div>\n\t\t<\/div>\n\t\t\t\t\t<\/div>\n\t\t<\/section>\n\t\t\t\t<section class=\"elementor-section elementor-top-section elementor-element elementor-element-4588888 elementor-section-boxed elementor-section-height-default elementor-section-height-default\" data-id=\"4588888\" data-element_type=\"section\" data-e-type=\"section\">\n\t\t\t\t\t\t<div class=\"elementor-container elementor-column-gap-default\">\n\t\t\t\t\t<div class=\"elementor-column elementor-col-33 elementor-top-column elementor-element elementor-element-cff6824\" data-id=\"cff6824\" data-element_type=\"column\" data-e-type=\"column\">\n\t\t\t<div class=\"elementor-widget-wrap elementor-element-populated\">\n\t\t\t\t\t\t<div class=\"elementor-element elementor-element-8bad140 elementor-skin-carousel elementor-arrows-yes elementor-pagination-type-bullets elementor-pagination-position-outside elementor-widget elementor-widget-media-carousel\" data-id=\"8bad140\" data-element_type=\"widget\" data-e-type=\"widget\" data-settings=\"{&quot;effect&quot;:&quot;fade&quot;,&quot;skin&quot;:&quot;carousel&quot;,&quot;show_arrows&quot;:&quot;yes&quot;,&quot;pagination&quot;:&quot;bullets&quot;,&quot;speed&quot;:500,&quot;autoplay&quot;:&quot;yes&quot;,&quot;autoplay_speed&quot;:5000,&quot;loop&quot;:&quot;yes&quot;,&quot;pause_on_hover&quot;:&quot;yes&quot;,&quot;pause_on_interaction&quot;:&quot;yes&quot;,&quot;space_between&quot;:{&quot;unit&quot;:&quot;px&quot;,&quot;size&quot;:10,&quot;sizes&quot;:[]},&quot;space_between_tablet&quot;:{&quot;unit&quot;:&quot;px&quot;,&quot;size&quot;:10,&quot;sizes&quot;:[]},&quot;space_between_mobile&quot;:{&quot;unit&quot;:&quot;px&quot;,&quot;size&quot;:10,&quot;sizes&quot;:[]}}\" data-widget_type=\"media-carousel.default\">\n\t\t\t\t<div class=\"elementor-widget-container\">\n\t\t\t\t\t\t\t\t\t<div class=\"elementor-swiper\">\n\t\t\t\t\t<div class=\"elementor-main-swiper swiper\" role=\"region\" aria-roledescription=\"carousel\" aria-label=\"Slider\">\n\t\t\t\t<div class=\"swiper-wrapper\">\n\t\t\t\t\t\t\t\t\t\t\t<div class=\"swiper-slide\" role=\"group\" aria-roledescription=\"slide\">\n\t\t\t\t\t\t\t\t\t<div class=\"elementor-carousel-image\" role=\"img\" aria-label=\"\" style=\"background-image: url(&#039;https:\/\/www.planen-streib.de\/web\/wp-content\/uploads\/2024\/12\/1-4-scaled.jpg&#039;)\">\n\n\t\t\t\n\t\t\t\t\t<\/div>\n\t\t\t\t\t\t\t\t<\/div>\n\t\t\t\t\t\t\t\t\t\t\t<div class=\"swiper-slide\" role=\"group\" aria-roledescription=\"slide\">\n\t\t\t\t\t\t\t\t\t<div class=\"elementor-carousel-image\" role=\"img\" aria-label=\"\" style=\"background-image: url(&#039;https:\/\/www.planen-streib.de\/web\/wp-content\/uploads\/2024\/12\/2-4-scaled.jpg&#039;)\">\n\n\t\t\t\n\t\t\t\t\t<\/div>\n\t\t\t\t\t\t\t\t<\/div>\n\t\t\t\t\t\t\t\t\t\t\t<div class=\"swiper-slide\" role=\"group\" aria-roledescription=\"slide\">\n\t\t\t\t\t\t\t\t\t<div class=\"elementor-carousel-image\" role=\"img\" aria-label=\"\" style=\"background-image: url(&#039;https:\/\/www.planen-streib.de\/web\/wp-content\/uploads\/2024\/12\/3-2-scaled.jpg&#039;)\">\n\n\t\t\t\n\t\t\t\t\t<\/div>\n\t\t\t\t\t\t\t\t<\/div>\n\t\t\t\t\t\t\t\t\t\t\t<div class=\"swiper-slide\" role=\"group\" aria-roledescription=\"slide\">\n\t\t\t\t\t\t\t\t\t<div class=\"elementor-carousel-image\" role=\"img\" aria-label=\"\" style=\"background-image: url(&#039;https:\/\/www.planen-streib.de\/web\/wp-content\/uploads\/2024\/12\/4-2-scaled.jpg&#039;)\">\n\n\t\t\t\n\t\t\t\t\t<\/div>\n\t\t\t\t\t\t\t\t<\/div>\n\t\t\t\t\t\t\t\t\t\t\t<div class=\"swiper-slide\" role=\"group\" aria-roledescription=\"slide\">\n\t\t\t\t\t\t\t\t\t<div class=\"elementor-carousel-image\" role=\"img\" aria-label=\"\" style=\"background-image: url(&#039;https:\/\/www.planen-streib.de\/web\/wp-content\/uploads\/2024\/12\/5-scaled.jpg&#039;)\">\n\n\t\t\t\n\t\t\t\t\t<\/div>\n\t\t\t\t\t\t\t\t<\/div>\n\t\t\t\t\t\t\t\t\t<\/div>\n\t\t\t\t\t\t\t\t\t\t\t\t\t\t\t<div class=\"elementor-swiper-button elementor-swiper-button-prev\" role=\"button\" tabindex=\"0\" aria-label=\"Voriger\">\n\t\t\t\t\t\t\t<i aria-hidden=\"true\" class=\"eicon-chevron-left\"><\/i>\t\t\t\t\t\t<\/div>\n\t\t\t\t\t\t<div class=\"elementor-swiper-button elementor-swiper-button-next\" role=\"button\" tabindex=\"0\" aria-label=\"N\u00e4chster\">\n\t\t\t\t\t\t\t<i aria-hidden=\"true\" class=\"eicon-chevron-right\"><\/i>\t\t\t\t\t\t<\/div>\n\t\t\t\t\t\t\t\t\t\t\t\t\t\t\t\t<div class=\"swiper-pagination\"><\/div>\n\t\t\t\t\t\t\t\t\t\t\t\t<\/div>\n\t\t\t\t<\/div>\n\t\t\t\t\t\t\t\t<\/div>\n\t\t\t\t<\/div>\n\t\t\t\t\t<\/div>\n\t\t<\/div>\n\t\t\t\t<div class=\"elementor-column elementor-col-33 elementor-top-column elementor-element elementor-element-6d7c925\" data-id=\"6d7c925\" data-element_type=\"column\" data-e-type=\"column\">\n\t\t\t<div class=\"elementor-widget-wrap\">\n\t\t\t\t\t\t\t<\/div>\n\t\t<\/div>\n\t\t\t\t<div class=\"elementor-column elementor-col-33 elementor-top-column elementor-element elementor-element-4e8fd9a\" data-id=\"4e8fd9a\" data-element_type=\"column\" data-e-type=\"column\">\n\t\t\t<div class=\"elementor-widget-wrap\">\n\t\t\t\t\t\t\t<\/div>\n\t\t<\/div>\n\t\t\t\t\t<\/div>\n\t\t<\/section>\n\t\t\t\t<\/div>\n\t\t","protected":false},"excerpt":{"rendered":"<p>Unsere 3-Seiten-Kipper f\u00fcr das Iveco Daily Fahrgestell Erh\u00e4ltlich in folgenden Varianten: \u00a0 Aluminium 3-Seiten-Kipper Der Kipper ist aus 100 % Aluminium gefertigt und besitzt 400 mm hohe Bordw\u00e4nde. Serienm\u00e4\u00dfig verbaut ist ein Gitter-Kabinenschutz \/ Leitertr\u00e4ger vorn, eine pendelbare Heckbordwand und sto\u00dfd\u00e4mmende Gummianschl\u00e4ge auf den Bordw\u00e4nden. Der Kippvorgang erfolgt \u00fcber einen Scherenzylinder mit hoher Tragf\u00e4higkeit, welcher [&hellip;]<\/p>\n","protected":false},"author":1,"featured_media":0,"parent":2499,"menu_order":0,"comment_status":"closed","ping_status":"closed","template":"elementor_header_footer","meta":{"footnotes":""},"class_list":["post-2508","page","type-page","status-publish","hentry","entry","owp-thumbs-layout-horizontal","owp-btn-normal","owp-tabs-layout-horizontal","has-no-thumbnails","has-product-nav"],"_links":{"self":[{"href":"https:\/\/www.planen-streib.de\/web\/index.php\/wp-json\/wp\/v2\/pages\/2508","targetHints":{"allow":["GET"]}}],"collection":[{"href":"https:\/\/www.planen-streib.de\/web\/index.php\/wp-json\/wp\/v2\/pages"}],"about":[{"href":"https:\/\/www.planen-streib.de\/web\/index.php\/wp-json\/wp\/v2\/types\/page"}],"author":[{"embeddable":true,"href":"https:\/\/www.planen-streib.de\/web\/index.php\/wp-json\/wp\/v2\/users\/1"}],"replies":[{"embeddable":true,"href":"https:\/\/www.planen-streib.de\/web\/index.php\/wp-json\/wp\/v2\/comments?post=2508"}],"version-history":[{"count":13,"href":"https:\/\/www.planen-streib.de\/web\/index.php\/wp-json\/wp\/v2\/pages\/2508\/revisions"}],"predecessor-version":[{"id":4438,"href":"https:\/\/www.planen-streib.de\/web\/index.php\/wp-json\/wp\/v2\/pages\/2508\/revisions\/4438"}],"up":[{"embeddable":true,"href":"https:\/\/www.planen-streib.de\/web\/index.php\/wp-json\/wp\/v2\/pages\/2499"}],"wp:attachment":[{"href":"https:\/\/www.planen-streib.de\/web\/index.php\/wp-json\/wp\/v2\/media?parent=2508"}],"curies":[{"name":"wp","href":"https:\/\/api.w.org\/{rel}","templated":true}]}}