{"id":1775,"date":"2023-11-06T16:54:42","date_gmt":"2023-11-06T15:54:42","guid":{"rendered":"https:\/\/www.planen-streib.com\/web\/?page_id=1775"},"modified":"2024-01-13T11:00:30","modified_gmt":"2024-01-13T10:00:30","slug":"t6-aluminium-pritsche","status":"publish","type":"page","link":"https:\/\/www.planen-streib.de\/web\/index.php\/produktportfolio\/transporter-aluminiumpritschen\/t6-aluminium-pritsche\/","title":{"rendered":"T6 Aluminium &#8211; Pritsche"},"content":{"rendered":"\t\t<div data-elementor-type=\"wp-page\" data-elementor-id=\"1775\" class=\"elementor elementor-1775\" data-elementor-post-type=\"page\">\n\t\t\t\t\t\t<section class=\"elementor-section elementor-top-section elementor-element elementor-element-370d75c elementor-section-boxed elementor-section-height-default elementor-section-height-default\" data-id=\"370d75c\" data-element_type=\"section\" data-e-type=\"section\">\n\t\t\t\t\t\t<div class=\"elementor-container elementor-column-gap-default\">\n\t\t\t\t\t<div class=\"elementor-column elementor-col-100 elementor-top-column elementor-element elementor-element-cd9689a\" data-id=\"cd9689a\" data-element_type=\"column\" data-e-type=\"column\">\n\t\t\t<div class=\"elementor-widget-wrap elementor-element-populated\">\n\t\t\t\t\t\t<div class=\"elementor-element elementor-element-bd50587 elementor-widget elementor-widget-heading\" data-id=\"bd50587\" data-element_type=\"widget\" data-e-type=\"widget\" data-widget_type=\"heading.default\">\n\t\t\t\t<div class=\"elementor-widget-container\">\n\t\t\t\t\t<h1 class=\"elementor-heading-title elementor-size-xl\">Unsere Aluminium-Pritschen<\/h1>\t\t\t\t<\/div>\n\t\t\t\t<\/div>\n\t\t\t\t\t<\/div>\n\t\t<\/div>\n\t\t\t\t\t<\/div>\n\t\t<\/section>\n\t\t\t\t<section class=\"elementor-section elementor-top-section elementor-element elementor-element-912c66c elementor-section-boxed elementor-section-height-default elementor-section-height-default\" data-id=\"912c66c\" data-element_type=\"section\" data-e-type=\"section\">\n\t\t\t\t\t\t<div class=\"elementor-container elementor-column-gap-default\">\n\t\t\t\t\t<div class=\"elementor-column elementor-col-100 elementor-top-column elementor-element elementor-element-ea089b8\" data-id=\"ea089b8\" data-element_type=\"column\" data-e-type=\"column\">\n\t\t\t<div class=\"elementor-widget-wrap elementor-element-populated\">\n\t\t\t\t\t\t<div class=\"elementor-element elementor-element-2ca8ada elementor-widget elementor-widget-heading\" data-id=\"2ca8ada\" data-element_type=\"widget\" data-e-type=\"widget\" data-widget_type=\"heading.default\">\n\t\t\t\t<div class=\"elementor-widget-container\">\n\t\t\t\t\t<h1 class=\"elementor-heading-title elementor-size-default\">f\u00fcr das Volkswagen Transporter Fahrgestell<\/h1>\t\t\t\t<\/div>\n\t\t\t\t<\/div>\n\t\t\t\t<div class=\"elementor-element elementor-element-2fe8121 elementor-widget elementor-widget-spacer\" data-id=\"2fe8121\" data-element_type=\"widget\" data-e-type=\"widget\" data-widget_type=\"spacer.default\">\n\t\t\t\t<div class=\"elementor-widget-container\">\n\t\t\t\t\t\t\t<div class=\"elementor-spacer\">\n\t\t\t<div class=\"elementor-spacer-inner\"><\/div>\n\t\t<\/div>\n\t\t\t\t\t\t<\/div>\n\t\t\t\t<\/div>\n\t\t\t\t\t<\/div>\n\t\t<\/div>\n\t\t\t\t\t<\/div>\n\t\t<\/section>\n\t\t\t\t<section class=\"elementor-section elementor-top-section elementor-element elementor-element-7659609 elementor-section-boxed elementor-section-height-default elementor-section-height-default\" data-id=\"7659609\" data-element_type=\"section\" data-e-type=\"section\">\n\t\t\t\t\t\t<div class=\"elementor-container elementor-column-gap-default\">\n\t\t\t\t\t<div class=\"elementor-column elementor-col-50 elementor-top-column elementor-element elementor-element-e766437\" data-id=\"e766437\" data-element_type=\"column\" data-e-type=\"column\">\n\t\t\t<div class=\"elementor-widget-wrap elementor-element-populated\">\n\t\t\t\t\t\t<div class=\"elementor-element elementor-element-5faf1b9 elementor-widget elementor-widget-image\" data-id=\"5faf1b9\" data-element_type=\"widget\" data-e-type=\"widget\" data-widget_type=\"image.default\">\n\t\t\t\t<div class=\"elementor-widget-container\">\n\t\t\t\t\t\t\t\t\t\t\t\t\t\t\t\t<a href=\"https:\/\/www.planen-streib.de\/web\/wp-content\/uploads\/2023\/11\/vv.png\" data-elementor-open-lightbox=\"yes\" data-e-action-hash=\"#elementor-action%3Aaction%3Dlightbox%26settings%3DeyJpZCI6MTgzNywidXJsIjoiaHR0cHM6XC9cL3d3dy5wbGFuZW4tc3RyZWliLmRlXC93ZWJcL3dwLWNvbnRlbnRcL3VwbG9hZHNcLzIwMjNcLzExXC92di5wbmcifQ%3D%3D\">\n\t\t\t\t\t\t\t<img fetchpriority=\"high\" decoding=\"async\" width=\"927\" height=\"572\" src=\"https:\/\/www.planen-streib.de\/web\/wp-content\/uploads\/2023\/11\/vv.png\" class=\"attachment-large size-large wp-image-1837\" alt=\"\" srcset=\"https:\/\/www.planen-streib.de\/web\/wp-content\/uploads\/2023\/11\/vv.png 927w, https:\/\/www.planen-streib.de\/web\/wp-content\/uploads\/2023\/11\/vv-300x185.png 300w, https:\/\/www.planen-streib.de\/web\/wp-content\/uploads\/2023\/11\/vv-768x474.png 768w, https:\/\/www.planen-streib.de\/web\/wp-content\/uploads\/2023\/11\/vv-600x370.png 600w\" sizes=\"(max-width: 927px) 100vw, 927px\" \/>\t\t\t\t\t\t\t\t<\/a>\n\t\t\t\t\t\t\t\t\t\t\t\t\t\t\t<\/div>\n\t\t\t\t<\/div>\n\t\t\t\t\t<\/div>\n\t\t<\/div>\n\t\t\t\t<div class=\"elementor-column elementor-col-50 elementor-top-column elementor-element elementor-element-f5f6b69\" data-id=\"f5f6b69\" data-element_type=\"column\" data-e-type=\"column\">\n\t\t\t<div class=\"elementor-widget-wrap elementor-element-populated\">\n\t\t\t\t\t\t<div class=\"elementor-element elementor-element-3fc0a73 elementor-widget elementor-widget-image\" data-id=\"3fc0a73\" data-element_type=\"widget\" data-e-type=\"widget\" data-widget_type=\"image.default\">\n\t\t\t\t<div class=\"elementor-widget-container\">\n\t\t\t\t\t\t\t\t\t\t\t\t\t\t\t\t<a href=\"https:\/\/www.planen-streib.de\/web\/wp-content\/uploads\/2023\/11\/hh-4.png\" data-elementor-open-lightbox=\"yes\" data-e-action-hash=\"#elementor-action%3Aaction%3Dlightbox%26settings%3DeyJpZCI6MTg0NiwidXJsIjoiaHR0cHM6XC9cL3d3dy5wbGFuZW4tc3RyZWliLmRlXC93ZWJcL3dwLWNvbnRlbnRcL3VwbG9hZHNcLzIwMjNcLzExXC9oaC00LnBuZyJ9\">\n\t\t\t\t\t\t\t<img decoding=\"async\" width=\"834\" height=\"495\" src=\"https:\/\/www.planen-streib.de\/web\/wp-content\/uploads\/2023\/11\/hh-4.png\" class=\"attachment-large size-large wp-image-1846\" alt=\"\" srcset=\"https:\/\/www.planen-streib.de\/web\/wp-content\/uploads\/2023\/11\/hh-4.png 834w, https:\/\/www.planen-streib.de\/web\/wp-content\/uploads\/2023\/11\/hh-4-300x178.png 300w, https:\/\/www.planen-streib.de\/web\/wp-content\/uploads\/2023\/11\/hh-4-768x456.png 768w, https:\/\/www.planen-streib.de\/web\/wp-content\/uploads\/2023\/11\/hh-4-600x356.png 600w\" sizes=\"(max-width: 834px) 100vw, 834px\" \/>\t\t\t\t\t\t\t\t<\/a>\n\t\t\t\t\t\t\t\t\t\t\t\t\t\t\t<\/div>\n\t\t\t\t<\/div>\n\t\t\t\t\t<\/div>\n\t\t<\/div>\n\t\t\t\t\t<\/div>\n\t\t<\/section>\n\t\t\t\t<section class=\"elementor-section elementor-top-section elementor-element elementor-element-321881e elementor-section-boxed elementor-section-height-default elementor-section-height-default\" data-id=\"321881e\" data-element_type=\"section\" data-e-type=\"section\">\n\t\t\t\t\t\t<div class=\"elementor-container elementor-column-gap-default\">\n\t\t\t\t\t<div class=\"elementor-column elementor-col-50 elementor-top-column elementor-element elementor-element-0f9c15e\" data-id=\"0f9c15e\" data-element_type=\"column\" data-e-type=\"column\">\n\t\t\t<div class=\"elementor-widget-wrap elementor-element-populated\">\n\t\t\t\t\t\t<div class=\"elementor-element elementor-element-3e16d60 elementor-widget__width-initial elementor-widget elementor-widget-text-editor\" data-id=\"3e16d60\" data-element_type=\"widget\" data-e-type=\"widget\" data-widget_type=\"text-editor.default\">\n\t\t\t\t<div class=\"elementor-widget-container\">\n\t\t\t\t\t\t\t\t\t<h1><span style=\"color: #808080;\">Erh\u00e4ltlich in folgenden Varianten:<\/span><\/h1><ul><li><h3><span style=\"color: #808080;\">Aluminium-Pritsche mit Bordw\u00e4nden<\/span><\/h3><\/li><\/ul><p><span style=\"font-family: Roboto, sans-serif; font-size: 17px; font-style: normal; font-variant-ligatures: normal; font-variant-caps: normal; font-weight: 400;\">Die klassische Pritsche mit 400 mm hohen Bordw\u00e4nden, serienm\u00e4\u00dfig mit Leitertr\u00e4ger \/ Kabinenschutz. Unsere leichteste Pritsche. Die Pritsche besteht komplett aus Aluminium (auch Hilfsrahmen, Quertr\u00e4ger und Au\u00dfenrahmen) mit einem 15 mm starken Holzboden aus Siebdruckplatten. Ebenfalls serienm\u00e4\u00dfig verbaut werden stabile Eckrungen, welche die ideale Basis f\u00fcr die Aufnahme eines Planengestells darstellen. Ausf\u00fchrung am Heck mit normaler Plane oder Plane mit automatischer Aufrollfunktion.<\/span><\/p><ul><li>W\u00e4hlen Sie aus verschiedenen Innenl\u00e4ngen von 2160 bis 3010 mm.<\/li><li>W\u00e4hlen Sie aus verschiedenen Innenbreiten von 1920 bis 2120 mm<\/li><\/ul><ul><li><h3><span style=\"color: #808080;\">Aluminium-Curtainsider Pritschenaufbau<\/span><\/h3><\/li><\/ul><p><span style=\"font-family: Roboto, sans-serif; font-size: 17px; font-style: normal; font-variant-ligatures: normal; font-variant-caps: normal; font-weight: 400;\">Die Pritsche ohne seitliche Bordw\u00e4nde, serienm\u00e4\u00dfig mit geschlossener Alu-Stirnwanderh\u00f6hung. Die Pritsche besteht komplett aus Aluminium (auch Hilfsrahmen, Quertr\u00e4ger und Au\u00dfenrahmen) mit einem 15 mm starken Holzboden aus Siebdruckplatten. Ausf\u00fchrung am Heck mit normaler Plane, Plane mit automatischer Aufrollfunktion oder Portalt\u00fcren. Planenbefestigung unten waagrecht mit Direktspanner oder \u00dcbertotpunktspanner, vorn und hinten senkrecht mit Einhakprofil\/Spannprofil und Spannratsche.<\/span><\/p><ul><li>W\u00e4hlen Sie aus verschiedenen Innenl\u00e4ngen von 2160 bis 3000 mm.<\/li><li>W\u00e4hlen Sie aus verschiedenen Innenbreiten von 1930 bis 2130 mm.<\/li><\/ul><h3><span style=\"color: #808080;\"><span style=\"color: #0000ff;\"><a style=\"color: #0000ff;\" href=\"https:\/\/www.planen-streib.de\/web\/index.php\/sonderausstattungen\/\" target=\"_blank\" rel=\"noopener\">Sonderausstattung \/ Zubeh\u00f6r:<\/a>\u00a0<\/span><\/span><\/h3><ul><li>Planenaufbau<\/li><li>Kunststoff-Staukasten unter der Pritsche (abschlie\u00dfbar)<\/li><li>R\u00fcckfahrkamera oben am Aufbau oder unter der Pritsche<\/li><li>LED-Arbeitsscheinwerfer \/ LED-Ladefl\u00e4chenbeleuchtung<\/li><li>LED-Rundumkennleuchte auf dem Aufbau oder Fahrerkabine<\/li><li>Werkzeug- und Ger\u00e4tekasten hinter der Fahrerkabine<\/li><\/ul>\t\t\t\t\t\t\t\t<\/div>\n\t\t\t\t<\/div>\n\t\t\t\t\t<\/div>\n\t\t<\/div>\n\t\t\t\t<div class=\"elementor-column elementor-col-50 elementor-top-column elementor-element elementor-element-caf23ff\" data-id=\"caf23ff\" data-element_type=\"column\" data-e-type=\"column\">\n\t\t\t<div class=\"elementor-widget-wrap elementor-element-populated\">\n\t\t\t\t\t\t<section class=\"elementor-section elementor-inner-section elementor-element elementor-element-fcec001 elementor-section-boxed elementor-section-height-default elementor-section-height-default\" data-id=\"fcec001\" data-element_type=\"section\" data-e-type=\"section\">\n\t\t\t\t\t\t<div class=\"elementor-container elementor-column-gap-default\">\n\t\t\t\t\t<div class=\"elementor-column elementor-col-100 elementor-inner-column elementor-element elementor-element-387ba61\" data-id=\"387ba61\" data-element_type=\"column\" data-e-type=\"column\">\n\t\t\t<div class=\"elementor-widget-wrap elementor-element-populated\">\n\t\t\t\t\t\t<div class=\"elementor-element elementor-element-108c33a elementor-widget__width-initial elementor-widget elementor-widget-image\" data-id=\"108c33a\" data-element_type=\"widget\" data-e-type=\"widget\" data-widget_type=\"image.default\">\n\t\t\t\t<div class=\"elementor-widget-container\">\n\t\t\t\t\t\t\t\t\t\t\t\t\t\t\t\t<a href=\"https:\/\/www.planen-streib.de\/web\/wp-content\/uploads\/2023\/11\/unbssssenannt_resized_w6uhrSKeW_.png\" data-elementor-open-lightbox=\"yes\" data-e-action-hash=\"#elementor-action%3Aaction%3Dlightbox%26settings%3DeyJpZCI6ODgzLCJ1cmwiOiJodHRwczpcL1wvd3d3LnBsYW5lbi1zdHJlaWIuZGVcL3dlYlwvd3AtY29udGVudFwvdXBsb2Fkc1wvMjAyM1wvMTFcL3VuYnNzc3NlbmFubnRfcmVzaXplZF93NnVoclNLZVdfLnBuZyJ9\">\n\t\t\t\t\t\t\t<img decoding=\"async\" width=\"717\" height=\"1024\" src=\"https:\/\/www.planen-streib.de\/web\/wp-content\/uploads\/2023\/11\/unbssssenannt_resized_w6uhrSKeW_-717x1024.png\" class=\"attachment-large size-large wp-image-883\" alt=\"\" srcset=\"https:\/\/www.planen-streib.de\/web\/wp-content\/uploads\/2023\/11\/unbssssenannt_resized_w6uhrSKeW_-717x1024.png 717w, https:\/\/www.planen-streib.de\/web\/wp-content\/uploads\/2023\/11\/unbssssenannt_resized_w6uhrSKeW_-210x300.png 210w, https:\/\/www.planen-streib.de\/web\/wp-content\/uploads\/2023\/11\/unbssssenannt_resized_w6uhrSKeW_-600x857.png 600w, https:\/\/www.planen-streib.de\/web\/wp-content\/uploads\/2023\/11\/unbssssenannt_resized_w6uhrSKeW_.png 748w\" sizes=\"(max-width: 717px) 100vw, 717px\" \/>\t\t\t\t\t\t\t\t<\/a>\n\t\t\t\t\t\t\t\t\t\t\t\t\t\t\t<\/div>\n\t\t\t\t<\/div>\n\t\t\t\t\t<\/div>\n\t\t<\/div>\n\t\t\t\t\t<\/div>\n\t\t<\/section>\n\t\t\t\t<section class=\"elementor-section elementor-inner-section elementor-element elementor-element-0192c05 elementor-section-boxed elementor-section-height-default elementor-section-height-default\" data-id=\"0192c05\" data-element_type=\"section\" data-e-type=\"section\">\n\t\t\t\t\t\t<div class=\"elementor-container elementor-column-gap-default\">\n\t\t\t\t\t<div class=\"elementor-column elementor-col-100 elementor-inner-column elementor-element elementor-element-2e2ec87\" data-id=\"2e2ec87\" data-element_type=\"column\" data-e-type=\"column\">\n\t\t\t<div class=\"elementor-widget-wrap elementor-element-populated\">\n\t\t\t\t\t\t<div class=\"elementor-element elementor-element-3830ca2 elementor-align-center elementor-widget elementor-widget-button\" data-id=\"3830ca2\" data-element_type=\"widget\" data-e-type=\"widget\" data-widget_type=\"button.default\">\n\t\t\t\t<div class=\"elementor-widget-container\">\n\t\t\t\t\t\t\t\t\t<div class=\"elementor-button-wrapper\">\n\t\t\t\t\t<a class=\"elementor-button elementor-button-link elementor-size-xl\" href=\"https:\/\/forms.office.com\/Pages\/ResponsePage.aspx?id=EvmW_6ncE0uNigNdFkfWMTjnFHk5gYZBmylnARM2Zl9UNEpCS0E3UlMyWEJFSUs0OERTWFc3NjVCWi4u\">\n\t\t\t\t\t\t<span class=\"elementor-button-content-wrapper\">\n\t\t\t\t\t\t\t\t\t<span class=\"elementor-button-text\">Anfrageformular Aluminium-Pritsche mit Bordw\u00e4nden<\/span>\n\t\t\t\t\t<\/span>\n\t\t\t\t\t<\/a>\n\t\t\t\t<\/div>\n\t\t\t\t\t\t\t\t<\/div>\n\t\t\t\t<\/div>\n\t\t\t\t\t<\/div>\n\t\t<\/div>\n\t\t\t\t\t<\/div>\n\t\t<\/section>\n\t\t\t\t\t<\/div>\n\t\t<\/div>\n\t\t\t\t\t<\/div>\n\t\t<\/section>\n\t\t\t\t<\/div>\n\t\t","protected":false},"excerpt":{"rendered":"<p>Unsere Aluminium-Pritschen f\u00fcr das Volkswagen Transporter Fahrgestell Erh\u00e4ltlich in folgenden Varianten: Aluminium-Pritsche mit Bordw\u00e4nden Die klassische Pritsche mit 400 mm hohen Bordw\u00e4nden, serienm\u00e4\u00dfig mit Leitertr\u00e4ger \/ Kabinenschutz. Unsere leichteste Pritsche. Die Pritsche besteht komplett aus Aluminium (auch Hilfsrahmen, Quertr\u00e4ger und Au\u00dfenrahmen) mit einem 15 mm starken Holzboden aus Siebdruckplatten. Ebenfalls serienm\u00e4\u00dfig verbaut werden stabile Eckrungen, [&hellip;]<\/p>\n","protected":false},"author":1,"featured_media":0,"parent":1735,"menu_order":0,"comment_status":"closed","ping_status":"closed","template":"elementor_header_footer","meta":{"footnotes":""},"class_list":["post-1775","page","type-page","status-publish","hentry","entry","owp-thumbs-layout-horizontal","owp-btn-normal","owp-tabs-layout-horizontal","has-no-thumbnails","has-product-nav"],"_links":{"self":[{"href":"https:\/\/www.planen-streib.de\/web\/index.php\/wp-json\/wp\/v2\/pages\/1775","targetHints":{"allow":["GET"]}}],"collection":[{"href":"https:\/\/www.planen-streib.de\/web\/index.php\/wp-json\/wp\/v2\/pages"}],"about":[{"href":"https:\/\/www.planen-streib.de\/web\/index.php\/wp-json\/wp\/v2\/types\/page"}],"author":[{"embeddable":true,"href":"https:\/\/www.planen-streib.de\/web\/index.php\/wp-json\/wp\/v2\/users\/1"}],"replies":[{"embeddable":true,"href":"https:\/\/www.planen-streib.de\/web\/index.php\/wp-json\/wp\/v2\/comments?post=1775"}],"version-history":[{"count":34,"href":"https:\/\/www.planen-streib.de\/web\/index.php\/wp-json\/wp\/v2\/pages\/1775\/revisions"}],"predecessor-version":[{"id":4043,"href":"https:\/\/www.planen-streib.de\/web\/index.php\/wp-json\/wp\/v2\/pages\/1775\/revisions\/4043"}],"up":[{"embeddable":true,"href":"https:\/\/www.planen-streib.de\/web\/index.php\/wp-json\/wp\/v2\/pages\/1735"}],"wp:attachment":[{"href":"https:\/\/www.planen-streib.de\/web\/index.php\/wp-json\/wp\/v2\/media?parent=1775"}],"curies":[{"name":"wp","href":"https:\/\/api.w.org\/{rel}","templated":true}]}}