{"id":1757,"date":"2023-11-06T16:51:11","date_gmt":"2023-11-06T15:51:11","guid":{"rendered":"https:\/\/www.planen-streib.com\/web\/?page_id=1757"},"modified":"2023-11-11T11:20:45","modified_gmt":"2023-11-11T10:20:45","slug":"jumper-aluminium-pritsche","status":"publish","type":"page","link":"https:\/\/www.planen-streib.de\/web\/index.php\/produktportfolio\/transporter-aluminiumpritschen\/jumper-aluminium-pritsche\/","title":{"rendered":"Jumper Aluminium &#8211; Pritsche"},"content":{"rendered":"\t\t<div data-elementor-type=\"wp-page\" data-elementor-id=\"1757\" class=\"elementor elementor-1757\" data-elementor-post-type=\"page\">\n\t\t\t\t\t\t<section class=\"elementor-section elementor-top-section elementor-element elementor-element-370d75c elementor-section-boxed elementor-section-height-default elementor-section-height-default\" data-id=\"370d75c\" data-element_type=\"section\" data-e-type=\"section\">\n\t\t\t\t\t\t<div class=\"elementor-container elementor-column-gap-default\">\n\t\t\t\t\t<div class=\"elementor-column elementor-col-100 elementor-top-column elementor-element elementor-element-cd9689a\" data-id=\"cd9689a\" data-element_type=\"column\" data-e-type=\"column\">\n\t\t\t<div class=\"elementor-widget-wrap elementor-element-populated\">\n\t\t\t\t\t\t<div class=\"elementor-element elementor-element-bd50587 elementor-widget elementor-widget-heading\" data-id=\"bd50587\" data-element_type=\"widget\" data-e-type=\"widget\" data-widget_type=\"heading.default\">\n\t\t\t\t<div class=\"elementor-widget-container\">\n\t\t\t\t\t<h1 class=\"elementor-heading-title elementor-size-xl\">Unsere Aluminium-Pritschen<\/h1>\t\t\t\t<\/div>\n\t\t\t\t<\/div>\n\t\t\t\t\t<\/div>\n\t\t<\/div>\n\t\t\t\t\t<\/div>\n\t\t<\/section>\n\t\t\t\t<section class=\"elementor-section elementor-top-section elementor-element elementor-element-912c66c elementor-section-boxed elementor-section-height-default elementor-section-height-default\" data-id=\"912c66c\" data-element_type=\"section\" data-e-type=\"section\">\n\t\t\t\t\t\t<div class=\"elementor-container elementor-column-gap-default\">\n\t\t\t\t\t<div class=\"elementor-column elementor-col-100 elementor-top-column elementor-element elementor-element-ea089b8\" data-id=\"ea089b8\" data-element_type=\"column\" data-e-type=\"column\">\n\t\t\t<div class=\"elementor-widget-wrap elementor-element-populated\">\n\t\t\t\t\t\t<div class=\"elementor-element elementor-element-2ca8ada elementor-widget elementor-widget-heading\" data-id=\"2ca8ada\" data-element_type=\"widget\" data-e-type=\"widget\" data-widget_type=\"heading.default\">\n\t\t\t\t<div class=\"elementor-widget-container\">\n\t\t\t\t\t<h1 class=\"elementor-heading-title elementor-size-default\">f\u00fcr das Citro\u00ebn Jumper Fahrgestell<\/h1>\t\t\t\t<\/div>\n\t\t\t\t<\/div>\n\t\t\t\t<div class=\"elementor-element elementor-element-2fe8121 elementor-widget elementor-widget-spacer\" data-id=\"2fe8121\" data-element_type=\"widget\" data-e-type=\"widget\" data-widget_type=\"spacer.default\">\n\t\t\t\t<div class=\"elementor-widget-container\">\n\t\t\t\t\t\t\t<div class=\"elementor-spacer\">\n\t\t\t<div class=\"elementor-spacer-inner\"><\/div>\n\t\t<\/div>\n\t\t\t\t\t\t<\/div>\n\t\t\t\t<\/div>\n\t\t\t\t\t<\/div>\n\t\t<\/div>\n\t\t\t\t\t<\/div>\n\t\t<\/section>\n\t\t\t\t<section class=\"elementor-section elementor-top-section elementor-element elementor-element-b6a0935 elementor-section-boxed elementor-section-height-default elementor-section-height-default\" data-id=\"b6a0935\" data-element_type=\"section\" data-e-type=\"section\">\n\t\t\t\t\t\t<div class=\"elementor-container elementor-column-gap-default\">\n\t\t\t\t\t<div class=\"elementor-column elementor-col-50 elementor-top-column elementor-element elementor-element-66d7720\" data-id=\"66d7720\" data-element_type=\"column\" data-e-type=\"column\">\n\t\t\t<div class=\"elementor-widget-wrap elementor-element-populated\">\n\t\t\t\t\t\t<div class=\"elementor-element elementor-element-9b9dea9 elementor-widget elementor-widget-image\" data-id=\"9b9dea9\" data-element_type=\"widget\" data-e-type=\"widget\" data-widget_type=\"image.default\">\n\t\t\t\t<div class=\"elementor-widget-container\">\n\t\t\t\t\t\t\t\t\t\t\t\t\t\t\t\t<a href=\"https:\/\/www.planen-streib.de\/web\/wp-content\/uploads\/2023\/11\/Movano-FG1.jpg\" data-elementor-open-lightbox=\"yes\" data-e-action-hash=\"#elementor-action%3Aaction%3Dlightbox%26settings%3DeyJpZCI6MTg2MywidXJsIjoiaHR0cHM6XC9cL3d3dy5wbGFuZW4tc3RyZWliLmRlXC93ZWJcL3dwLWNvbnRlbnRcL3VwbG9hZHNcLzIwMjNcLzExXC9Nb3Zhbm8tRkcxLmpwZyJ9\">\n\t\t\t\t\t\t\t<img fetchpriority=\"high\" decoding=\"async\" width=\"1024\" height=\"474\" src=\"https:\/\/www.planen-streib.de\/web\/wp-content\/uploads\/2023\/11\/Movano-FG1-1024x474.jpg\" class=\"attachment-large size-large wp-image-1863\" alt=\"\" srcset=\"https:\/\/www.planen-streib.de\/web\/wp-content\/uploads\/2023\/11\/Movano-FG1-1024x474.jpg 1024w, https:\/\/www.planen-streib.de\/web\/wp-content\/uploads\/2023\/11\/Movano-FG1-300x139.jpg 300w, https:\/\/www.planen-streib.de\/web\/wp-content\/uploads\/2023\/11\/Movano-FG1-768x355.jpg 768w, https:\/\/www.planen-streib.de\/web\/wp-content\/uploads\/2023\/11\/Movano-FG1-1536x710.jpg 1536w, https:\/\/www.planen-streib.de\/web\/wp-content\/uploads\/2023\/11\/Movano-FG1-2048x947.jpg 2048w, https:\/\/www.planen-streib.de\/web\/wp-content\/uploads\/2023\/11\/Movano-FG1-600x278.jpg 600w\" sizes=\"(max-width: 1024px) 100vw, 1024px\" \/>\t\t\t\t\t\t\t\t<\/a>\n\t\t\t\t\t\t\t\t\t\t\t\t\t\t\t<\/div>\n\t\t\t\t<\/div>\n\t\t\t\t\t<\/div>\n\t\t<\/div>\n\t\t\t\t<div class=\"elementor-column elementor-col-50 elementor-top-column elementor-element elementor-element-637e133\" data-id=\"637e133\" data-element_type=\"column\" data-e-type=\"column\">\n\t\t\t<div class=\"elementor-widget-wrap elementor-element-populated\">\n\t\t\t\t\t\t<div class=\"elementor-element elementor-element-1c53e1c elementor-widget elementor-widget-image\" data-id=\"1c53e1c\" data-element_type=\"widget\" data-e-type=\"widget\" data-widget_type=\"image.default\">\n\t\t\t\t<div class=\"elementor-widget-container\">\n\t\t\t\t\t\t\t\t\t\t\t\t\t\t\t\t<a href=\"https:\/\/www.planen-streib.de\/web\/wp-content\/uploads\/2023\/11\/Movano-FG-2.jpg\" data-elementor-open-lightbox=\"yes\" data-e-action-hash=\"#elementor-action%3Aaction%3Dlightbox%26settings%3DeyJpZCI6MTg2MiwidXJsIjoiaHR0cHM6XC9cL3d3dy5wbGFuZW4tc3RyZWliLmRlXC93ZWJcL3dwLWNvbnRlbnRcL3VwbG9hZHNcLzIwMjNcLzExXC9Nb3Zhbm8tRkctMi5qcGcifQ%3D%3D\">\n\t\t\t\t\t\t\t<img decoding=\"async\" width=\"1024\" height=\"474\" src=\"https:\/\/www.planen-streib.de\/web\/wp-content\/uploads\/2023\/11\/Movano-FG-2-1024x474.jpg\" class=\"attachment-large size-large wp-image-1862\" alt=\"\" srcset=\"https:\/\/www.planen-streib.de\/web\/wp-content\/uploads\/2023\/11\/Movano-FG-2-1024x474.jpg 1024w, https:\/\/www.planen-streib.de\/web\/wp-content\/uploads\/2023\/11\/Movano-FG-2-300x139.jpg 300w, https:\/\/www.planen-streib.de\/web\/wp-content\/uploads\/2023\/11\/Movano-FG-2-768x355.jpg 768w, https:\/\/www.planen-streib.de\/web\/wp-content\/uploads\/2023\/11\/Movano-FG-2-1536x710.jpg 1536w, https:\/\/www.planen-streib.de\/web\/wp-content\/uploads\/2023\/11\/Movano-FG-2-2048x947.jpg 2048w, https:\/\/www.planen-streib.de\/web\/wp-content\/uploads\/2023\/11\/Movano-FG-2-600x278.jpg 600w\" sizes=\"(max-width: 1024px) 100vw, 1024px\" \/>\t\t\t\t\t\t\t\t<\/a>\n\t\t\t\t\t\t\t\t\t\t\t\t\t\t\t<\/div>\n\t\t\t\t<\/div>\n\t\t\t\t\t<\/div>\n\t\t<\/div>\n\t\t\t\t\t<\/div>\n\t\t<\/section>\n\t\t\t\t<section class=\"elementor-section elementor-top-section elementor-element elementor-element-b66eb72 elementor-section-boxed elementor-section-height-default elementor-section-height-default\" data-id=\"b66eb72\" data-element_type=\"section\" data-e-type=\"section\">\n\t\t\t\t\t\t<div class=\"elementor-container elementor-column-gap-default\">\n\t\t\t\t\t<div class=\"elementor-column elementor-col-50 elementor-top-column elementor-element elementor-element-d36b393\" data-id=\"d36b393\" data-element_type=\"column\" data-e-type=\"column\">\n\t\t\t<div class=\"elementor-widget-wrap elementor-element-populated\">\n\t\t\t\t\t\t<div class=\"elementor-element elementor-element-10fe04e elementor-widget__width-initial elementor-widget elementor-widget-text-editor\" data-id=\"10fe04e\" data-element_type=\"widget\" data-e-type=\"widget\" data-widget_type=\"text-editor.default\">\n\t\t\t\t<div class=\"elementor-widget-container\">\n\t\t\t\t\t\t\t\t\t<h1><span style=\"color: #808080;\">Erh\u00e4ltlich in folgenden Varianten:<\/span><\/h1><ul><li><h3><span style=\"color: #808080;\">Aluminium-Pritsche mit Bordw\u00e4nden<\/span><\/h3><\/li><\/ul><p>Die klassiche Pritsche mit 400 mm hohen Bordw\u00e4nden, serienm\u00e4\u00dfig mit Leitertr\u00e4ger \/ Kabinenschutz. Unsere leichteste Pritsche. Die Pritsche besteht komplett aus Aluminium (auch Hilfsrahmen, Quertr\u00e4ger und Au\u00dfenrahmen) mit einem 15 mm starken Holzboden aus Siebdruckplatten. Ebenfalls serienm\u00e4\u00dfig verbaut werden stabile Eckrungen, welche die ideale Basis f\u00fcr die Aufnahme eines Planengestells darstellen. Ausf\u00fchrung am Heck mit normaler Plane, Plane mit automatischer Aufrollfunktion oder einer Ladebordwand (Fabrikat B\u00c4R oder Dautel) mit 750 kg Traglast.<\/p><ul><li>W\u00e4hlen Sie aus verschiedenen Innenl\u00e4ngen von 2360 bis 4160 mm.<\/li><li>W\u00e4hlen Sie aus verschiedenen Innenbreiten von 2020 bis 2220 mm<\/li><\/ul><ul><li><h3><span style=\"color: #808080;\">Aluminium-Curtainsider Pritschenaufbau<\/span><\/h3><\/li><\/ul><p>Die Pritsche ohne seitliche Bordw\u00e4nde, serienm\u00e4\u00dfig mit geschlossener Alu-Stirnwanderh\u00f6hung. Die Pritsche besteht komplett aus Aluminium (auch Hilfsrahmen, Quertr\u00e4ger und Au\u00dfenrahmen) mit einem 18 mm starken Holzboden aus Siebdruckplatten. Ausf\u00fchrung am Heck mit normaler Plane, Plane mit automatischer Aufrollfunktion, Portalt\u00fcren oder einer Ladebordwand (Fabrikat B\u00c4R oder Dautel) mit 750 kg Traglast. Planenbefestigung unten waagrecht mit Direktspanner oder \u00dcbertotpunktspanner, vorn und hinten senkrecht mit Einhakprofil\/Spannprofil und Spannratsche.<\/p><ul><li>W\u00e4hlen Sie aus verschiedenen Innenl\u00e4ngen von 2400 bis 4160 mm.<\/li><li>W\u00e4hlen Sie aus verschiedenen Innenbreiten von 2030 bis 2280 mm.<\/li><\/ul><h3><span style=\"color: #808080;\"><span style=\"color: #0000ff;\"><a style=\"color: #0000ff;\" href=\"https:\/\/www.planen-streib.de\/web\/index.php\/sonderausstattungen\/\" target=\"_blank\" rel=\"noopener\">Sonderausstattung \/ Zubeh\u00f6r:<\/a>\u00a0<\/span><\/span><\/h3><ul><li>Planenaufbau<\/li><li>Kunststoff-Staukasten unter der Pritsche (abschlie\u00dfbar)<\/li><li>R\u00fcckfahrkamera oben am Aufbau oder unter der Pritsche<\/li><li>LED-Arbeitsscheinwerfer \/ LED-Ladefl\u00e4chenbeleuchtung<\/li><li>LED-Rundumkennleuchte auf dem Aufbau oder Fahrerkabine<\/li><li>Werkzeug- und Ger\u00e4tekasten hinter der Fahrerkabine<\/li><\/ul>\t\t\t\t\t\t\t\t<\/div>\n\t\t\t\t<\/div>\n\t\t\t\t\t<\/div>\n\t\t<\/div>\n\t\t\t\t<div class=\"elementor-column elementor-col-50 elementor-top-column elementor-element elementor-element-f395066\" data-id=\"f395066\" data-element_type=\"column\" data-e-type=\"column\">\n\t\t\t<div class=\"elementor-widget-wrap elementor-element-populated\">\n\t\t\t\t\t\t<div class=\"elementor-element elementor-element-4c22b15 elementor-widget__width-initial elementor-widget elementor-widget-image\" data-id=\"4c22b15\" data-element_type=\"widget\" data-e-type=\"widget\" data-widget_type=\"image.default\">\n\t\t\t\t<div class=\"elementor-widget-container\">\n\t\t\t\t\t\t\t\t\t\t\t\t\t\t\t\t<a href=\"https:\/\/www.planen-streib.de\/web\/wp-content\/uploads\/2023\/11\/Stellantis.png\" data-elementor-open-lightbox=\"yes\" data-e-action-hash=\"#elementor-action%3Aaction%3Dlightbox%26settings%3DeyJpZCI6MTQ5MywidXJsIjoiaHR0cHM6XC9cL3d3dy5wbGFuZW4tc3RyZWliLmRlXC93ZWJcL3dwLWNvbnRlbnRcL3VwbG9hZHNcLzIwMjNcLzExXC9TdGVsbGFudGlzLnBuZyJ9\">\n\t\t\t\t\t\t\t<img decoding=\"async\" width=\"681\" height=\"873\" src=\"https:\/\/www.planen-streib.de\/web\/wp-content\/uploads\/2023\/11\/Stellantis.png\" class=\"attachment-medium_large size-medium_large wp-image-1493\" alt=\"\" srcset=\"https:\/\/www.planen-streib.de\/web\/wp-content\/uploads\/2023\/11\/Stellantis.png 681w, https:\/\/www.planen-streib.de\/web\/wp-content\/uploads\/2023\/11\/Stellantis-234x300.png 234w, https:\/\/www.planen-streib.de\/web\/wp-content\/uploads\/2023\/11\/Stellantis-600x769.png 600w\" sizes=\"(max-width: 681px) 100vw, 681px\" \/>\t\t\t\t\t\t\t\t<\/a>\n\t\t\t\t\t\t\t\t\t\t\t\t\t\t\t<\/div>\n\t\t\t\t<\/div>\n\t\t\t\t<section class=\"elementor-section elementor-inner-section elementor-element elementor-element-0918db6 elementor-section-boxed elementor-section-height-default elementor-section-height-default\" data-id=\"0918db6\" data-element_type=\"section\" data-e-type=\"section\">\n\t\t\t\t\t\t<div class=\"elementor-container elementor-column-gap-default\">\n\t\t\t\t\t<div class=\"elementor-column elementor-col-100 elementor-inner-column elementor-element elementor-element-d3cc892\" data-id=\"d3cc892\" data-element_type=\"column\" data-e-type=\"column\">\n\t\t\t<div class=\"elementor-widget-wrap elementor-element-populated\">\n\t\t\t\t\t\t<div class=\"elementor-element elementor-element-01f59bb elementor-align-center elementor-widget elementor-widget-button\" data-id=\"01f59bb\" data-element_type=\"widget\" data-e-type=\"widget\" data-widget_type=\"button.default\">\n\t\t\t\t<div class=\"elementor-widget-container\">\n\t\t\t\t\t\t\t\t\t<div class=\"elementor-button-wrapper\">\n\t\t\t\t\t<a class=\"elementor-button elementor-button-link elementor-size-xl\" href=\"https:\/\/forms.office.com\/Pages\/ResponsePage.aspx?id=EvmW_6ncE0uNigNdFkfWMTjnFHk5gYZBmylnARM2Zl9URUhRTDdHRTA5VERJWU5SV1BBMEU0NEpVMS4u\">\n\t\t\t\t\t\t<span class=\"elementor-button-content-wrapper\">\n\t\t\t\t\t\t\t\t\t<span class=\"elementor-button-text\">Anfrageformular Aluminium-Pritsche mit Bordw\u00e4nden<\/span>\n\t\t\t\t\t<\/span>\n\t\t\t\t\t<\/a>\n\t\t\t\t<\/div>\n\t\t\t\t\t\t\t\t<\/div>\n\t\t\t\t<\/div>\n\t\t\t\t\t<\/div>\n\t\t<\/div>\n\t\t\t\t\t<\/div>\n\t\t<\/section>\n\t\t\t\t\t<\/div>\n\t\t<\/div>\n\t\t\t\t\t<\/div>\n\t\t<\/section>\n\t\t\t\t<\/div>\n\t\t","protected":false},"excerpt":{"rendered":"<p>Unsere Aluminium-Pritschen f\u00fcr das Citro\u00ebn Jumper Fahrgestell Erh\u00e4ltlich in folgenden Varianten: Aluminium-Pritsche mit Bordw\u00e4nden Die klassiche Pritsche mit 400 mm hohen Bordw\u00e4nden, serienm\u00e4\u00dfig mit Leitertr\u00e4ger \/ Kabinenschutz. Unsere leichteste Pritsche. Die Pritsche besteht komplett aus Aluminium (auch Hilfsrahmen, Quertr\u00e4ger und Au\u00dfenrahmen) mit einem 15 mm starken Holzboden aus Siebdruckplatten. Ebenfalls serienm\u00e4\u00dfig verbaut werden stabile Eckrungen, [&hellip;]<\/p>\n","protected":false},"author":1,"featured_media":0,"parent":1735,"menu_order":0,"comment_status":"closed","ping_status":"closed","template":"elementor_header_footer","meta":{"footnotes":""},"class_list":["post-1757","page","type-page","status-publish","hentry","entry","owp-thumbs-layout-horizontal","owp-btn-normal","owp-tabs-layout-horizontal","has-no-thumbnails","has-product-nav"],"_links":{"self":[{"href":"https:\/\/www.planen-streib.de\/web\/index.php\/wp-json\/wp\/v2\/pages\/1757","targetHints":{"allow":["GET"]}}],"collection":[{"href":"https:\/\/www.planen-streib.de\/web\/index.php\/wp-json\/wp\/v2\/pages"}],"about":[{"href":"https:\/\/www.planen-streib.de\/web\/index.php\/wp-json\/wp\/v2\/types\/page"}],"author":[{"embeddable":true,"href":"https:\/\/www.planen-streib.de\/web\/index.php\/wp-json\/wp\/v2\/users\/1"}],"replies":[{"embeddable":true,"href":"https:\/\/www.planen-streib.de\/web\/index.php\/wp-json\/wp\/v2\/comments?post=1757"}],"version-history":[{"count":13,"href":"https:\/\/www.planen-streib.de\/web\/index.php\/wp-json\/wp\/v2\/pages\/1757\/revisions"}],"predecessor-version":[{"id":3311,"href":"https:\/\/www.planen-streib.de\/web\/index.php\/wp-json\/wp\/v2\/pages\/1757\/revisions\/3311"}],"up":[{"embeddable":true,"href":"https:\/\/www.planen-streib.de\/web\/index.php\/wp-json\/wp\/v2\/pages\/1735"}],"wp:attachment":[{"href":"https:\/\/www.planen-streib.de\/web\/index.php\/wp-json\/wp\/v2\/media?parent=1757"}],"curies":[{"name":"wp","href":"https:\/\/api.w.org\/{rel}","templated":true}]}}